{"id":7866,"date":"2026-01-28T09:11:53","date_gmt":"2026-01-28T07:11:53","guid":{"rendered":"https:\/\/adriatik-kamp.com\/standard-sea-view-pitches\/"},"modified":"2026-01-28T09:20:59","modified_gmt":"2026-01-28T07:20:59","slug":"standard-stellplaetze-mit-meerblick","status":"publish","type":"page","link":"https:\/\/adriatik-kamp.com\/de\/standard-stellplaetze-mit-meerblick\/","title":{"rendered":"Standard Stellpl\u00e4tze mit Meerblick"},"content":{"rendered":"<div class=\"wpb-content-wrapper\"><p>[vc_row][vc_column width=&#8220;1\/2&#8243;][vc_custom_heading uncode_shortcode_id=&#8220;153919&#8243;]<\/p>\n<h1>Standard Stellpl\u00e4tze mit Meerblick<\/h1>\n<p>[\/vc_custom_heading][vc_column_text uncode_shortcode_id=&#8220;962153&#8243;]Im zentralen Bereich des Campingplatzes gelegen, sind unsere <strong>Standard Stellpl\u00e4tze<\/strong> ideal f\u00fcr alle, die ein praktisches und komfortables Camping-Erlebnis suchen.<br \/>\nMit einer Gr\u00f6\u00dfe von <strong>40 bis 100 m\u00b2<\/strong> eignen sie sich besonders gut f\u00fcr Zelte, kleine Wohnwagen oder Campervans.<br \/>\nAlle Stellpl\u00e4tze verf\u00fcgen \u00fcber <strong>Stromanschluss und WLAN<\/strong>, sodass ein unbeschwerter Aufenthalt garantiert ist.<br \/>\nEin <strong>Hundestrand<\/strong> befindet sich in unmittelbarer N\u00e4he, was diese Stellpl\u00e4tze auch f\u00fcr Tierbesitzer zur idealen Wahl macht.[\/vc_column_text][vc_single_image media=&#8220;7833&#8243; media_width_percent=&#8220;100&#8243; uncode_shortcode_id=&#8220;116888&#8243;][\/vc_column][vc_column width=&#8220;1\/2&#8243;][vc_gallery el_id=&#8220;gallery-731742&#8243; medias=&#8220;7819,7826,7840,7854,7847&#8243; gutter_size=&#8220;3&#8243; single_overlay_opacity=&#8220;50&#8243; single_padding=&#8220;2&#8243; uncode_shortcode_id=&#8220;184846&#8243; title=&#8220;Mobilne ku\u0107ice s pogledom na kamp&#8220;][\/vc_column][\/vc_row]<\/p>\n<\/div>","protected":false},"excerpt":{"rendered":"<p>[vc_row][vc_column width=&#8220;1\/2&#8243;][vc_custom_heading uncode_shortcode_id=&#8220;153919&#8243;] Standard Stellpl\u00e4tze mit Meerblick [\/vc_custom_heading][vc_column_text uncode_shortcode_id=&#8220;962153&#8243;]Im zentralen Bereich des Campingplatzes gelegen, sind unsere Standard Stellpl\u00e4tze ideal f\u00fcr [&hellip;]<\/p>\n","protected":false},"author":6,"featured_media":0,"parent":0,"menu_order":0,"comment_status":"closed","ping_status":"closed","template":"","meta":{"footnotes":""},"class_list":["post-7866","page","type-page","status-publish","hentry"],"_links":{"self":[{"href":"https:\/\/adriatik-kamp.com\/de\/wp-json\/wp\/v2\/pages\/7866","targetHints":{"allow":["GET"]}}],"collection":[{"href":"https:\/\/adriatik-kamp.com\/de\/wp-json\/wp\/v2\/pages"}],"about":[{"href":"https:\/\/adriatik-kamp.com\/de\/wp-json\/wp\/v2\/types\/page"}],"author":[{"embeddable":true,"href":"https:\/\/adriatik-kamp.com\/de\/wp-json\/wp\/v2\/users\/6"}],"replies":[{"embeddable":true,"href":"https:\/\/adriatik-kamp.com\/de\/wp-json\/wp\/v2\/comments?post=7866"}],"version-history":[{"count":3,"href":"https:\/\/adriatik-kamp.com\/de\/wp-json\/wp\/v2\/pages\/7866\/revisions"}],"predecessor-version":[{"id":7869,"href":"https:\/\/adriatik-kamp.com\/de\/wp-json\/wp\/v2\/pages\/7866\/revisions\/7869"}],"wp:attachment":[{"href":"https:\/\/adriatik-kamp.com\/de\/wp-json\/wp\/v2\/media?parent=7866"}],"curies":[{"name":"wp","href":"https:\/\/api.w.org\/{rel}","templated":true}]}}