{"id":7800,"date":"2026-01-28T08:58:10","date_gmt":"2026-01-28T06:58:10","guid":{"rendered":"https:\/\/adriatik-kamp.com\/deluxe-pitches\/"},"modified":"2026-01-28T09:04:45","modified_gmt":"2026-01-28T07:04:45","slug":"deluxe-stellplaetze","status":"publish","type":"page","link":"https:\/\/adriatik-kamp.com\/de\/deluxe-stellplaetze\/","title":{"rendered":"Deluxe Stellpl\u00e4tze"},"content":{"rendered":"<div class=\"wpb-content-wrapper\"><p>[vc_row][vc_column width=&#8220;1\/2&#8243;][vc_custom_heading uncode_shortcode_id=&#8220;162603&#8243;]<\/p>\n<h1>Deluxe Stellpl\u00e4tze<\/h1>\n<p>[\/vc_custom_heading][vc_column_text uncode_shortcode_id=&#8220;181537&#8243;]Unsere <strong>Deluxe Stellpl\u00e4tze<\/strong> befinden sich im zentralen Bereich des Campingplatzes und bieten die perfekte Kombination aus Ruhe, Privatsph\u00e4re und naturnahem Ambiente.<br \/>\nUmgeben von Gr\u00fcnfl\u00e4chen und teilweise Schatten, verf\u00fcgen die Stellpl\u00e4tze \u00fcber eine Fl\u00e4che von <strong>50 bis 120 m\u00b2<\/strong> und bieten eine komfortable und entspannende Umgebung f\u00fcr G\u00e4ste, die die N\u00e4he zur Natur sch\u00e4tzen.<br \/>\nJeder Stellplatz ist mit <strong>Strom, Wasser und WLAN<\/strong> ausgestattet, was einen angenehmen und sorgenfreien Aufenthalt garantiert \u2013 ideal f\u00fcr Familien, Paare und Naturliebhaber.[\/vc_column_text][vc_single_image media=&#8220;7754&#8243; media_width_percent=&#8220;100&#8243; uncode_shortcode_id=&#8220;435496&#8243;][\/vc_column][vc_column width=&#8220;1\/2&#8243;][vc_gallery el_id=&#8220;gallery-731742&#8243; medias=&#8220;7747,7761,7768,7775,7782,7789&#8243; gutter_size=&#8220;3&#8243; single_overlay_opacity=&#8220;50&#8243; single_padding=&#8220;2&#8243; uncode_shortcode_id=&#8220;207956&#8243; title=&#8220;Mobilne ku\u0107ice s pogledom na kamp&#8220;][\/vc_column][\/vc_row]<\/p>\n<\/div>","protected":false},"excerpt":{"rendered":"<p>[vc_row][vc_column width=&#8220;1\/2&#8243;][vc_custom_heading uncode_shortcode_id=&#8220;162603&#8243;] Deluxe Stellpl\u00e4tze [\/vc_custom_heading][vc_column_text uncode_shortcode_id=&#8220;181537&#8243;]Unsere Deluxe Stellpl\u00e4tze befinden sich im zentralen Bereich des Campingplatzes und bieten die perfekte [&hellip;]<\/p>\n","protected":false},"author":6,"featured_media":0,"parent":0,"menu_order":0,"comment_status":"closed","ping_status":"closed","template":"","meta":{"footnotes":""},"class_list":["post-7800","page","type-page","status-publish","hentry"],"_links":{"self":[{"href":"https:\/\/adriatik-kamp.com\/de\/wp-json\/wp\/v2\/pages\/7800","targetHints":{"allow":["GET"]}}],"collection":[{"href":"https:\/\/adriatik-kamp.com\/de\/wp-json\/wp\/v2\/pages"}],"about":[{"href":"https:\/\/adriatik-kamp.com\/de\/wp-json\/wp\/v2\/types\/page"}],"author":[{"embeddable":true,"href":"https:\/\/adriatik-kamp.com\/de\/wp-json\/wp\/v2\/users\/6"}],"replies":[{"embeddable":true,"href":"https:\/\/adriatik-kamp.com\/de\/wp-json\/wp\/v2\/comments?post=7800"}],"version-history":[{"count":2,"href":"https:\/\/adriatik-kamp.com\/de\/wp-json\/wp\/v2\/pages\/7800\/revisions"}],"predecessor-version":[{"id":7802,"href":"https:\/\/adriatik-kamp.com\/de\/wp-json\/wp\/v2\/pages\/7800\/revisions\/7802"}],"wp:attachment":[{"href":"https:\/\/adriatik-kamp.com\/de\/wp-json\/wp\/v2\/media?parent=7800"}],"curies":[{"name":"wp","href":"https:\/\/api.w.org\/{rel}","templated":true}]}}