{"id":7725,"date":"2026-01-28T08:41:47","date_gmt":"2026-01-28T06:41:47","guid":{"rendered":"https:\/\/adriatik-kamp.com\/premium-seafront-pitches\/"},"modified":"2026-01-28T08:50:07","modified_gmt":"2026-01-28T06:50:07","slug":"premium-seafront-stellplaetze","status":"publish","type":"page","link":"https:\/\/adriatik-kamp.com\/de\/premium-seafront-stellplaetze\/","title":{"rendered":"Premium Seafront Stellpl\u00e4tze"},"content":{"rendered":"<div class=\"wpb-content-wrapper\"><p>[vc_row][vc_column width=&#8220;1\/2&#8243;][vc_custom_heading uncode_shortcode_id=&#8220;192902&#8243;]<\/p>\n<h1><strong>Premium Seafront Stellpl\u00e4tze<\/strong><\/h1>\n<p>[\/vc_custom_heading][vc_column_text uncode_shortcode_id=&#8220;287653&#8243;]Unsere <strong>Premium Seafront Stellpl\u00e4tze<\/strong> befinden sich in der 1., 2., 3. und 4. Reihe zum Meer und bieten die perfekte Kombination aus Privatsph\u00e4re, Ruhe und Strandn\u00e4he.<br \/>\nUmgeben von Kiefern bieten sie teilweise Schatten und nat\u00fcrlichen Sonnenschutz \u2013 ideal f\u00fcr entspannte Stunden im Freien.<br \/>\nDie terrassenf\u00f6rmig angelegten Stellpl\u00e4tze mit einer Fl\u00e4che von <strong>60 bis 120 m\u00b2<\/strong> sind teils sonnig und mit <strong>Strom, Wasser und WLAN<\/strong> ausgestattet, sodass ein komfortabler und sorgenfreier Aufenthalt garantiert ist.<br \/>\nPerfekt f\u00fcr Naturliebhaber, Familien und Paare, die einen ruhigen und erholsamen Urlaub am Meer in authentischem mediterranem Ambiente suchen.[\/vc_column_text][vc_single_image media=&#8220;7694&#8243; media_width_percent=&#8220;100&#8243; uncode_shortcode_id=&#8220;828577&#8243;][\/vc_column][vc_column width=&#8220;1\/2&#8243;][vc_gallery el_id=&#8220;gallery-731742&#8243; medias=&#8220;7680,7687,7701,7708,7715&#8243; gutter_size=&#8220;3&#8243; single_overlay_opacity=&#8220;50&#8243; single_padding=&#8220;2&#8243; uncode_shortcode_id=&#8220;183552&#8243; title=&#8220;Mobilne ku\u0107ice s pogledom na kamp&#8220;][\/vc_column][\/vc_row]<\/p>\n<\/div>","protected":false},"excerpt":{"rendered":"<p>[vc_row][vc_column width=&#8220;1\/2&#8243;][vc_custom_heading uncode_shortcode_id=&#8220;192902&#8243;] Premium Seafront Stellpl\u00e4tze [\/vc_custom_heading][vc_column_text uncode_shortcode_id=&#8220;287653&#8243;]Unsere Premium Seafront Stellpl\u00e4tze befinden sich in der 1., 2., 3. und 4. [&hellip;]<\/p>\n","protected":false},"author":6,"featured_media":0,"parent":0,"menu_order":0,"comment_status":"closed","ping_status":"closed","template":"","meta":{"footnotes":""},"class_list":["post-7725","page","type-page","status-publish","hentry"],"_links":{"self":[{"href":"https:\/\/adriatik-kamp.com\/de\/wp-json\/wp\/v2\/pages\/7725","targetHints":{"allow":["GET"]}}],"collection":[{"href":"https:\/\/adriatik-kamp.com\/de\/wp-json\/wp\/v2\/pages"}],"about":[{"href":"https:\/\/adriatik-kamp.com\/de\/wp-json\/wp\/v2\/types\/page"}],"author":[{"embeddable":true,"href":"https:\/\/adriatik-kamp.com\/de\/wp-json\/wp\/v2\/users\/6"}],"replies":[{"embeddable":true,"href":"https:\/\/adriatik-kamp.com\/de\/wp-json\/wp\/v2\/comments?post=7725"}],"version-history":[{"count":3,"href":"https:\/\/adriatik-kamp.com\/de\/wp-json\/wp\/v2\/pages\/7725\/revisions"}],"predecessor-version":[{"id":7728,"href":"https:\/\/adriatik-kamp.com\/de\/wp-json\/wp\/v2\/pages\/7725\/revisions\/7728"}],"wp:attachment":[{"href":"https:\/\/adriatik-kamp.com\/de\/wp-json\/wp\/v2\/media?parent=7725"}],"curies":[{"name":"wp","href":"https:\/\/api.w.org\/{rel}","templated":true}]}}