{"id":7656,"date":"2026-01-28T07:45:53","date_gmt":"2026-01-28T05:45:53","guid":{"rendered":"https:\/\/adriatik-kamp.com\/cliff-mobile-home-with-sea-view-21\/"},"modified":"2026-03-18T12:56:49","modified_gmt":"2026-03-18T10:56:49","slug":"cliff-mobilheime-mit-meerblick-21","status":"publish","type":"page","link":"https:\/\/adriatik-kamp.com\/de\/cliff-mobilheime-mit-meerblick-21\/","title":{"rendered":"Cliff-Mobilheime mit Meerblick (2+1)"},"content":{"rendered":"<div class=\"wpb-content-wrapper\"><p>[vc_row][vc_column width=&#8220;1\/2&#8243;][vc_custom_heading uncode_shortcode_id=&#8220;132043&#8243;]<\/p>\n<h1><strong>Cliff-Mobilheime mit Meerblick (2+1)<\/strong><\/h1>\n<p>[\/vc_custom_heading][vc_column_text uncode_shortcode_id=&#8220;165060&#8243;]Mit <strong>19 m\u00b2 komfortablem Raum<\/strong> sind diese Mobilheime ideal f\u00fcr Paare oder kleine Familien, die einen entspannenden und intimen Urlaub suchen.<br \/>\nGenie\u00dfen Sie die perfekte Balance zwischen Privatsph\u00e4re und Natur, mit dem beruhigenden Ger\u00e4usch der Wellen und dem frischen Duft der Kiefern.<br \/>\nAuf der <strong>linken Seite des Campingplatzes<\/strong> gelegen, ist jede Einheit klimatisiert und komplett ausgestattet f\u00fcr einen unbeschwerten Aufenthalt von bis zu <strong>3 Personen (2+1)<\/strong>.[\/vc_column_text][vc_column_text uncode_shortcode_id=&#8220;841479&#8243;]<strong>Das Mobilheim verf\u00fcgt \u00fcber:<\/strong>[\/vc_column_text][uncode_list icon=&#8220;fa fa-check&#8220; uncode_shortcode_id=&#8220;330363&#8243;]<\/p>\n<ul>\n<li>Doppelzimmer mit Bett (160 x 200 cm)<\/li>\n<li>Badezimmer mit Dusche-Badewannen-Kombination und WC<\/li>\n<li>Ecksofa, das in ein zus\u00e4tzliches Bett umgewandelt werden kann (80 x 198 cm)<\/li>\n<li>Esstisch mit St\u00fchlen<\/li>\n<li>Voll ausgestattete K\u00fcche: Elektroherd, Geschirrsp\u00fcler, K\u00fchlschrank mit Gefrierfach, Filterkaffeemaschine, Wasserkocher, Koch- und Essgeschirr<\/li>\n<li>Klimaanlage, SAT-TV, WLAN<\/li>\n<li>Bettw\u00e4sche (w\u00f6chentlicher Wechsel) und Handt\u00fccher (aller 3 Tage gewechselt)<\/li>\n<li>Terrasse (16 m\u00b2) mit \u00dcberdachung, Sitzgarnitur und zwei Sonnenliegen<\/li>\n<li>W\u00e4schest\u00e4nder<\/li>\n<li>Haartrockner, Toilettenartikel, 220V-Steckdosen<\/li>\n<li>Privatparkplatz direkt neben dem Mobilheim<\/li>\n<\/ul>\n<p>[\/uncode_list][\/vc_column][vc_column width=&#8220;1\/2&#8243;][vc_gallery el_id=&#8220;gallery-731742&#8243; medias=&#8220;7610,7617,7624,7631,7645,7638&#8243; gutter_size=&#8220;3&#8243; single_overlay_opacity=&#8220;50&#8243; single_padding=&#8220;2&#8243; uncode_shortcode_id=&#8220;191575&#8243; title=&#8220;Mobilne ku\u0107ice s pogledom na kamp&#8220;][\/vc_column][\/vc_row]<\/p>\n<\/div>","protected":false},"excerpt":{"rendered":"<p>[vc_row][vc_column width=&#8220;1\/2&#8243;][vc_custom_heading uncode_shortcode_id=&#8220;132043&#8243;] Cliff-Mobilheime mit Meerblick (2+1) [\/vc_custom_heading][vc_column_text uncode_shortcode_id=&#8220;165060&#8243;]Mit 19 m\u00b2 komfortablem Raum sind diese Mobilheime ideal f\u00fcr Paare oder [&hellip;]<\/p>\n","protected":false},"author":6,"featured_media":0,"parent":0,"menu_order":0,"comment_status":"closed","ping_status":"closed","template":"","meta":{"footnotes":""},"class_list":["post-7656","page","type-page","status-publish","hentry"],"_links":{"self":[{"href":"https:\/\/adriatik-kamp.com\/de\/wp-json\/wp\/v2\/pages\/7656","targetHints":{"allow":["GET"]}}],"collection":[{"href":"https:\/\/adriatik-kamp.com\/de\/wp-json\/wp\/v2\/pages"}],"about":[{"href":"https:\/\/adriatik-kamp.com\/de\/wp-json\/wp\/v2\/types\/page"}],"author":[{"embeddable":true,"href":"https:\/\/adriatik-kamp.com\/de\/wp-json\/wp\/v2\/users\/6"}],"replies":[{"embeddable":true,"href":"https:\/\/adriatik-kamp.com\/de\/wp-json\/wp\/v2\/comments?post=7656"}],"version-history":[{"count":5,"href":"https:\/\/adriatik-kamp.com\/de\/wp-json\/wp\/v2\/pages\/7656\/revisions"}],"predecessor-version":[{"id":9688,"href":"https:\/\/adriatik-kamp.com\/de\/wp-json\/wp\/v2\/pages\/7656\/revisions\/9688"}],"wp:attachment":[{"href":"https:\/\/adriatik-kamp.com\/de\/wp-json\/wp\/v2\/media?parent=7656"}],"curies":[{"name":"wp","href":"https:\/\/api.w.org\/{rel}","templated":true}]}}