{"id":7585,"date":"2026-01-27T22:15:28","date_gmt":"2026-01-27T20:15:28","guid":{"rendered":"https:\/\/adriatik-kamp.com\/mobile-homes-seaside\/"},"modified":"2026-03-18T12:54:07","modified_gmt":"2026-03-18T10:54:07","slug":"mobile-homes-seaside","status":"publish","type":"page","link":"https:\/\/adriatik-kamp.com\/de\/mobile-homes-seaside\/","title":{"rendered":"Mobile Homes Seaside"},"content":{"rendered":"<div class=\"wpb-content-wrapper\"><p>[vc_row][vc_column width=&#8220;1\/2&#8243;][vc_custom_heading uncode_shortcode_id=&#8220;139618&#8243;]<\/p>\n<h1><strong>Mobile Homes Seaside<\/strong><\/h1>\n<p>[\/vc_custom_heading][vc_column_text uncode_shortcode_id=&#8220;107846&#8243;]Diese charmanten <strong>Cliff-Mobilheime<\/strong> bieten die perfekte Unterkunft f\u00fcr alle, die Ruhe, Privatsph\u00e4re und Naturverbundenheit suchen.<br \/>\nAuf den Felsen gelegen und von einem ruhigen Kiefernwald umgeben, bieten sie einen atemberaubenden <strong>Blick auf den Campingplatz und die Umgebung<\/strong> sowie ein entspannendes mediterranes Ambiente.<br \/>\nJedes Mobilheim (38 m\u00b2) ist klimatisiert und komplett ausgestattet f\u00fcr einen unbeschwerten Urlaub von bis zu <strong>6 Personen (4+2)<\/strong>.<br \/>\nSie befinden sich auf der <strong>linken Seite des Campingplatzes<\/strong>.[\/vc_column_text][vc_column_text uncode_shortcode_id=&#8220;207019&#8243;]<strong>Das Mobilheim verf\u00fcgt \u00fcber:<\/strong>[\/vc_column_text][uncode_list icon=&#8220;fa fa-check&#8220; uncode_shortcode_id=&#8220;180177&#8243;]<\/p>\n<ul>\n<li>Zwei Schlafzimmer \u2013 Hauptschlafzimmer mit Doppelbett (160 x 200 cm) und ein Schlafzimmer mit zwei Einzelbetten (84 x 200 cm)<\/li>\n<li>Zwei Badezimmer mit Dusche-Badewannen-Kombination und WC<\/li>\n<li>Wohnzimmer mit Ecksofa, das in ein zus\u00e4tzliches Bett umgewandelt werden kann (140 x 190 cm)<\/li>\n<li>Esstisch mit 4 St\u00fchlen<\/li>\n<li>Voll ausgestattete K\u00fcche: Elektroherd, Geschirrsp\u00fcler, K\u00fchlschrank mit Gefrierfach, Filterkaffeemaschine, Wasserkocher, Koch- und Essgeschirr<\/li>\n<li>Klimaanlage, SAT-TV, WLAN<\/li>\n<li>Bettw\u00e4sche (w\u00f6chentlicher Wechsel) und Handt\u00fccher (alle 3 Tage)<\/li>\n<li>Terrasse (26 m\u00b2) mit \u00dcberdachung, Sitzgarnitur und zwei Sonnenliegen<\/li>\n<li>W\u00e4schest\u00e4nder<\/li>\n<li>Haartrockner, Toilettenartikel, 220V-Steckdosen<\/li>\n<li>Privatparkplatz direkt neben dem Mobilheim<\/li>\n<\/ul>\n<p>[\/uncode_list][vc_single_image media=&#8220;7567&#8243; media_width_percent=&#8220;100&#8243; uncode_shortcode_id=&#8220;216738&#8243;][\/vc_column][vc_column width=&#8220;1\/2&#8243;][vc_gallery el_id=&#8220;gallery-731742&#8243; medias=&#8220;7525,7532,7546,7553,7560,7574,7539&#8243; gutter_size=&#8220;3&#8243; single_overlay_opacity=&#8220;50&#8243; single_padding=&#8220;2&#8243; uncode_shortcode_id=&#8220;168260&#8243; title=&#8220;Mobilne ku\u0107ice s pogledom na kamp&#8220;][\/vc_column][\/vc_row]<\/p>\n<\/div>","protected":false},"excerpt":{"rendered":"<p>[vc_row][vc_column width=&#8220;1\/2&#8243;][vc_custom_heading uncode_shortcode_id=&#8220;139618&#8243;] Mobile Homes Seaside [\/vc_custom_heading][vc_column_text uncode_shortcode_id=&#8220;107846&#8243;]Diese charmanten Cliff-Mobilheime bieten die perfekte Unterkunft f\u00fcr alle, die Ruhe, Privatsph\u00e4re und [&hellip;]<\/p>\n","protected":false},"author":6,"featured_media":0,"parent":0,"menu_order":0,"comment_status":"closed","ping_status":"closed","template":"","meta":{"footnotes":""},"class_list":["post-7585","page","type-page","status-publish","hentry"],"_links":{"self":[{"href":"https:\/\/adriatik-kamp.com\/de\/wp-json\/wp\/v2\/pages\/7585","targetHints":{"allow":["GET"]}}],"collection":[{"href":"https:\/\/adriatik-kamp.com\/de\/wp-json\/wp\/v2\/pages"}],"about":[{"href":"https:\/\/adriatik-kamp.com\/de\/wp-json\/wp\/v2\/types\/page"}],"author":[{"embeddable":true,"href":"https:\/\/adriatik-kamp.com\/de\/wp-json\/wp\/v2\/users\/6"}],"replies":[{"embeddable":true,"href":"https:\/\/adriatik-kamp.com\/de\/wp-json\/wp\/v2\/comments?post=7585"}],"version-history":[{"count":7,"href":"https:\/\/adriatik-kamp.com\/de\/wp-json\/wp\/v2\/pages\/7585\/revisions"}],"predecessor-version":[{"id":9686,"href":"https:\/\/adriatik-kamp.com\/de\/wp-json\/wp\/v2\/pages\/7585\/revisions\/9686"}],"wp:attachment":[{"href":"https:\/\/adriatik-kamp.com\/de\/wp-json\/wp\/v2\/media?parent=7585"}],"curies":[{"name":"wp","href":"https:\/\/api.w.org\/{rel}","templated":true}]}}