{"id":7501,"date":"2026-01-27T21:52:47","date_gmt":"2026-01-27T19:52:47","guid":{"rendered":"https:\/\/adriatik-kamp.com\/cliff-mobile-homes-with-sea-view\/"},"modified":"2026-03-18T12:52:25","modified_gmt":"2026-03-18T10:52:25","slug":"cliff-mobilheime-mit-meerblick","status":"publish","type":"page","link":"https:\/\/adriatik-kamp.com\/de\/cliff-mobilheime-mit-meerblick\/","title":{"rendered":"Cliff-Mobilheime mit Meerblick"},"content":{"rendered":"<div class=\"wpb-content-wrapper\"><p>[vc_row][vc_column width=&#8220;1\/2&#8243;][vc_custom_heading uncode_shortcode_id=&#8220;676051&#8243;]<\/p>\n<h1>Cliff-Mobilheime mit Meerblick<\/h1>\n<p>[\/vc_custom_heading][vc_column_text uncode_shortcode_id=&#8220;117199&#8243;]Diese charmanten <strong>Cliff-Mobilheime<\/strong> bieten die perfekte Unterkunft f\u00fcr alle, die Ruhe, Privatsph\u00e4re und Naturverbundenheit suchen.<br \/>\nAuf den Felsen gelegen und von einem ruhigen Kiefernwald umgeben, bieten sie einen atemberaubenden <strong>panoramak Meerblick<\/strong> und ein entspannendes mediterranes Ambiente.<br \/>\nJedes Mobilheim (38 m\u00b2) ist klimatisiert und komplett ausgestattet f\u00fcr einen unbeschwerten Urlaub von bis zu <strong>6 Personen (4+2)<\/strong>.<br \/>\nSie befinden sich auf der <strong>linken Seite des Campingplatzes<\/strong>.[\/vc_column_text][vc_column_text uncode_shortcode_id=&#8220;186889&#8243;]<strong>Das Mobilheim verf\u00fcgt \u00fcber:<\/strong>[\/vc_column_text][uncode_list icon=&#8220;fa fa-check&#8220; uncode_shortcode_id=&#8220;108577&#8243;]<\/p>\n<ul>\n<li>Zwei Schlafzimmer \u2013 Hauptschlafzimmer mit Doppelbett (160 x 200 cm) und ein Schlafzimmer mit zwei Einzelbetten (84 x 200 cm)<\/li>\n<li>Zwei Badezimmer mit Dusche-Badewannen-Kombination und WC<\/li>\n<li>Wohnzimmer mit Ecksofa, das in ein zus\u00e4tzliches Bett umgewandelt werden kann (140 x 190 cm)<\/li>\n<li>Esstisch mit 4 St\u00fchlen<\/li>\n<li>Voll ausgestattete K\u00fcche: Elektroherd, Geschirrsp\u00fcler, K\u00fchlschrank mit Gefrierfach, Filterkaffeemaschine, Wasserkocher, Koch- und Essgeschirr<\/li>\n<li>Klimaanlage, SAT-TV, WLAN<\/li>\n<li>Bettw\u00e4sche (w\u00f6chentlicher Wechsel) und Handt\u00fccher (Wechsel alle 3 Tage)<\/li>\n<li>Terrasse (26 m\u00b2) mit \u00dcberdachung, Sitzgarnitur und zwei Sonnenliegen<\/li>\n<li>W\u00e4schest\u00e4nder<\/li>\n<li>Haartrockner, Toilettenartikel, 220V-Steckdosen<\/li>\n<li>Privatparkplatz direkt neben dem Mobilheim<\/li>\n<\/ul>\n<p>[\/uncode_list][vc_single_image media=&#8220;7461&#8243; media_width_percent=&#8220;100&#8243; uncode_shortcode_id=&#8220;120618&#8243;][\/vc_column][vc_column width=&#8220;1\/2&#8243;][vc_gallery el_id=&#8220;gallery-731742&#8243; medias=&#8220;7426,7440,7447,7454,7468,7475,7482,7489,7433&#8243; gutter_size=&#8220;3&#8243; single_overlay_opacity=&#8220;50&#8243; single_padding=&#8220;2&#8243; uncode_shortcode_id=&#8220;181666&#8243; title=&#8220;Mobilne ku\u0107ice s pogledom na kamp&#8220;][\/vc_column][\/vc_row]<\/p>\n<\/div>","protected":false},"excerpt":{"rendered":"<p>[vc_row][vc_column width=&#8220;1\/2&#8243;][vc_custom_heading uncode_shortcode_id=&#8220;676051&#8243;] Cliff-Mobilheime mit Meerblick [\/vc_custom_heading][vc_column_text uncode_shortcode_id=&#8220;117199&#8243;]Diese charmanten Cliff-Mobilheime bieten die perfekte Unterkunft f\u00fcr alle, die Ruhe, Privatsph\u00e4re und [&hellip;]<\/p>\n","protected":false},"author":6,"featured_media":0,"parent":0,"menu_order":0,"comment_status":"closed","ping_status":"closed","template":"","meta":{"footnotes":""},"class_list":["post-7501","page","type-page","status-publish","hentry"],"_links":{"self":[{"href":"https:\/\/adriatik-kamp.com\/de\/wp-json\/wp\/v2\/pages\/7501","targetHints":{"allow":["GET"]}}],"collection":[{"href":"https:\/\/adriatik-kamp.com\/de\/wp-json\/wp\/v2\/pages"}],"about":[{"href":"https:\/\/adriatik-kamp.com\/de\/wp-json\/wp\/v2\/types\/page"}],"author":[{"embeddable":true,"href":"https:\/\/adriatik-kamp.com\/de\/wp-json\/wp\/v2\/users\/6"}],"replies":[{"embeddable":true,"href":"https:\/\/adriatik-kamp.com\/de\/wp-json\/wp\/v2\/comments?post=7501"}],"version-history":[{"count":6,"href":"https:\/\/adriatik-kamp.com\/de\/wp-json\/wp\/v2\/pages\/7501\/revisions"}],"predecessor-version":[{"id":9682,"href":"https:\/\/adriatik-kamp.com\/de\/wp-json\/wp\/v2\/pages\/7501\/revisions\/9682"}],"wp:attachment":[{"href":"https:\/\/adriatik-kamp.com\/de\/wp-json\/wp\/v2\/media?parent=7501"}],"curies":[{"name":"wp","href":"https:\/\/api.w.org\/{rel}","templated":true}]}}