{"id":7274,"date":"2026-01-27T12:01:19","date_gmt":"2026-01-27T10:01:19","guid":{"rendered":"https:\/\/adriatik-kamp.com\/mobilne-kucice-s-pogledom-na-kamp\/"},"modified":"2026-03-18T12:48:54","modified_gmt":"2026-03-18T10:48:54","slug":"mobilheim-mit-blick-auf-den-campingplatz","status":"publish","type":"page","link":"https:\/\/adriatik-kamp.com\/de\/mobilheim-mit-blick-auf-den-campingplatz\/","title":{"rendered":"Mobilheim mit Blick auf den Campingplatz"},"content":{"rendered":"<div class=\"wpb-content-wrapper\"><p>[vc_row][vc_column width=&#8220;1\/2&#8243;][vc_custom_heading uncode_shortcode_id=&#8220;673940&#8243;]<\/p>\n<h1><strong>Mobilheim mit Blick auf den Campingplatz<\/strong><\/h1>\n<p>[\/vc_custom_heading][vc_column_text uncode_shortcode_id=&#8220;212530&#8243;]Unsere modernen <strong>Mobilheime<\/strong> befinden sich in unmittelbarer N\u00e4he zum Meer und vereinen die Freiheit des Campings mit dem Komfort einer hochwertigen Unterkunft in mediterraner Umgebung.<br \/>\nJedes Mobilheim (32 m\u00b2) ist klimatisiert und komplett ausgestattet f\u00fcr einen unbeschwerten Urlaub von bis zu <strong>6 Personen (4+2)<\/strong>.<br \/>\nDie Mobilheime sind <strong>haustierfreundlich<\/strong> und ideal f\u00fcr einen <strong>Familienurlaub<\/strong> in nat\u00fcrlicher Umgebung mit wundersch\u00f6nem Blick auf den Campingplatz und die Umgebung.[\/vc_column_text][vc_column_text uncode_shortcode_id=&#8220;186373&#8243;]<strong>Das Mobilheim verf\u00fcgt \u00fcber:<\/strong>[\/vc_column_text][uncode_list icon=&#8220;fa fa-check&#8220; uncode_shortcode_id=&#8220;198625&#8243;]<\/p>\n<ul>\n<li>Zwei Schlafzimmer \u2013 Hauptschlafzimmer mit Doppelbett (160 x 200 cm) und ein Schlafzimmer mit zwei Einzelbetten (84 x 200 cm)<br \/>\nZwei moderne Badezimmer mit Duschwanne und WC<\/li>\n<li>Wohnzimmer mit Ecksofa, das in ein zus\u00e4tzliches Bett umgewandelt werden kann (140 x 190 cm)<\/li>\n<li>Voll ausgestattete K\u00fcche: Elektroherd, Geschirrsp\u00fcler, K\u00fchlschrank mit Gefrierfach, Filterkaffeemaschine, Wasserkocher, Koch- und Essgeschirr<\/li>\n<li>Esstisch mit 4 St\u00fchlen<\/li>\n<li>SAT-TV, WLAN, Klimaanlage<\/li>\n<li>Bettw\u00e4sche (Wechsel einmal pro Woche) und Handt\u00fccher (Wechsel dreimal pro Woche)<\/li>\n<li>Terrasse (20 m\u00b2) mit \u00dcberdachung, Sitzgarnitur und zwei Sonnenliegen<\/li>\n<li>Insektenschutzgitter an allen Fenstern<\/li>\n<li>Privater Parkplatz direkt am Mobilheim<\/li>\n<\/ul>\n<p>[\/uncode_list][vc_single_image media=&#8220;7247&#8243; media_width_percent=&#8220;100&#8243; uncode_shortcode_id=&#8220;128831&#8243;][\/vc_column][vc_column width=&#8220;1\/2&#8243;][vc_gallery el_id=&#8220;gallery-731742&#8243; medias=&#8220;7177,7184,7198,7219,7226,7233,9512&#8243; gutter_size=&#8220;3&#8243; single_overlay_opacity=&#8220;50&#8243; single_padding=&#8220;2&#8243; uncode_shortcode_id=&#8220;181337&#8243; title=&#8220;Mobilne ku\u0107ice s pogledom na kamp&#8220;][\/vc_column][\/vc_row]<\/p>\n<\/div>","protected":false},"excerpt":{"rendered":"<p>[vc_row][vc_column width=&#8220;1\/2&#8243;][vc_custom_heading uncode_shortcode_id=&#8220;673940&#8243;] Mobilheim mit Blick auf den Campingplatz [\/vc_custom_heading][vc_column_text uncode_shortcode_id=&#8220;212530&#8243;]Unsere modernen Mobilheime befinden sich in unmittelbarer N\u00e4he zum Meer [&hellip;]<\/p>\n","protected":false},"author":6,"featured_media":0,"parent":0,"menu_order":0,"comment_status":"closed","ping_status":"closed","template":"","meta":{"footnotes":""},"class_list":["post-7274","page","type-page","status-publish","hentry"],"_links":{"self":[{"href":"https:\/\/adriatik-kamp.com\/de\/wp-json\/wp\/v2\/pages\/7274","targetHints":{"allow":["GET"]}}],"collection":[{"href":"https:\/\/adriatik-kamp.com\/de\/wp-json\/wp\/v2\/pages"}],"about":[{"href":"https:\/\/adriatik-kamp.com\/de\/wp-json\/wp\/v2\/types\/page"}],"author":[{"embeddable":true,"href":"https:\/\/adriatik-kamp.com\/de\/wp-json\/wp\/v2\/users\/6"}],"replies":[{"embeddable":true,"href":"https:\/\/adriatik-kamp.com\/de\/wp-json\/wp\/v2\/comments?post=7274"}],"version-history":[{"count":6,"href":"https:\/\/adriatik-kamp.com\/de\/wp-json\/wp\/v2\/pages\/7274\/revisions"}],"predecessor-version":[{"id":9678,"href":"https:\/\/adriatik-kamp.com\/de\/wp-json\/wp\/v2\/pages\/7274\/revisions\/9678"}],"wp:attachment":[{"href":"https:\/\/adriatik-kamp.com\/de\/wp-json\/wp\/v2\/media?parent=7274"}],"curies":[{"name":"wp","href":"https:\/\/api.w.org\/{rel}","templated":true}]}}