{"id":7147,"date":"2026-01-26T17:57:56","date_gmt":"2026-01-26T15:57:56","guid":{"rendered":"https:\/\/adriatik-kamp.com\/?page_id=7147"},"modified":"2026-01-30T12:10:46","modified_gmt":"2026-01-30T10:10:46","slug":"kontakt","status":"publish","type":"page","link":"https:\/\/adriatik-kamp.com\/de\/kontakt\/","title":{"rendered":"Kontakt"},"content":{"rendered":"<div class=\"wpb-content-wrapper\"><p>[vc_row unlock_row_content=&#8220;yes&#8220; row_height_percent=&#8220;0&#8243; override_padding=&#8220;yes&#8220; h_padding=&#8220;0&#8243; top_padding=&#8220;0&#8243; bottom_padding=&#8220;0&#8243; overlay_alpha=&#8220;50&#8243; gutter_size=&#8220;3&#8243; column_width_percent=&#8220;100&#8243; shift_y=&#8220;0&#8243; z_index=&#8220;0&#8243;][vc_column column_width_percent=&#8220;100&#8243; position_horizontal=&#8220;left&#8220; gutter_size=&#8220;3&#8243; style=&#8220;dark&#8220; overlay_alpha=&#8220;50&#8243; shift_x=&#8220;0&#8243; shift_y=&#8220;0&#8243; shift_y_down=&#8220;0&#8243; z_index=&#8220;0&#8243; medium_width=&#8220;0&#8243; mobile_width=&#8220;0&#8243; width=&#8220;1\/1&#8243; mobile_height=&#8220;360&#8243;][vc_raw_html]JTNDaWZyYW1lJTIwc3JjJTNEJTIyaHR0cHMlM0ElMkYlMkZ3d3cuZ29vZ2xlLmNvbSUyRm1hcHMlMkZlbWJlZCUzRnBiJTNEJTIxMW0xOCUyMTFtMTIlMjExbTMlMjExZDIwNzIuNjc2MjM1OTYzMTQ1MiUyMTJkMTUuOTIyNTQxNjc0NjYxMTg1JTIxM2Q0My42MDc0MzM1NTUzOTE5JTIxMm0zJTIxMWYwJTIxMmYwJTIxM2YwJTIxM20yJTIxMWkxMDI0JTIxMmk3NjglMjE0ZjEzLjElMjEzbTMlMjExbTIlMjExczB4MTMzNTIyODVhMTI2Yjg0MSUyNTNBMHg3YTBhYmRhZTcwOTIyZjdkJTIxMnNDQU1QJTI1MjBBRFJJQVRJQyUyNTIwLSUyNTIwUElUQ0hFUyUyNTIwJTI1MjYlMjUyME1PQklMRSUyNTIwSE9NRVMlMjE1ZTElMjEzbTIlMjExc2hyJTIxMnNociUyMTR2MTc2OTc1ODI3MTA3NCUyMTVtMiUyMTFzaHIlMjEyc2hyJTIyJTIwd2lkdGglM0QlMjI2MDAlMjIlMjBoZWlnaHQlM0QlMjI0NTAlMjIlMjBzdHlsZSUzRCUyMmJvcmRlciUzQTAlM0IlMjIlMjBhbGxvd2Z1bGxzY3JlZW4lM0QlMjIlMjIlMjBsb2FkaW5nJTNEJTIybGF6eSUyMiUyMHJlZmVycmVycG9saWN5JTNEJTIybm8tcmVmZXJyZXItd2hlbi1kb3duZ3JhZGUlMjIlM0UlM0MlMkZpZnJhbWUlM0U=[\/vc_raw_html][\/vc_column][\/vc_row][vc_row row_height_percent=&#8220;0&#8243; override_padding=&#8220;yes&#8220; h_padding=&#8220;2&#8243; top_padding=&#8220;0&#8243; bottom_padding=&#8220;5&#8243; overlay_alpha=&#8220;50&#8243; gutter_size=&#8220;3&#8243; column_width_percent=&#8220;100&#8243; shift_y=&#8220;0&#8243; z_index=&#8220;0&#8243; el_class=&#8220;contact&#8211;widget&#8220;][vc_column column_width_percent=&#8220;100&#8243; gutter_size=&#8220;4&#8243; overlay_alpha=&#8220;50&#8243; shift_x=&#8220;0&#8243; shift_y=&#8220;0&#8243; shift_y_down=&#8220;0&#8243; z_index=&#8220;0&#8243; medium_width=&#8220;0&#8243; mobile_width=&#8220;0&#8243; width=&#8220;1\/1&#8243;][vc_row_inner row_inner_height_percent=&#8220;0&#8243; overlay_alpha=&#8220;50&#8243; gutter_size=&#8220;3&#8243; shift_y=&#8220;0&#8243; z_index=&#8220;0&#8243; limit_content=&#8220;&#8220;][vc_column_inner column_width_percent=&#8220;100&#8243; gutter_size=&#8220;4&#8243; overlay_alpha=&#8220;50&#8243; shift_x=&#8220;0&#8243; shift_y=&#8220;0&#8243; shift_y_down=&#8220;0&#8243; z_index=&#8220;0&#8243; medium_width=&#8220;0&#8243; mobile_width=&#8220;0&#8243; sticky=&#8220;yes&#8220; width=&#8220;3\/12&#8243;][vc_empty_space empty_h=&#8220;2&#8243; mobile_visibility=&#8220;yes&#8220;][vc_custom_heading heading_semantic=&#8220;h6&#8243; text_size=&#8220;h6&#8243; text_transform=&#8220;uppercase&#8220;]Contact information[\/vc_custom_heading][vc_icon position=&#8220;left&#8220; title_aligned_icon=&#8220;yes&#8220; icon=&#8220;fa fa-paper-plane-o&#8220; size=&#8220;fa-2x&#8220; heading_semantic=&#8220;h4&#8243; text_size=&#8220;h4&#8243; text_weight=&#8220;600&#8243; title=&#8220;Email&#8220;]<a href=\"mailto:kamp-adriatik@adriatik-kamp.com\">kamp-adriatik@adriatik-kamp.com<\/a>[\/vc_icon][vc_icon position=&#8220;left&#8220; title_aligned_icon=&#8220;yes&#8220; icon=&#8220;fa fa-phone&#8220; size=&#8220;fa-2x&#8220; heading_semantic=&#8220;h4&#8243; text_size=&#8220;h4&#8243; text_weight=&#8220;600&#8243; title=&#8220;Tel&#8220;]<a href=\"tel:385022571223\"> +385 (0)22 571 223<\/a><br \/>\n<a href=\"tel:3850993139939\">+385 (0) 99 313 99 39<\/a>[\/vc_icon][vc_icon position=&#8220;left&#8220; title_aligned_icon=&#8220;yes&#8220; icon=&#8220;fa fa-map-marker2&#8243; size=&#8220;fa-2x&#8220; heading_semantic=&#8220;h4&#8243; text_size=&#8220;h4&#8243; text_weight=&#8220;600&#8243; title=&#8220;Address&#8220; uncode_shortcode_id=&#8220;469665&#8243;]<\/p>\n<p data-pm-slice=\"1 1 []\">Huljerat 1\/A<br \/>\n22202 Primo\u0161ten[\/vc_icon][\/vc_column_inner][vc_column_inner column_width_percent=&#8220;100&#8243; gutter_size=&#8220;3&#8243; back_color=&#8220;color-xsdn&#8220; overlay_alpha=&#8220;50&#8243; radius=&#8220;std&#8220; shadow=&#8220;xs&#8220; shift_x=&#8220;0&#8243; shift_y=&#8220;-4&#8243; shift_y_down=&#8220;0&#8243; z_index=&#8220;0&#8243; medium_width=&#8220;0&#8243; mobile_width=&#8220;0&#8243; width=&#8220;9\/12&#8243; el_class=&#8220;contact-page-right&#8220;][vc_custom_heading text_weight=&#8220;700&#8243; sub_reduced=&#8220;yes&#8220; subheading=&#8220;Primo\u0161ten liegt an einem der attraktivsten Abschnitte der Adriak\u00fcste, zwischen den bekannten kroatischen St\u00e4dten \u0160ibenik, Trogir und Split sowie den Nationalparks Krka und Kornati.&#8220; uncode_shortcode_id=&#8220;165138&#8243;]<strong>Anreise<\/strong>[\/vc_custom_heading][vc_separator sep_color=&#8220;,Default&#8220;][vc_custom_heading text_weight=&#8220;700&#8243; sub_reduced=&#8220;yes&#8220; subheading=&#8220;<b>Aus Zagreb (350 km):<\/b> Autobahn A1 Karlovac\u2013Split (Ausfahrt \u0160ibenik\/Knin\u2013Drni\u0161\/Primo\u0161ten), dann Stra\u00dfe E65, 30 km bis Primo\u0161ten.<br \/>\n<b>Aus Rijeka (310 km):<\/b> Adriamagistrale D8 bis Primo\u0161ten oder D8 bis Senj, Anschluss an die Autobahn A1 bis \u0160ibenik, dann Stra\u00dfe E65, 30 km bis Primo\u0161ten.<br \/>\n<b>Aus Split (60 km):<\/b> Stra\u00dfe E65 Richtung Zadar\/\u0160ibenik bis Primo\u0161ten.&#8220; uncode_shortcode_id=&#8220;916103&#8243;]<strong>Mit dem Auto<\/strong>[\/vc_custom_heading][vc_separator sep_color=&#8220;,Default&#8220;][vc_custom_heading heading_semantic=&#8220;h3&#8243; subheading=&#8220;F\u00fcr weitere Informationen senden Sie uns bitte eine Nachricht.&#8220; uncode_shortcode_id=&#8220;186003&#8243;]<strong>Anfrage senden<\/strong>[\/vc_custom_heading]\n<div class=\"wpcf7 no-js\" id=\"wpcf7-f7263-o1\" lang=\"en-US\" dir=\"ltr\" data-wpcf7-id=\"7263\">\n<div class=\"screen-reader-response\"><p role=\"status\" aria-live=\"polite\" aria-atomic=\"true\"><\/p> <ul><\/ul><\/div>\n<form action=\"\/de\/wp-json\/wp\/v2\/pages\/7147#wpcf7-f7263-o1\" method=\"post\" class=\"wpcf7-form init input-background\" aria-label=\"Contact form\" novalidate=\"novalidate\" data-status=\"init\">\n<fieldset class=\"hidden-fields-container\"><input type=\"hidden\" name=\"_wpcf7\" value=\"7263\" \/><input type=\"hidden\" name=\"_wpcf7_version\" value=\"6.1.5\" \/><input type=\"hidden\" name=\"_wpcf7_locale\" value=\"en_US\" \/><input type=\"hidden\" name=\"_wpcf7_unit_tag\" value=\"wpcf7-f7263-o1\" \/><input type=\"hidden\" name=\"_wpcf7_container_post\" value=\"0\" \/><input type=\"hidden\" name=\"_wpcf7_posted_data_hash\" value=\"\" \/><input type=\"hidden\" name=\"_wpcf7_recaptcha_response\" value=\"\" \/>\n<\/fieldset>\n<div class=\"wpcf7-inline-wrapper\">\n\t<p class=\"wpcf7-inline-field\"><span class=\"wpcf7-form-control-wrap\" data-name=\"your-firstname\"><input size=\"40\" maxlength=\"400\" class=\"wpcf7-form-control wpcf7-text wpcf7-validates-as-required\" aria-required=\"true\" aria-invalid=\"false\" placeholder=\"Vorname*\" value=\"\" type=\"text\" name=\"your-firstname\" \/><\/span>\n\t<\/p>\n\t<p class=\"wpcf7-inline-field\"><span class=\"wpcf7-form-control-wrap\" data-name=\"your-lastname\"><input size=\"40\" maxlength=\"400\" class=\"wpcf7-form-control wpcf7-text\" aria-invalid=\"false\" placeholder=\"Nachname\" value=\"\" type=\"text\" name=\"your-lastname\" \/><\/span>\n\t<\/p>\n<\/div>\n<div class=\"wpcf7-inline-wrapper\">\n\t<p class=\"wpcf7-inline-field\"><span class=\"wpcf7-form-control-wrap\" data-name=\"your-email\"><input size=\"40\" maxlength=\"400\" class=\"wpcf7-form-control wpcf7-email wpcf7-validates-as-required wpcf7-text wpcf7-validates-as-email\" aria-required=\"true\" aria-invalid=\"false\" placeholder=\"E-Mail*\" value=\"\" type=\"email\" name=\"your-email\" \/><\/span>\n\t<\/p>\n\t<p class=\"wpcf7-inline-field\"><span class=\"wpcf7-form-control-wrap\" data-name=\"your-subject\"><input size=\"40\" maxlength=\"400\" class=\"wpcf7-form-control wpcf7-text\" aria-invalid=\"false\" placeholder=\"Betreff\" value=\"\" type=\"text\" name=\"your-subject\" \/><\/span>\n\t<\/p>\n<\/div>\n<div class=\"wpcf7-inline-wrapper\">\n\t<p class=\"wpcf7-inline-field\"><span class=\"wpcf7-form-control-wrap\" data-name=\"your-tel\"><input size=\"40\" maxlength=\"400\" class=\"wpcf7-form-control wpcf7-tel wpcf7-text wpcf7-validates-as-tel\" aria-invalid=\"false\" placeholder=\"Telefon\" value=\"\" type=\"tel\" name=\"your-tel\" \/><\/span>\n\t<\/p>\n\t<p class=\"wpcf7-inline-field\"><span class=\"wpcf7-form-control-wrap\" data-name=\"your-address\"><input size=\"40\" maxlength=\"400\" class=\"wpcf7-form-control wpcf7-text\" aria-invalid=\"false\" placeholder=\"Adresse\" value=\"\" type=\"text\" name=\"your-address\" \/><\/span>\n\t<\/p>\n<\/div>\n<p><span class=\"wpcf7-form-control-wrap\" data-name=\"your-message\"><textarea cols=\"40\" rows=\"10\" maxlength=\"2000\" class=\"wpcf7-form-control wpcf7-textarea\" aria-invalid=\"false\" placeholder=\"Nachricht\" name=\"your-message\"><\/textarea><\/span>\n<\/p>\n<p><span class=\"wpcf7-form-control-wrap\" data-name=\"accept-this-1\"><span class=\"wpcf7-form-control wpcf7-acceptance\"><span class=\"wpcf7-list-item\"><label><input type=\"checkbox\" name=\"accept-this-1\" value=\"1\" aria-invalid=\"false\" \/><span class=\"wpcf7-list-item-label\">Kreuzen Sie hier an, wenn Sie unsere Bedingungen (<a href=\"\/datenschutzerklaerung\/\">Datenschutzerkl\u00e4rung<\/a>) akzeptieren.<\/span><\/label><\/span><\/span><\/span>\n<\/p>\n<p><input class=\"wpcf7-form-control wpcf7-submit has-spinner btn btn-fluid btn-color-oxford btn-flat\" type=\"submit\" value=\"Senden\" \/>\n<\/p><div class=\"wpcf7-response-output\" aria-hidden=\"true\"><\/div>\n<\/form>\n<\/div>\n[\/vc_column_inner][\/vc_row_inner][\/vc_column][\/vc_row]<\/p>\n<\/div>","protected":false},"excerpt":{"rendered":"<p>[vc_row unlock_row_content=&#8220;yes&#8220; row_height_percent=&#8220;0&#8243; override_padding=&#8220;yes&#8220; h_padding=&#8220;0&#8243; top_padding=&#8220;0&#8243; bottom_padding=&#8220;0&#8243; overlay_alpha=&#8220;50&#8243; gutter_size=&#8220;3&#8243; column_width_percent=&#8220;100&#8243; shift_y=&#8220;0&#8243; z_index=&#8220;0&#8243;][vc_column column_width_percent=&#8220;100&#8243; position_horizontal=&#8220;left&#8220; gutter_size=&#8220;3&#8243; style=&#8220;dark&#8220; overlay_alpha=&#8220;50&#8243; shift_x=&#8220;0&#8243; shift_y=&#8220;0&#8243; shift_y_down=&#8220;0&#8243; [&hellip;]<\/p>\n","protected":false},"author":6,"featured_media":0,"parent":0,"menu_order":0,"comment_status":"closed","ping_status":"closed","template":"","meta":{"footnotes":""},"class_list":["post-7147","page","type-page","status-publish","hentry"],"_links":{"self":[{"href":"https:\/\/adriatik-kamp.com\/de\/wp-json\/wp\/v2\/pages\/7147","targetHints":{"allow":["GET"]}}],"collection":[{"href":"https:\/\/adriatik-kamp.com\/de\/wp-json\/wp\/v2\/pages"}],"about":[{"href":"https:\/\/adriatik-kamp.com\/de\/wp-json\/wp\/v2\/types\/page"}],"author":[{"embeddable":true,"href":"https:\/\/adriatik-kamp.com\/de\/wp-json\/wp\/v2\/users\/6"}],"replies":[{"embeddable":true,"href":"https:\/\/adriatik-kamp.com\/de\/wp-json\/wp\/v2\/comments?post=7147"}],"version-history":[{"count":14,"href":"https:\/\/adriatik-kamp.com\/de\/wp-json\/wp\/v2\/pages\/7147\/revisions"}],"predecessor-version":[{"id":8031,"href":"https:\/\/adriatik-kamp.com\/de\/wp-json\/wp\/v2\/pages\/7147\/revisions\/8031"}],"wp:attachment":[{"href":"https:\/\/adriatik-kamp.com\/de\/wp-json\/wp\/v2\/media?parent=7147"}],"curies":[{"name":"wp","href":"https:\/\/api.w.org\/{rel}","templated":true}]}}