{"id":7124,"date":"2021-04-12T11:25:03","date_gmt":"2021-04-12T09:25:03","guid":{"rendered":"https:\/\/adriatik-kamp.com\/activities-and-entertainment-at-camp-adriatic\/"},"modified":"2026-04-21T19:23:16","modified_gmt":"2026-04-21T17:23:16","slug":"aktivitaeten-und-unterhaltung","status":"publish","type":"page","link":"https:\/\/adriatik-kamp.com\/de\/aktivitaeten-und-unterhaltung\/","title":{"rendered":"Aktivit\u00e4ten und Unterhaltung"},"content":{"rendered":"<div class=\"wpb-content-wrapper\"><p>[vc_row row_height_percent=&#8220;0&#8243; override_padding=&#8220;yes&#8220; h_padding=&#8220;2&#8243; top_padding=&#8220;3&#8243; bottom_padding=&#8220;2&#8243; overlay_alpha=&#8220;50&#8243; gutter_size=&#8220;3&#8243; column_width_percent=&#8220;100&#8243; shift_y=&#8220;0&#8243; z_index=&#8220;0&#8243;][vc_column column_width_percent=&#8220;100&#8243; gutter_size=&#8220;2&#8243; back_color=&#8220;color-207971&#8243; overlay_alpha=&#8220;50&#8243; border_color=&#8220;color-platinum&#8220; border_style=&#8220;solid&#8220; shift_x=&#8220;0&#8243; shift_y=&#8220;0&#8243; shift_y_down=&#8220;0&#8243; z_index=&#8220;0&#8243; medium_width=&#8220;0&#8243; mobile_width=&#8220;0&#8243; width=&#8220;1\/1&#8243; css=&#8220;.vc_custom_1618225949471{border-left-width: 2px !important;}&#8220;][uncode_breadcrumbs text_lead=&#8220;small&#8220;][vc_custom_heading auto_text=&#8220;yes&#8220; heading_semantic=&#8220;h1&#8243; text_size=&#8220;h1&#8243; text_weight=&#8220;700&#8243;]This is a custom heading element.[\/vc_custom_heading][vc_column_text uncode_shortcode_id=&#8220;184285&#8243;]Im Campingplatz Adriatic\u00a0geh\u00f6ren Spa\u00df und Aktivit\u00e4ten immer zum Erlebnis.<\/p>\n<p>Direkt am Strand gibt es einen <strong>Beachvolleyballplatz<\/strong> und einen <strong>Freizeitpark<\/strong> f\u00fcr Kinder und Erwachsene. Die Umgebung bietet hervorragende M\u00f6glichkeiten zum <strong>Trekking, Wandern, Radfahren und Tauchen<\/strong>. F\u00fcr Tauchbegeisterte bietet das <strong>Tauchzentrum Pongo<\/strong> in Primo\u0161ten spannende Programme zur Erkundung der Unterwasserwelt.<\/p>\n<p>Sportbegeisterte k\u00f6nnen die Anlagen f\u00fcr <strong>Fu\u00dfball, Volleyball, Tennis, Tischtennis, Boccia und Basketball<\/strong> nutzen. Der Campingplatz ist \u00fcber einen <strong>2,5 km langen Rad- und Fu\u00dfweg am Meer<\/strong> mit Primo\u0161ten verbunden, sodass die Stadt sicher und bequem erkundet werden kann.<\/p>\n<p>In Primo\u0161ten selbst k\u00f6nnen Besucher <strong>zwei malerische Halbinseln<\/strong> erkunden und zahlreiche <strong>Caf\u00e9s, Konditoreien, Tavernen (Konoba) und Restaurants<\/strong> mit vielf\u00e4ltiger lokaler K\u00fcche genie\u00dfen. Das ganze Jahr \u00fcber k\u00f6nnen G\u00e4ste <strong>Konzerte lokaler Bands, Blasmusik und traditionelle Folkloreauff\u00fchrungen<\/strong> erleben.<\/p>\n<p>W\u00e4hrend der Saison wird <strong>jeden Abend ein Kinderprogramm<\/strong> angeboten, das <strong>Tanzen, Singen, verschiedene Spiele und Filmvorf\u00fchrungen<\/strong> umfasst, sodass die kleinen G\u00e4ste bestens unterhalten werden. Tages- und Abendprogramme werden von erfahrenen Animateuren f\u00fcr <strong>Kinder und Erwachsene<\/strong> organisiert.<\/p>\n<p><strong>Vor Ort verf\u00fcgbare Einrichtungen:<\/strong><\/p>\n<ul>\n<li><strong>Kids Club<\/strong> (nur saisonal)<\/li>\n<li><strong>Ganzt\u00e4giges Animationsprogramm<\/strong> (nur saisonal)<\/li>\n<li><strong>Sportbereich:<\/strong> Beachvolleyball, Tennis, Tischtennis, Fu\u00dfball, Basketball<\/li>\n<li><strong>Kajaks, SUP-Boards, Wasserpark, Tretboote<\/strong><\/li>\n<\/ul>\n<p><strong>Camp Adriatic<\/strong> vereint perfekt <strong>Natur, Sport und Unterhaltung<\/strong> und bietet ein unvergessliches Urlaubserlebnis f\u00fcr Familien, Paare und Abenteuerliebhaber[\/vc_column_text][\/vc_column][\/vc_row][vc_row row_height_percent=&#8220;0&#8243; override_padding=&#8220;yes&#8220; h_padding=&#8220;2&#8243; top_padding=&#8220;2&#8243; bottom_padding=&#8220;4&#8243; overlay_alpha=&#8220;50&#8243; gutter_size=&#8220;3&#8243; column_width_percent=&#8220;100&#8243; shift_y=&#8220;0&#8243; z_index=&#8220;0&#8243;][vc_column width=&#8220;1\/1&#8243;][vc_gallery el_id=&#8220;gallery-728947&#8243; medias=&#8220;8708,8715,8722,8729,8736,8743,8750,8757,8764,8771,8778,8785,8792,8799&#8243; gutter_size=&#8220;3&#8243; media_items=&#8220;media|nolink|original,icon&#8220; screen_lg=&#8220;1000&#8243; screen_md=&#8220;600&#8243; screen_sm=&#8220;480&#8243; single_shape=&#8220;round&#8220; radius=&#8220;lg&#8220; single_overlay_opacity=&#8220;1&#8243; single_image_anim=&#8220;no&#8220; single_padding=&#8220;2&#8243; single_shadow=&#8220;yes&#8220; shadow_weight=&#8220;std&#8220; single_border=&#8220;yes&#8220; single_css_animation=&#8220;bottom-t-top&#8220; uncode_shortcode_id=&#8220;412211&#8243;][\/vc_column][\/vc_row]<\/p>\n<\/div>","protected":false},"excerpt":{"rendered":"<p>[vc_row row_height_percent=&#8220;0&#8243; override_padding=&#8220;yes&#8220; h_padding=&#8220;2&#8243; top_padding=&#8220;3&#8243; bottom_padding=&#8220;2&#8243; overlay_alpha=&#8220;50&#8243; gutter_size=&#8220;3&#8243; column_width_percent=&#8220;100&#8243; shift_y=&#8220;0&#8243; z_index=&#8220;0&#8243;][vc_column column_width_percent=&#8220;100&#8243; gutter_size=&#8220;2&#8243; back_color=&#8220;color-207971&#8243; overlay_alpha=&#8220;50&#8243; border_color=&#8220;color-platinum&#8220; border_style=&#8220;solid&#8220; shift_x=&#8220;0&#8243; shift_y=&#8220;0&#8243; shift_y_down=&#8220;0&#8243; [&hellip;]<\/p>\n","protected":false},"author":6,"featured_media":9462,"parent":0,"menu_order":0,"comment_status":"closed","ping_status":"closed","template":"","meta":{"footnotes":""},"class_list":["post-7124","page","type-page","status-publish","has-post-thumbnail","hentry","page_category-index-de","page_category-offer-de"],"_links":{"self":[{"href":"https:\/\/adriatik-kamp.com\/de\/wp-json\/wp\/v2\/pages\/7124","targetHints":{"allow":["GET"]}}],"collection":[{"href":"https:\/\/adriatik-kamp.com\/de\/wp-json\/wp\/v2\/pages"}],"about":[{"href":"https:\/\/adriatik-kamp.com\/de\/wp-json\/wp\/v2\/types\/page"}],"author":[{"embeddable":true,"href":"https:\/\/adriatik-kamp.com\/de\/wp-json\/wp\/v2\/users\/6"}],"replies":[{"embeddable":true,"href":"https:\/\/adriatik-kamp.com\/de\/wp-json\/wp\/v2\/comments?post=7124"}],"version-history":[{"count":5,"href":"https:\/\/adriatik-kamp.com\/de\/wp-json\/wp\/v2\/pages\/7124\/revisions"}],"predecessor-version":[{"id":9829,"href":"https:\/\/adriatik-kamp.com\/de\/wp-json\/wp\/v2\/pages\/7124\/revisions\/9829"}],"wp:featuredmedia":[{"embeddable":true,"href":"https:\/\/adriatik-kamp.com\/de\/wp-json\/wp\/v2\/media\/9462"}],"wp:attachment":[{"href":"https:\/\/adriatik-kamp.com\/de\/wp-json\/wp\/v2\/media?parent=7124"}],"curies":[{"name":"wp","href":"https:\/\/api.w.org\/{rel}","templated":true}]}}