{"id":7006,"date":"2026-01-22T09:14:16","date_gmt":"2026-01-22T07:14:16","guid":{"rendered":"https:\/\/adriatik-kamp.com\/?page_id=7006"},"modified":"2026-03-31T14:02:50","modified_gmt":"2026-03-31T12:02:50","slug":"ueber-uns","status":"publish","type":"page","link":"https:\/\/adriatik-kamp.com\/de\/ueber-uns\/","title":{"rendered":"\u00dcber Uns"},"content":{"rendered":"<div class=\"wpb-content-wrapper\"><p>[vc_row row_height_percent=&#8220;0&#8243; override_padding=&#8220;yes&#8220; h_padding=&#8220;2&#8243; top_padding=&#8220;3&#8243; bottom_padding=&#8220;2&#8243; overlay_alpha=&#8220;50&#8243; gutter_size=&#8220;3&#8243; column_width_percent=&#8220;100&#8243; shift_y=&#8220;0&#8243; z_index=&#8220;0&#8243;][vc_column column_width_percent=&#8220;100&#8243; gutter_size=&#8220;2&#8243; back_color=&#8220;color-207971&#8243; overlay_alpha=&#8220;50&#8243; border_color=&#8220;color-platinum&#8220; border_style=&#8220;solid&#8220; shift_x=&#8220;0&#8243; shift_y=&#8220;0&#8243; shift_y_down=&#8220;0&#8243; z_index=&#8220;0&#8243; medium_width=&#8220;0&#8243; mobile_width=&#8220;0&#8243; width=&#8220;1\/1&#8243; css=&#8220;.vc_custom_1618225949471{border-left-width: 2px !important;}&#8220;][uncode_breadcrumbs text_lead=&#8220;small&#8220;][vc_custom_heading auto_text=&#8220;yes&#8220; heading_semantic=&#8220;h1&#8243; text_size=&#8220;h1&#8243; text_weight=&#8220;700&#8243;]This is a custom heading element.[\/vc_custom_heading][vc_column_text uncode_shortcode_id=&#8220;132041&#8243;]Eingebettet zwischen kristallklarem Wasser und dem Duft von Kiefern, vereint <strong>Campingplatz Adriatic<\/strong> &nbsp;Natur, Komfort und authentische dalmatinische Atmosph\u00e4re. W\u00e4hlen Sie zwischen gro\u00dfz\u00fcgigen Stellpl\u00e4tzen, Zeltbereichen oder modernen Mobilheimen \u2013 alle in friedlicher mediterraner Umgebung.[\/vc_column_text][vc_column_text uncode_shortcode_id=&#8220;154963&#8243;]Genie\u00dfen Sie den kilometerlangen Strand, Kiesbuchten, felsige Sonnenbereiche und zwei speziell eingerichtete Hundestr\u00e4nde. Urlaub ist f\u00fcr die ganze Familie \u2013 w\u00e4hrend die Kinder sicher auf dem Spielplatz spielen, k\u00f6nnen die Eltern am Meer entspannen oder gemeinsam das charmante Primo\u0161ten erkunden.[\/vc_column_text][vc_column_text uncode_shortcode_id=&#8220;479777&#8243;]F\u00fcr kulinarische Gen\u00fcsse sorgt das <strong>Restaurant Adriatic <\/strong>mit dalmatinischen und mediterranen Spezialit\u00e4ten sowie die Strandbar mit einer reichen Auswahl an lokalen Getr\u00e4nken. Der Campingplatz ist haustierfreundlich, sodass auch Ihre vierbeinigen Freunde herzlich willkommen sind!<\/p>\n<p>In the well-stocked market, guests can find everything that is necessary for their everyday needs such as food and drink, newspapers, and beach accessories.[\/vc_column_text][\/vc_column][\/vc_row][vc_row row_height_percent=&#8220;0&#8243; override_padding=&#8220;yes&#8220; h_padding=&#8220;2&#8243; top_padding=&#8220;2&#8243; bottom_padding=&#8220;2&#8243; overlay_alpha=&#8220;50&#8243; gutter_size=&#8220;3&#8243; column_width_percent=&#8220;100&#8243; shift_y=&#8220;0&#8243; z_index=&#8220;0&#8243;][vc_column width=&#8220;1\/1&#8243;][vc_gallery el_id=&#8220;gallery-542808&#8243; medias=&#8220;6969,6973,6997,6993,6989,6985,6981,6977,9318&#8243; gutter_size=&#8220;3&#8243; media_items=&#8220;media|nolink|original&#8220; screen_lg=&#8220;1000&#8243; screen_md=&#8220;600&#8243; screen_sm=&#8220;480&#8243; single_shape=&#8220;round&#8220; radius=&#8220;std&#8220; single_overlay_opacity=&#8220;60&#8243; single_overlay_anim=&#8220;no&#8220; single_image_anim=&#8220;no&#8220; single_padding=&#8220;2&#8243; single_shadow=&#8220;yes&#8220; shadow_weight=&#8220;std&#8220; single_border=&#8220;yes&#8220; single_css_animation=&#8220;top-t-bottom&#8220; uncode_shortcode_id=&#8220;157091&#8243;][\/vc_column][\/vc_row][vc_row row_height_percent=&#8220;0&#8243; override_padding=&#8220;yes&#8220; h_padding=&#8220;2&#8243; top_padding=&#8220;2&#8243; bottom_padding=&#8220;4&#8243; overlay_alpha=&#8220;50&#8243; gutter_size=&#8220;3&#8243; column_width_percent=&#8220;100&#8243; shift_y=&#8220;0&#8243; z_index=&#8220;0&#8243;][vc_column column_width_percent=&#8220;100&#8243; gutter_size=&#8220;3&#8243; back_color=&#8220;color-207971&#8243; overlay_alpha=&#8220;50&#8243; border_color=&#8220;color-platinum&#8220; border_style=&#8220;solid&#8220; shift_x=&#8220;0&#8243; shift_y=&#8220;0&#8243; shift_y_down=&#8220;0&#8243; z_index=&#8220;0&#8243; medium_width=&#8220;0&#8243; mobile_width=&#8220;0&#8243; width=&#8220;1\/1&#8243; css=&#8220;.vc_custom_1618217526773{border-left-width: 2px !important;}&#8220;][vc_custom_heading uncode_shortcode_id=&#8220;205922&#8243;]<strong>Sanit\u00e4re Einrichtungen &amp; Komfort <\/strong>[\/vc_custom_heading][uncode_list icon=&#8220;fa fa-check&#8220; icon_color=&#8220;color-oxford&#8220; uncode_shortcode_id=&#8220;470833&#8243; icon_color_type=&#8220;uncode-palette&#8220;]<\/p>\n<ul>\n<li>Vier modern ausgestattete Sanit\u00e4rbl\u00f6cke<\/li>\n<li>WC f\u00fcr Personen mit Behinderung<\/li>\n<li>Private Badezimmer<\/li>\n<li>Chemische Toiletten<\/li>\n<li>Wohnmobil-Entsorgungsbereich<\/li>\n<li>Hygiene-Bereich f\u00fcr Haustiere<\/li>\n<li>K\u00fchlschr\u00e4nke f\u00fcr G\u00e4ste<\/li>\n<li>Geschirrsp\u00fcler<\/li>\n<li>Waschmaschinen und Trockener<\/li>\n<\/ul>\n<p>[\/uncode_list][vc_custom_heading uncode_shortcode_id=&#8220;113461&#8243;]<strong>Service &amp; Ausstattung <\/strong>[\/vc_custom_heading][uncode_list icon=&#8220;fa fa-check&#8220; icon_color=&#8220;color-oxford&#8220; uncode_shortcode_id=&#8220;209970&#8243; icon_color_type=&#8220;uncode-palette&#8220;]<\/p>\n<ul>\n<li>Rezeption 24\/7<\/li>\n<li>Markt<\/li>\n<li>Souvenirladen<\/li>\n<li>Stand mit frischen lokalen Produkten<\/li>\n<li>Kinderclub<\/li>\n<li>WLAN auf dem gesamten Gel\u00e4nde<\/li>\n<\/ul>\n<p>[\/uncode_list][vc_custom_heading uncode_shortcode_id=&#8220;830608&#8243;]<strong>Sport &amp; Aktivit\u00e4ten <\/strong>[\/vc_custom_heading][uncode_list icon=&#8220;fa fa-check&#8220; icon_color=&#8220;color-oxford&#8220; uncode_shortcode_id=&#8220;157411&#8243; icon_color_type=&#8220;uncode-palette&#8220;]<\/p>\n<ul>\n<li>Fahrradverleih<\/li>\n<li>Auto- \/ Roller-Verleih<\/li>\n<li>Kajak- \/ SUP- \/ Tretbootverleih<\/li>\n<li>Tauchzentrum<\/li>\n<li>Wasserpark<\/li>\n<li>Weinverkostung<\/li>\n<\/ul>\n<p>[\/uncode_list][\/vc_column][\/vc_row]<\/p>\n<\/div>","protected":false},"excerpt":{"rendered":"<p>[vc_row row_height_percent=&#8220;0&#8243; override_padding=&#8220;yes&#8220; h_padding=&#8220;2&#8243; top_padding=&#8220;3&#8243; bottom_padding=&#8220;2&#8243; overlay_alpha=&#8220;50&#8243; gutter_size=&#8220;3&#8243; column_width_percent=&#8220;100&#8243; shift_y=&#8220;0&#8243; z_index=&#8220;0&#8243;][vc_column column_width_percent=&#8220;100&#8243; gutter_size=&#8220;2&#8243; back_color=&#8220;color-207971&#8243; overlay_alpha=&#8220;50&#8243; border_color=&#8220;color-platinum&#8220; border_style=&#8220;solid&#8220; shift_x=&#8220;0&#8243; shift_y=&#8220;0&#8243; shift_y_down=&#8220;0&#8243; [&hellip;]<\/p>\n","protected":false},"author":6,"featured_media":0,"parent":0,"menu_order":0,"comment_status":"closed","ping_status":"closed","template":"","meta":{"footnotes":""},"class_list":["post-7006","page","type-page","status-publish","hentry"],"_links":{"self":[{"href":"https:\/\/adriatik-kamp.com\/de\/wp-json\/wp\/v2\/pages\/7006","targetHints":{"allow":["GET"]}}],"collection":[{"href":"https:\/\/adriatik-kamp.com\/de\/wp-json\/wp\/v2\/pages"}],"about":[{"href":"https:\/\/adriatik-kamp.com\/de\/wp-json\/wp\/v2\/types\/page"}],"author":[{"embeddable":true,"href":"https:\/\/adriatik-kamp.com\/de\/wp-json\/wp\/v2\/users\/6"}],"replies":[{"embeddable":true,"href":"https:\/\/adriatik-kamp.com\/de\/wp-json\/wp\/v2\/comments?post=7006"}],"version-history":[{"count":7,"href":"https:\/\/adriatik-kamp.com\/de\/wp-json\/wp\/v2\/pages\/7006\/revisions"}],"predecessor-version":[{"id":9832,"href":"https:\/\/adriatik-kamp.com\/de\/wp-json\/wp\/v2\/pages\/7006\/revisions\/9832"}],"wp:attachment":[{"href":"https:\/\/adriatik-kamp.com\/de\/wp-json\/wp\/v2\/media?parent=7006"}],"curies":[{"name":"wp","href":"https:\/\/api.w.org\/{rel}","templated":true}]}}