{"id":8597,"date":"2021-04-13T09:21:58","date_gmt":"2021-04-13T07:21:58","guid":{"rendered":"https:\/\/adriatik-kamp.com\/gaastro-ponuda\/"},"modified":"2026-03-31T16:25:18","modified_gmt":"2026-03-31T14:25:18","slug":"gastronomicka-nabidka","status":"publish","type":"page","link":"https:\/\/adriatik-kamp.com\/cs\/gastronomicka-nabidka\/","title":{"rendered":"Gastronomick\u00e1 nab\u00eddka"},"content":{"rendered":"<div class=\"wpb-content-wrapper\"><p>[vc_row row_height_percent=&#8220;0&#8243; override_padding=&#8220;yes&#8220; h_padding=&#8220;2&#8243; top_padding=&#8220;3&#8243; bottom_padding=&#8220;2&#8243; overlay_alpha=&#8220;50&#8243; gutter_size=&#8220;3&#8243; column_width_percent=&#8220;100&#8243; shift_y=&#8220;0&#8243; z_index=&#8220;0&#8243;][vc_column column_width_percent=&#8220;100&#8243; gutter_size=&#8220;2&#8243; back_color=&#8220;color-207971&#8243; overlay_alpha=&#8220;50&#8243; border_color=&#8220;color-platinum&#8220; border_style=&#8220;solid&#8220; shift_x=&#8220;0&#8243; shift_y=&#8220;0&#8243; shift_y_down=&#8220;0&#8243; z_index=&#8220;0&#8243; medium_width=&#8220;0&#8243; mobile_width=&#8220;0&#8243; width=&#8220;1\/2&#8243; css=&#8220;.vc_custom_1618225949471{border-left-width: 2px !important;}&#8220;][uncode_breadcrumbs text_lead=&#8220;small&#8220;][vc_custom_heading auto_text=&#8220;yes&#8220; heading_semantic=&#8220;h1&#8243; text_size=&#8220;h1&#8243; text_weight=&#8220;700&#8243;]This is a custom heading element.[\/vc_custom_heading][vc_column_text uncode_shortcode_id=&#8220;190743&#8243;]Nach\u00e1z\u00ed se v srdci kempu, <strong>Restaurace Adriatic <\/strong>nab\u00edz\u00ed autentick\u00fd z\u00e1\u017eitek st\u0159edomo\u0159sk\u00e9 a dalmatsk\u00e9 kuchyn\u011b v uvoln\u011bn\u00e9m a p\u0159irozen\u00e9m prost\u0159ed\u00ed. Na\u0161e menu spojuje tradici a \u010derstvost a host\u016fm nab\u00edz\u00ed speciality z grilu, pokrmy pod pekou a rozmanit\u00e1 tradi\u010dn\u00ed dalmatsk\u00e1 j\u00eddla p\u0159ipraven\u00e1 s l\u00e1skou a pe\u010dliv\u011b vybran\u00fdmi dom\u00e1c\u00edmi surovinami.<\/p>\n<p>Pro milovn\u00edky pizzy nab\u00edz\u00edme \u0161pi\u010dkov\u00e9 a rozmanit\u00e9 mo\u017enosti, kter\u00e9 uspokoj\u00ed v\u0161echny chut\u011b, zat\u00edmco bohat\u00e1 nab\u00eddka tradi\u010dn\u00edch n\u00e1poj\u016f \u2013 v\u010detn\u011b prosecca, dom\u00e1c\u00edch lik\u00e9r\u016f a vybran\u00fdch dalmatsk\u00fdch v\u00edn \u2013 dokonale dopl\u0148uje gastronomick\u00fd z\u00e1\u017eitek.<\/p>\n<p>Restaurace disponuje prostornou venkovn\u00ed terasou, ide\u00e1ln\u00ed pro tepl\u00e9 letn\u00ed ve\u010dery, a klimatizovan\u00fdm vnit\u0159n\u00edm prostorem, kter\u00fd poskytuje p\u0159\u00edjemnou atmosf\u00e9ru po cel\u00fd den.<\/p>\n<p>V souladu s rodinn\u00fdm duchem kempu je <strong>Restaurace Adriatic <\/strong>p\u0159\u00e1telsk\u00e1 k dom\u00e1c\u00edm mazl\u00ed\u010dk\u016fm, tak\u017ee i va\u0161i \u010dty\u0159noz\u00ed p\u0159\u00e1tel\u00e9 si mohou u\u017e\u00edt bezstarostnou dovolenou s v\u00e1mi.<\/p>\n<p>Za\u017eijte autentick\u00e9 v\u016fn\u011b, chut\u011b a tradici Dalm\u00e1cie \u2013 v\u0161e na jednom m\u00edst\u011b, v <strong>Restauraci Adriatic<\/strong>.[\/vc_column_text][\/vc_column][vc_column width=&#8220;1\/2&#8243;][vc_gallery el_id=&#8220;gallery-106302&#8243; medias=&#8220;7035,7042,7049,7056,7063,7070,7077,7084&#8243; gutter_size=&#8220;3&#8243; media_items=&#8220;media|nolink|original&#8220; screen_lg=&#8220;1000&#8243; screen_md=&#8220;600&#8243; screen_sm=&#8220;480&#8243; single_shape=&#8220;round&#8220; radius=&#8220;std&#8220; single_overlay_opacity=&#8220;1&#8243; single_image_anim=&#8220;no&#8220; single_padding=&#8220;2&#8243; single_shadow=&#8220;yes&#8220; shadow_weight=&#8220;std&#8220; single_border=&#8220;yes&#8220; uncode_shortcode_id=&#8220;674996&#8243;][\/vc_column][\/vc_row][vc_row row_height_percent=&#8220;0&#8243; override_padding=&#8220;yes&#8220; h_padding=&#8220;2&#8243; top_padding=&#8220;2&#8243; bottom_padding=&#8220;4&#8243; overlay_alpha=&#8220;50&#8243; gutter_size=&#8220;3&#8243; column_width_percent=&#8220;100&#8243; shift_y=&#8220;0&#8243; z_index=&#8220;0&#8243;][vc_column width=&#8220;1\/1&#8243;][\/vc_column][\/vc_row]<\/p>\n<\/div>","protected":false},"excerpt":{"rendered":"<p>[vc_row row_height_percent=&#8220;0&#8243; override_padding=&#8220;yes&#8220; h_padding=&#8220;2&#8243; top_padding=&#8220;3&#8243; bottom_padding=&#8220;2&#8243; overlay_alpha=&#8220;50&#8243; gutter_size=&#8220;3&#8243; column_width_percent=&#8220;100&#8243; shift_y=&#8220;0&#8243; z_index=&#8220;0&#8243;][vc_column column_width_percent=&#8220;100&#8243; gutter_size=&#8220;2&#8243; back_color=&#8220;color-207971&#8243; overlay_alpha=&#8220;50&#8243; border_color=&#8220;color-platinum&#8220; border_style=&#8220;solid&#8220; shift_x=&#8220;0&#8243; shift_y=&#8220;0&#8243; shift_y_down=&#8220;0&#8243; [&hellip;]<\/p>\n","protected":false},"author":6,"featured_media":7107,"parent":0,"menu_order":0,"comment_status":"closed","ping_status":"closed","template":"","meta":{"footnotes":""},"class_list":["post-8597","page","type-page","status-publish","has-post-thumbnail","hentry","page_category-index-cs","page_category-index","page_category-offer"],"_links":{"self":[{"href":"https:\/\/adriatik-kamp.com\/cs\/wp-json\/wp\/v2\/pages\/8597","targetHints":{"allow":["GET"]}}],"collection":[{"href":"https:\/\/adriatik-kamp.com\/cs\/wp-json\/wp\/v2\/pages"}],"about":[{"href":"https:\/\/adriatik-kamp.com\/cs\/wp-json\/wp\/v2\/types\/page"}],"author":[{"embeddable":true,"href":"https:\/\/adriatik-kamp.com\/cs\/wp-json\/wp\/v2\/users\/6"}],"replies":[{"embeddable":true,"href":"https:\/\/adriatik-kamp.com\/cs\/wp-json\/wp\/v2\/comments?post=8597"}],"version-history":[{"count":5,"href":"https:\/\/adriatik-kamp.com\/cs\/wp-json\/wp\/v2\/pages\/8597\/revisions"}],"predecessor-version":[{"id":9836,"href":"https:\/\/adriatik-kamp.com\/cs\/wp-json\/wp\/v2\/pages\/8597\/revisions\/9836"}],"wp:featuredmedia":[{"embeddable":true,"href":"https:\/\/adriatik-kamp.com\/cs\/wp-json\/wp\/v2\/media\/7107"}],"wp:attachment":[{"href":"https:\/\/adriatik-kamp.com\/cs\/wp-json\/wp\/v2\/media?parent=8597"}],"curies":[{"name":"wp","href":"https:\/\/api.w.org\/{rel}","templated":true}]}}