{"id":8573,"date":"2021-04-13T09:43:14","date_gmt":"2021-04-13T07:43:14","guid":{"rendered":"https:\/\/adriatik-kamp.com\/ausfluege\/"},"modified":"2026-03-11T06:47:22","modified_gmt":"2026-03-11T04:47:22","slug":"exkurze","status":"publish","type":"page","link":"https:\/\/adriatik-kamp.com\/cs\/exkurze\/","title":{"rendered":"Exkurze"},"content":{"rendered":"<div class=\"wpb-content-wrapper\"><p>[vc_row row_height_percent=&#8220;0&#8243; override_padding=&#8220;yes&#8220; h_padding=&#8220;2&#8243; top_padding=&#8220;4&#8243; bottom_padding=&#8220;2&#8243; overlay_alpha=&#8220;50&#8243; gutter_size=&#8220;3&#8243; column_width_percent=&#8220;100&#8243; shift_y=&#8220;0&#8243; z_index=&#8220;0&#8243;][vc_column column_width_percent=&#8220;100&#8243; gutter_size=&#8220;2&#8243; back_color=&#8220;color-207971&#8243; overlay_alpha=&#8220;50&#8243; border_color=&#8220;color-platinum&#8220; border_style=&#8220;solid&#8220; shift_x=&#8220;0&#8243; shift_y=&#8220;0&#8243; shift_y_down=&#8220;0&#8243; z_index=&#8220;0&#8243; medium_width=&#8220;0&#8243; mobile_width=&#8220;0&#8243; width=&#8220;1\/1&#8243; css=&#8220;.vc_custom_1618225949471{border-left-width: 2px !important;}&#8220;][uncode_breadcrumbs text_lead=&#8220;small&#8220;][vc_custom_heading auto_text=&#8220;yes&#8220; heading_semantic=&#8220;h1&#8243; text_size=&#8220;h1&#8243; text_weight=&#8220;700&#8243;]This is a custom heading element.[\/vc_custom_heading][\/vc_column][\/vc_row][vc_row row_height_percent=&#8220;0&#8243; override_padding=&#8220;yes&#8220; h_padding=&#8220;2&#8243; top_padding=&#8220;1&#8243; bottom_padding=&#8220;2&#8243; overlay_alpha=&#8220;50&#8243; equal_height=&#8220;yes&#8220; gutter_size=&#8220;3&#8243; column_width_percent=&#8220;100&#8243; shift_y=&#8220;0&#8243; z_index=&#8220;0&#8243;][vc_column column_width_percent=&#8220;100&#8243; gutter_size=&#8220;3&#8243; back_color=&#8220;color-lxmt&#8220; overlay_alpha=&#8220;50&#8243; radius=&#8220;std&#8220; shift_x=&#8220;0&#8243; shift_y=&#8220;0&#8243; shift_y_down=&#8220;0&#8243; z_index=&#8220;0&#8243; medium_width=&#8220;0&#8243; mobile_width=&#8220;0&#8243; width=&#8220;1\/2&#8243;][vc_gallery el_id=&#8220;gallery-116900&#8243; type=&#8220;css_grid&#8220; medias=&#8220;8282,8289,8421,8428&#8243; grid_items=&#8220;2&#8243; screen_lg_items=&#8220;3&#8243; screen_lg_breakpoint=&#8220;1000&#8243; screen_md_items=&#8220;2&#8243; screen_md_breakpoint=&#8220;600&#8243; screen_sm_items=&#8220;1&#8243; screen_sm_breakpoint=&#8220;480&#8243; gutter_size=&#8220;3&#8243; single_overlay_opacity=&#8220;50&#8243; single_padding=&#8220;2&#8243; uncode_shortcode_id=&#8220;150560&#8243;][vc_column_text uncode_shortcode_id=&#8220;504092&#8243;]Primo\u0161ten je okouzluj\u00edc\u00ed dalmatsk\u00e9 m\u011bste\u010dko mezi \u0160ibenikem a Splitem, zn\u00e1m\u00e9 svou starou \u010d\u00e1st\u00ed na poloostrov\u011b se kamenn\u00fdmi domy, kapli\u010dkami a \u00fazk\u00fdmi uli\u010dkami porostl\u00fdmi st\u0159edomo\u0159skou vegetac\u00ed. Proch\u00e1zky po n\u00e1b\u0159e\u017e\u00edch, nezapomenuteln\u00e9 z\u00e1pady slunce, k\u0159i\u0161\u0165\u00e1lov\u011b \u010dist\u00e9 mo\u0159e a pestr\u00e1 gastronomie vytv\u00e1\u0159ej\u00ed dokonalou kombinaci historie, sou\u010dasn\u00e9ho \u017eivota, lid\u00ed a p\u0159\u00edrody.<\/p>\n<p><strong>\u00a0URL: <a href=\"https:\/\/visitprimosten.com\/\" target=\"_blank\" rel=\"noopener\">https:\/\/visitprimosten.com\/<\/a><\/strong>[\/vc_column_text][\/vc_column][vc_column column_width_percent=&#8220;100&#8243; gutter_size=&#8220;3&#8243; back_color=&#8220;color-lxmt&#8220; overlay_alpha=&#8220;50&#8243; radius=&#8220;std&#8220; shift_x=&#8220;0&#8243; shift_y=&#8220;0&#8243; shift_y_down=&#8220;0&#8243; z_index=&#8220;0&#8243; medium_width=&#8220;0&#8243; mobile_width=&#8220;0&#8243; width=&#8220;1\/2&#8243;][vc_gallery el_id=&#8220;gallery-1169006&#8243; type=&#8220;css_grid&#8220; medias=&#8220;8298,8435,8442,8449&#8243; grid_items=&#8220;2&#8243; screen_lg_items=&#8220;3&#8243; screen_lg_breakpoint=&#8220;1000&#8243; screen_md_items=&#8220;2&#8243; screen_md_breakpoint=&#8220;600&#8243; screen_sm_items=&#8220;1&#8243; screen_sm_breakpoint=&#8220;480&#8243; gutter_size=&#8220;3&#8243; single_overlay_opacity=&#8220;50&#8243; single_padding=&#8220;2&#8243; uncode_shortcode_id=&#8220;119559&#8243;][vc_column_text uncode_shortcode_id=&#8220;146726&#8243;]\u0160ibenik je historick\u00e9 m\u011bsto na vstupu do \u0160ibensk\u00e9ho z\u00e1livu, proslul\u00e9 katedr\u00e1lou sv. Jakuba, zapsanou na seznamu UNESCO, a syst\u00e9mem \u010dty\u0159 pevnost\u00ed, kter\u00e9 sv\u011bd\u010d\u00ed o jeho bohat\u00e9 minulosti. Kamenn\u00e9 j\u00e1dro m\u011bsta, mo\u0159e a otev\u0159en\u00e9 v\u00fdhledy na z\u00e1liv z n\u011bj \u010din\u00ed jedno z nejv\u00fdjime\u010dn\u011bj\u0161\u00edch m\u011bst st\u0159edn\u00ed Dalm\u00e1cie.<\/p>\n<p><strong>URL: <a href=\"https:\/\/www.visitsibenik.hr\/\" target=\"_blank\" rel=\"noopener\">https:\/\/www.visitsibenik.hr\/<\/a> , <a href=\"https:\/\/sibenikcard.hr\/\" target=\"_blank\" rel=\"noopener\">https:\/\/sibenikcard.hr\/<\/a><\/strong>[\/vc_column_text][\/vc_column][\/vc_row][vc_row row_height_percent=&#8220;0&#8243; overlay_alpha=&#8220;50&#8243; equal_height=&#8220;yes&#8220; gutter_size=&#8220;3&#8243; column_width_percent=&#8220;100&#8243; shift_y=&#8220;0&#8243; z_index=&#8220;0&#8243;][vc_column column_width_percent=&#8220;100&#8243; gutter_size=&#8220;3&#8243; back_color=&#8220;color-lxmt&#8220; overlay_alpha=&#8220;50&#8243; radius=&#8220;std&#8220; shift_x=&#8220;0&#8243; shift_y=&#8220;0&#8243; shift_y_down=&#8220;0&#8243; z_index=&#8220;0&#8243; medium_width=&#8220;0&#8243; mobile_width=&#8220;0&#8243; width=&#8220;1\/2&#8243;][vc_gallery el_id=&#8220;gallery-116900&#8243; type=&#8220;css_grid&#8220; medias=&#8220;8306,8456,8463,8470&#8243; grid_items=&#8220;2&#8243; screen_lg_items=&#8220;3&#8243; screen_lg_breakpoint=&#8220;1000&#8243; screen_md_items=&#8220;2&#8243; screen_md_breakpoint=&#8220;600&#8243; screen_sm_items=&#8220;1&#8243; screen_sm_breakpoint=&#8220;480&#8243; gutter_size=&#8220;3&#8243; single_overlay_opacity=&#8220;50&#8243; single_padding=&#8220;2&#8243; uncode_shortcode_id=&#8220;528175&#8243;][vc_column_text uncode_shortcode_id=&#8220;668289&#8243;]Split vyrostl kolem Diokleci\u00e1nova pal\u00e1ce, jedine\u010dn\u00e9ho pam\u00e1tkov\u00e9ho objektu antick\u00e9 architektury, kter\u00fd je ji\u017e 17 stolet\u00ed centrem m\u011bstsk\u00e9ho \u017eivota. Historick\u00e9 j\u00e1dro Splitu je na seznamu sv\u011btov\u00e9ho d\u011bdictv\u00ed UNESCO a dnes m\u011bsto spojuje bohatou historii, st\u0159edomo\u0159sk\u00fd \u017eivotn\u00ed styl a p\u0159\u00edrodn\u00ed kr\u00e1sy jako vrch Marjan a m\u011bstsk\u00e9 pl\u00e1\u017ee.<\/p>\n<p><strong>URL: <a href=\"https:\/\/visitsplit.com\/\" target=\"_blank\" rel=\"noopener\">https:\/\/visitsplit.com\/<\/a>, <a href=\"https:\/\/360.visitsplit.com\/\" target=\"_blank\" rel=\"noopener\">https:\/\/360.visitsplit.com\/<\/a>\u00a0<\/strong>[\/vc_column_text][\/vc_column][vc_column column_width_percent=&#8220;100&#8243; gutter_size=&#8220;3&#8243; back_color=&#8220;color-lxmt&#8220; overlay_alpha=&#8220;50&#8243; radius=&#8220;std&#8220; shift_x=&#8220;0&#8243; shift_y=&#8220;0&#8243; shift_y_down=&#8220;0&#8243; z_index=&#8220;0&#8243; medium_width=&#8220;0&#8243; mobile_width=&#8220;0&#8243; width=&#8220;1\/2&#8243;][vc_gallery el_id=&#8220;gallery-116900&#8243; type=&#8220;css_grid&#8220; medias=&#8220;8313,8477,8484,8491&#8243; grid_items=&#8220;2&#8243; screen_lg_items=&#8220;3&#8243; screen_lg_breakpoint=&#8220;1000&#8243; screen_md_items=&#8220;2&#8243; screen_md_breakpoint=&#8220;600&#8243; screen_sm_items=&#8220;1&#8243; screen_sm_breakpoint=&#8220;480&#8243; gutter_size=&#8220;3&#8243; single_overlay_opacity=&#8220;50&#8243; single_padding=&#8220;2&#8243; uncode_shortcode_id=&#8220;358713&#8243;][vc_column_text uncode_shortcode_id=&#8220;125402&#8243;]N\u00e1rodn\u00ed park Krka zahrnuje nejkr\u00e1sn\u011bj\u0161\u00ed \u010d\u00e1st toku \u0159eky Krky a doln\u00ed tok \u010cikoly, zn\u00e1m\u00fd travertinov\u00fdmi vodop\u00e1dy, k\u0159i\u0161\u0165\u00e1lov\u011b \u010distou vodou a mimo\u0159\u00e1dnou p\u0159\u00edrodn\u00ed hodnotou. Chr\u00e1n\u011bn\u00e1 oblast nab\u00edz\u00ed jedine\u010dn\u00fd z\u00e1\u017eitek z nedot\u010den\u00e9 p\u0159\u00edrody, bohat\u00e9ho kulturn\u00edho d\u011bdictv\u00ed a rekreace, ide\u00e1ln\u00ed pro milovn\u00edky p\u0159\u00edrody a aktivn\u00ed turisty.<\/p>\n<p><strong>URL: <a href=\"https:\/\/www.npkrka.hr\/hr\/\" target=\"_blank\" rel=\"noopener\">https:\/\/www.npkrka.hr\/hr\/<\/a><\/strong>[\/vc_column_text][\/vc_column][\/vc_row][vc_row row_height_percent=&#8220;0&#8243; override_padding=&#8220;yes&#8220; h_padding=&#8220;2&#8243; top_padding=&#8220;2&#8243; bottom_padding=&#8220;4&#8243; overlay_alpha=&#8220;50&#8243; equal_height=&#8220;yes&#8220; gutter_size=&#8220;3&#8243; column_width_percent=&#8220;100&#8243; shift_y=&#8220;0&#8243; z_index=&#8220;0&#8243;][vc_column column_width_percent=&#8220;100&#8243; gutter_size=&#8220;3&#8243; back_color=&#8220;color-lxmt&#8220; overlay_alpha=&#8220;50&#8243; radius=&#8220;std&#8220; shift_x=&#8220;0&#8243; shift_y=&#8220;0&#8243; shift_y_down=&#8220;0&#8243; z_index=&#8220;0&#8243; medium_width=&#8220;0&#8243; mobile_width=&#8220;0&#8243; width=&#8220;1\/2&#8243;][vc_gallery el_id=&#8220;gallery-116900&#8243; type=&#8220;css_grid&#8220; medias=&#8220;8320,8498,8505,8512&#8243; grid_items=&#8220;2&#8243; screen_lg_items=&#8220;3&#8243; screen_lg_breakpoint=&#8220;1000&#8243; screen_md_items=&#8220;2&#8243; screen_md_breakpoint=&#8220;600&#8243; screen_sm_items=&#8220;1&#8243; screen_sm_breakpoint=&#8220;480&#8243; gutter_size=&#8220;3&#8243; single_overlay_opacity=&#8220;50&#8243; single_padding=&#8220;2&#8243; uncode_shortcode_id=&#8220;837148&#8243;][vc_column_text uncode_shortcode_id=&#8220;237969&#8243;]Trogir okouzluje st\u0159edomo\u0159sk\u00fdm kouzlem, \u00fazk\u00fdmi kamenn\u00fdmi uli\u010dkami a historick\u00fdm j\u00e1drem, kter\u00e9 nese stopy v\u00edce ne\u017e 3600 let historie. M\u011bsto mistr\u016f, zn\u00e1m\u00e9 vynikaj\u00edc\u00edmi um\u011bleck\u00fdmi d\u00edly a UNESCO d\u011bdictv\u00edm, st\u00e1le vyza\u0159uje inspiraci a kr\u00e1su.<\/p>\n<p><strong>URL: <a href=\"https:\/\/www.visittrogir.hr\/hr\/tourist\" target=\"_blank\" rel=\"noopener\">https:\/\/www.visittrogir.hr\/hr\/tourist<\/a><\/strong>[\/vc_column_text][\/vc_column][vc_column column_width_percent=&#8220;100&#8243; gutter_size=&#8220;3&#8243; back_color=&#8220;color-lxmt&#8220; overlay_alpha=&#8220;50&#8243; radius=&#8220;std&#8220; shift_x=&#8220;0&#8243; shift_y=&#8220;0&#8243; shift_y_down=&#8220;0&#8243; z_index=&#8220;0&#8243; medium_width=&#8220;0&#8243; mobile_width=&#8220;0&#8243; width=&#8220;1\/2&#8243;][vc_gallery el_id=&#8220;gallery-116900&#8243; type=&#8220;css_grid&#8220; medias=&#8220;8327,8519,8526,8533&#8243; grid_items=&#8220;2&#8243; screen_lg_items=&#8220;3&#8243; screen_lg_breakpoint=&#8220;1000&#8243; screen_md_items=&#8220;2&#8243; screen_md_breakpoint=&#8220;600&#8243; screen_sm_items=&#8220;1&#8243; screen_sm_breakpoint=&#8220;480&#8243; gutter_size=&#8220;3&#8243; single_overlay_opacity=&#8220;50&#8243; single_padding=&#8220;2&#8243; uncode_shortcode_id=&#8220;899938&#8243;][vc_column_text uncode_shortcode_id=&#8220;341914&#8243;]Knin je m\u011bsto p\u016fsobiv\u00e9 p\u0159\u00edrody a bohat\u00e9 historie, le\u017e\u00edc\u00ed mezi mohutn\u00fdmi horami, \u0159ekami a prameny \u0159eky Krky, nad n\u00edm\u017e se ty\u010d\u00ed Dinara, nejvy\u0161\u0161\u00ed vrchol Chorvatska. Jeho panorama dominuje jedna z nejv\u011bt\u0161\u00edch st\u0159edov\u011bk\u00fdch pevnost\u00ed v Evrop\u011b, b\u00fdval\u00e9 s\u00eddlo chorvatsk\u00fdch kr\u00e1l\u016f a trval\u00fd symbol m\u011bsta.<\/p>\n<p><strong>URL: <a href=\"https:\/\/visitknin.hr\/\" target=\"_blank\" rel=\"noopener\">https:\/\/visitknin.hr\/<\/a><\/strong>[\/vc_column_text][\/vc_column][\/vc_row][vc_row row_height_percent=&#8220;0&#8243; override_padding=&#8220;yes&#8220; h_padding=&#8220;2&#8243; top_padding=&#8220;2&#8243; bottom_padding=&#8220;4&#8243; overlay_alpha=&#8220;50&#8243; equal_height=&#8220;yes&#8220; gutter_size=&#8220;3&#8243; column_width_percent=&#8220;100&#8243; shift_y=&#8220;0&#8243; z_index=&#8220;0&#8243;][vc_column column_width_percent=&#8220;100&#8243; gutter_size=&#8220;3&#8243; back_color=&#8220;color-lxmt&#8220; overlay_alpha=&#8220;50&#8243; radius=&#8220;std&#8220; shift_x=&#8220;0&#8243; shift_y=&#8220;0&#8243; shift_y_down=&#8220;0&#8243; z_index=&#8220;0&#8243; medium_width=&#8220;0&#8243; mobile_width=&#8220;0&#8243; width=&#8220;1\/2&#8243;][vc_gallery el_id=&#8220;gallery-116900&#8243; type=&#8220;css_grid&#8220; medias=&#8220;8334,8341,8348,8355&#8243; grid_items=&#8220;2&#8243; screen_lg_items=&#8220;3&#8243; screen_lg_breakpoint=&#8220;1000&#8243; screen_md_items=&#8220;2&#8243; screen_md_breakpoint=&#8220;600&#8243; screen_sm_items=&#8220;1&#8243; screen_sm_breakpoint=&#8220;480&#8243; gutter_size=&#8220;3&#8243; single_overlay_opacity=&#8220;50&#8243; single_padding=&#8220;2&#8243; uncode_shortcode_id=&#8220;560290&#8243;][vc_column_text uncode_shortcode_id=&#8220;113120&#8243;]N\u00e1rodn\u00ed park Kornati zahrnuje 89 ostrov\u016f, ostr\u016fvk\u016f a \u00fates\u016f ve st\u0159edn\u00ed Dalm\u00e1cii, p\u0159i\u010dem\u017e v\u011bt\u0161inu jeho rozlohy tvo\u0159\u00ed zachoval\u00fd mo\u0159sk\u00fd ekosyst\u00e9m s k\u0159i\u0161\u0165\u00e1lov\u011b \u010dist\u00fdm mo\u0159em. Typick\u00e9 jsou strm\u00e9 \u00fatesy \u2013 \u201ekoruny\u201c obr\u00e1cen\u00e9 k otev\u0159en\u00e9mu mo\u0159i \u2013 kter\u00e9 nab\u00edzej\u00ed jedine\u010dn\u00e9 spojen\u00ed divok\u00e9 kr\u00e1sy, klidu a nedot\u010den\u00e9 p\u0159\u00edrody.<\/p>\n<p><strong>URL: <a href=\"https:\/\/www.np-kornati.hr\/index.php?lang=hr\" target=\"_blank\" rel=\"noopener\">https:\/\/www.np-kornati.hr\/<\/a><br \/>\n<\/strong>Autor foto: Novena d.o.o.[\/vc_column_text][\/vc_column][vc_column column_width_percent=&#8220;100&#8243; gutter_size=&#8220;3&#8243; back_color=&#8220;color-lxmt&#8220; overlay_alpha=&#8220;50&#8243; radius=&#8220;std&#8220; shift_x=&#8220;0&#8243; shift_y=&#8220;0&#8243; shift_y_down=&#8220;0&#8243; z_index=&#8220;0&#8243; medium_width=&#8220;0&#8243; mobile_width=&#8220;0&#8243; width=&#8220;1\/2&#8243;][vc_gallery el_id=&#8220;gallery-116900&#8243; type=&#8220;css_grid&#8220; medias=&#8220;8362,8540,8547,8554&#8243; grid_items=&#8220;2&#8243; screen_lg_items=&#8220;3&#8243; screen_lg_breakpoint=&#8220;1000&#8243; screen_md_items=&#8220;2&#8243; screen_md_breakpoint=&#8220;600&#8243; screen_sm_items=&#8220;1&#8243; screen_sm_breakpoint=&#8220;480&#8243; gutter_size=&#8220;3&#8243; single_overlay_opacity=&#8220;50&#8243; single_padding=&#8220;2&#8243; uncode_shortcode_id=&#8220;102772&#8243;][vc_column_text uncode_shortcode_id=&#8220;211505&#8243;]Prvi\u0107 a Zlarin jsou ostrovy bez automobilov\u00e9 dopravy pobl\u00ed\u017e \u0160ibeniku, zn\u00e1m\u00e9 k\u0159i\u0161\u0165\u00e1lov\u011b \u010dist\u00fdm mo\u0159em a autentickou dalmatskou atmosf\u00e9rou. Prvi\u0107 Luka je zn\u00e1m\u00e1 jako m\u00edsto posledn\u00edho odpo\u010dinku vyn\u00e1lezce Faust Vran\u010di\u0107, zat\u00edmco Zlarin je proslul\u00fd jako \u201eostrov kor\u00e1l\u016f\u201c.<\/p>\n<p data-start=\"970\" data-end=\"1211\">Mjesto doga\u0111aja karakterizira nepregledan spust, \u0161to objektivno ote\u017eava pravodobno uo\u010davanje biciklista koji se kre\u0107e nizbrdo. Smatram da brzina kretanja biciklista nije bila prilago\u0111ena uvjetima vidljivosti i konkretnoj prometnoj situaciji.<\/p>\n<p><strong>URL: <a class=\"cursor-init\" href=\"https:\/\/www.tz-zlarin.hr\/\" target=\"_blank\" rel=\"noopener\">https:\/\/www.tz-zlarin.hr\/<\/a><br \/>\nURL: <a class=\"cursor-init\" href=\"https:\/\/www.vodice.hr\/hr\/home\" target=\"_blank\" rel=\"noopener\">https:\/\/www.vodice.hr\/hr\/home<\/a><br \/>\n<\/strong>Autor foto: TZ Zlarin, Vodice[\/vc_column_text][\/vc_column][\/vc_row]<\/p>\n<\/div>","protected":false},"excerpt":{"rendered":"<p>[vc_row row_height_percent=&#8220;0&#8243; override_padding=&#8220;yes&#8220; h_padding=&#8220;2&#8243; top_padding=&#8220;4&#8243; bottom_padding=&#8220;2&#8243; overlay_alpha=&#8220;50&#8243; gutter_size=&#8220;3&#8243; column_width_percent=&#8220;100&#8243; shift_y=&#8220;0&#8243; z_index=&#8220;0&#8243;][vc_column column_width_percent=&#8220;100&#8243; gutter_size=&#8220;2&#8243; back_color=&#8220;color-207971&#8243; overlay_alpha=&#8220;50&#8243; border_color=&#8220;color-platinum&#8220; border_style=&#8220;solid&#8220; shift_x=&#8220;0&#8243; shift_y=&#8220;0&#8243; shift_y_down=&#8220;0&#8243; [&hellip;]<\/p>\n","protected":false},"author":6,"featured_media":9298,"parent":0,"menu_order":0,"comment_status":"closed","ping_status":"closed","template":"","meta":{"footnotes":""},"class_list":["post-8573","page","type-page","status-publish","has-post-thumbnail","hentry","page_category-index-cs","page_category-index","page_category-map","page_category-offer"],"_links":{"self":[{"href":"https:\/\/adriatik-kamp.com\/cs\/wp-json\/wp\/v2\/pages\/8573","targetHints":{"allow":["GET"]}}],"collection":[{"href":"https:\/\/adriatik-kamp.com\/cs\/wp-json\/wp\/v2\/pages"}],"about":[{"href":"https:\/\/adriatik-kamp.com\/cs\/wp-json\/wp\/v2\/types\/page"}],"author":[{"embeddable":true,"href":"https:\/\/adriatik-kamp.com\/cs\/wp-json\/wp\/v2\/users\/6"}],"replies":[{"embeddable":true,"href":"https:\/\/adriatik-kamp.com\/cs\/wp-json\/wp\/v2\/comments?post=8573"}],"version-history":[{"count":6,"href":"https:\/\/adriatik-kamp.com\/cs\/wp-json\/wp\/v2\/pages\/8573\/revisions"}],"predecessor-version":[{"id":9603,"href":"https:\/\/adriatik-kamp.com\/cs\/wp-json\/wp\/v2\/pages\/8573\/revisions\/9603"}],"wp:featuredmedia":[{"embeddable":true,"href":"https:\/\/adriatik-kamp.com\/cs\/wp-json\/wp\/v2\/media\/9298"}],"wp:attachment":[{"href":"https:\/\/adriatik-kamp.com\/cs\/wp-json\/wp\/v2\/media?parent=8573"}],"curies":[{"name":"wp","href":"https:\/\/api.w.org\/{rel}","templated":true}]}}