{"id":8095,"date":"2026-02-08T19:24:39","date_gmt":"2026-02-08T17:24:39","guid":{"rendered":"https:\/\/adriatik-kamp.com\/namestitev\/"},"modified":"2026-02-19T13:11:31","modified_gmt":"2026-02-19T11:11:31","slug":"ubytovani","status":"publish","type":"page","link":"https:\/\/adriatik-kamp.com\/cs\/ubytovani\/","title":{"rendered":"Ubytov\u00e1n\u00ed"},"content":{"rendered":"<div class=\"wpb-content-wrapper\"><p>[vc_row row_height_percent=&#8220;0&#8243; override_padding=&#8220;yes&#8220; h_padding=&#8220;2&#8243; top_padding=&#8220;3&#8243; bottom_padding=&#8220;2&#8243; overlay_alpha=&#8220;50&#8243; gutter_size=&#8220;3&#8243; column_width_percent=&#8220;100&#8243; shift_y=&#8220;0&#8243; z_index=&#8220;0&#8243;][vc_column column_width_percent=&#8220;100&#8243; gutter_size=&#8220;2&#8243; back_color=&#8220;color-207971&#8243; overlay_alpha=&#8220;50&#8243; border_color=&#8220;color-platinum&#8220; border_style=&#8220;solid&#8220; shift_x=&#8220;0&#8243; shift_y=&#8220;0&#8243; shift_y_down=&#8220;0&#8243; z_index=&#8220;0&#8243; medium_width=&#8220;0&#8243; mobile_width=&#8220;0&#8243; width=&#8220;1\/1&#8243; css=&#8220;.vc_custom_1618225949471{border-left-width: 2px !important;}&#8220;][uncode_breadcrumbs text_lead=&#8220;small&#8220;][vc_custom_heading auto_text=&#8220;yes&#8220; heading_semantic=&#8220;h1&#8243; text_size=&#8220;h1&#8243; text_weight=&#8220;700&#8243;]This is a custom heading element.[\/vc_custom_heading][vc_column_text uncode_shortcode_id=&#8220;160522&#8243;]V Kemp Adriatik nab\u00edz\u00edme rozmanit\u00e9 mo\u017enosti ubytov\u00e1n\u00ed pro ka\u017ed\u00fd typ dovolen\u00e9 \u2013 od prostorn\u00fdch parcel a stanov\u00fdch z\u00f3n a\u017e po modern\u00ed, pohodln\u00e9 mobiln\u00ed domky. Ka\u017ed\u00e1 lokalita zaji\u0161\u0165uje dokonalou kombinaci soukrom\u00ed, komfortu a bezprost\u0159edn\u00ed bl\u00edzkosti mo\u0159e, obklopen\u00e1 nedot\u010denou p\u0159\u00edrodou a v\u016fn\u011bmi St\u0159edomo\u0159\u00ed.<\/p>\n<p>&nbsp;<\/p>\n<p>A\u0165 u\u017e si vyberete mobiln\u00ed domky na prav\u00e9 stran\u011b kempu, Cliff mobiln\u00ed domky u skal s panoramatick\u00fdm v\u00fdhledem, nebo deluxe a premium parcely p\u0159\u00edmo u mo\u0159e, ka\u017ed\u00fd pobyt nab\u00edz\u00ed nezapomenuteln\u00fd z\u00e1\u017eitek, relaxaci a autentickou dalmatskou atmosf\u00e9ru. Toto je m\u00edsto, kde se p\u0159\u00edroda setk\u00e1v\u00e1 s pohodl\u00edm, a kde ka\u017ed\u00e1 rodina, p\u00e1r \u010di skupina p\u0159\u00e1tel m\u016f\u017ee vytvo\u0159it sv\u00e9 nezapomenuteln\u00e9 okam\u017eiky.[\/vc_column_text][\/vc_column][\/vc_row][vc_row row_height_percent=&#8220;0&#8243; override_padding=&#8220;yes&#8220; h_padding=&#8220;2&#8243; top_padding=&#8220;2&#8243; bottom_padding=&#8220;0&#8243; overlay_alpha=&#8220;50&#8243; equal_height=&#8220;yes&#8220; gutter_size=&#8220;3&#8243; column_width_percent=&#8220;100&#8243; shift_y=&#8220;0&#8243; z_index=&#8220;0&#8243; content_parallax=&#8220;0&#8243; uncode_shortcode_id=&#8220;125059&#8243;][vc_column width=&#8220;1\/2&#8243;][vc_single_image media=&#8220;6417&#8243; media_width_percent=&#8220;100&#8243; media_ratio=&#8220;four-three&#8220; shape=&#8220;img-round&#8220; radius=&#8220;std&#8220; advanced=&#8220;yes&#8220; media_items=&#8220;media|original&#8220; media_overlay_color=&#8220;color-jevc&#8220; media_overlay_coloration=&#8220;bottom_gradient&#8220; media_overlay_opacity=&#8220;60&#8243; media_overlay_visible=&#8220;yes&#8220; media_overlay_anim=&#8220;no&#8220; media_text_visible=&#8220;yes&#8220; media_text_anim=&#8220;no&#8220; media_v_position=&#8220;bottom&#8220; media_padding=&#8220;2&#8243; media_title_dimension=&#8220;h1&#8243; media_title_custom=&#8220;Mobile Homes&#8220; media_link=&#8220;url:https%3A%2F%2Fadriatik-kamp.com%2Fcs%2Fmobilni-domky-s-vyhledem-na-kemp%2F|title:Mobiln%C3%AD%20domky%20s%20v%C3%BDhledem%20na%20kemp&#8220; uncode_shortcode_id=&#8220;399124&#8243; media_overlay_color_type=&#8220;uncode-palette&#8220; title=&#8220;Mobiln\u00ed domky s v\u00fdhledem na kemp&#8220;][\/vc_column][vc_column width=&#8220;1\/2&#8243;][vc_single_image media=&#8220;7346&#8243; media_width_percent=&#8220;100&#8243; media_ratio=&#8220;four-three&#8220; shape=&#8220;img-round&#8220; radius=&#8220;std&#8220; advanced=&#8220;yes&#8220; media_items=&#8220;media|original&#8220; media_overlay_color=&#8220;color-jevc&#8220; media_overlay_coloration=&#8220;bottom_gradient&#8220; media_overlay_opacity=&#8220;60&#8243; media_overlay_visible=&#8220;yes&#8220; media_overlay_anim=&#8220;no&#8220; media_text_visible=&#8220;yes&#8220; media_text_anim=&#8220;no&#8220; media_v_position=&#8220;bottom&#8220; media_padding=&#8220;2&#8243; media_title_dimension=&#8220;h1&#8243; media_title_custom=&#8220;CLIFF (PREMIUM) MOBILE HOMES&#8220; media_link=&#8220;url:https%3A%2F%2Fadriatik-kamp.com%2Fcs%2Fmobilni-domky-s-vyhledem-na-more%2F|title:Mobiln%C3%AD%20domky%20s%20v%C3%BDhledem%20na%20mo%C5%99e&#8220; uncode_shortcode_id=&#8220;197690&#8243; media_overlay_color_type=&#8220;uncode-palette&#8220; title=&#8220;Mobiln\u00ed domky s v\u00fdhledem na mo\u0159e&#8220;][\/vc_column][\/vc_row][vc_row row_height_percent=&#8220;0&#8243; override_padding=&#8220;yes&#8220; h_padding=&#8220;2&#8243; top_padding=&#8220;2&#8243; bottom_padding=&#8220;4&#8243; overlay_alpha=&#8220;50&#8243; equal_height=&#8220;yes&#8220; gutter_size=&#8220;3&#8243; column_width_percent=&#8220;100&#8243; shift_y=&#8220;0&#8243; z_index=&#8220;0&#8243;][vc_column width=&#8220;1\/2&#8243;][vc_single_image media=&#8220;7431&#8243; media_width_percent=&#8220;100&#8243; media_ratio=&#8220;four-three&#8220; shape=&#8220;img-round&#8220; radius=&#8220;std&#8220; advanced=&#8220;yes&#8220; media_items=&#8220;media|original&#8220; media_overlay_color=&#8220;color-jevc&#8220; media_overlay_coloration=&#8220;bottom_gradient&#8220; media_overlay_opacity=&#8220;60&#8243; media_overlay_visible=&#8220;yes&#8220; media_overlay_anim=&#8220;no&#8220; media_text_visible=&#8220;yes&#8220; media_text_anim=&#8220;no&#8220; media_v_position=&#8220;bottom&#8220; media_padding=&#8220;2&#8243; media_title_dimension=&#8220;h1&#8243; media_title_custom=&#8220;PITCHES&#8220; media_link=&#8220;url:https%3A%2F%2Fadriatik-kamp.com%2Fcs%2Fcliff-mobilni-domky-s-vyhledem-na-more%2F|title:Cliff%20mobiln%C3%AD%20domky%20s%20v%C3%BDhledem%20na%20mo%C5%99e|rel:nofollow&#8220; uncode_shortcode_id=&#8220;211671&#8243; media_overlay_color_type=&#8220;uncode-palette&#8220; title=&#8220;Cliff mobiln\u00ed domky s v\u00fdhledem na mo\u0159e&#8220;][\/vc_column][vc_column column_width_percent=&#8220;100&#8243; gutter_size=&#8220;3&#8243; overlay_alpha=&#8220;50&#8243; shift_x=&#8220;0&#8243; shift_y=&#8220;0&#8243; shift_y_down=&#8220;0&#8243; z_index=&#8220;0&#8243; medium_visibility=&#8220;yes&#8220; medium_width=&#8220;0&#8243; mobile_visibility=&#8220;yes&#8220; mobile_width=&#8220;0&#8243; width=&#8220;1\/2&#8243; uncode_shortcode_id=&#8220;213212&#8243;][vc_single_image media=&#8220;7537&#8243; media_width_percent=&#8220;100&#8243; media_ratio=&#8220;four-three&#8220; shape=&#8220;img-round&#8220; radius=&#8220;std&#8220; advanced=&#8220;yes&#8220; media_items=&#8220;media|original&#8220; media_overlay_color=&#8220;color-jevc&#8220; media_overlay_coloration=&#8220;bottom_gradient&#8220; media_overlay_opacity=&#8220;60&#8243; media_overlay_visible=&#8220;yes&#8220; media_overlay_anim=&#8220;no&#8220; media_text_visible=&#8220;yes&#8220; media_text_anim=&#8220;no&#8220; media_v_position=&#8220;bottom&#8220; media_padding=&#8220;2&#8243; media_title_dimension=&#8220;h1&#8243; media_title_custom=&#8220;PITCHES&#8220; media_link=&#8220;url:https%3A%2F%2Fadriatik-kamp.com%2Fcs%2Fcliff-mobilni-domky-u-more%2F|title:Cliff%20mobiln%C3%AD%20domky%20u%20mo%C5%99e&#8220; uncode_shortcode_id=&#8220;418032&#8243; media_overlay_color_type=&#8220;uncode-palette&#8220; title=&#8220;Cliff mobiln\u00ed domky u mo\u0159e&#8220;][\/vc_column][\/vc_row][vc_row row_height_percent=&#8220;0&#8243; override_padding=&#8220;yes&#8220; h_padding=&#8220;2&#8243; top_padding=&#8220;2&#8243; bottom_padding=&#8220;4&#8243; overlay_alpha=&#8220;50&#8243; equal_height=&#8220;yes&#8220; gutter_size=&#8220;3&#8243; column_width_percent=&#8220;100&#8243; shift_y=&#8220;0&#8243; z_index=&#8220;0&#8243;][vc_column width=&#8220;1\/2&#8243;][vc_single_image media=&#8220;7636&#8243; media_width_percent=&#8220;100&#8243; media_ratio=&#8220;four-three&#8220; shape=&#8220;img-round&#8220; radius=&#8220;std&#8220; advanced=&#8220;yes&#8220; media_items=&#8220;media|original&#8220; media_overlay_color=&#8220;color-jevc&#8220; media_overlay_coloration=&#8220;bottom_gradient&#8220; media_overlay_opacity=&#8220;60&#8243; media_overlay_visible=&#8220;yes&#8220; media_overlay_anim=&#8220;no&#8220; media_text_visible=&#8220;yes&#8220; media_text_anim=&#8220;no&#8220; media_v_position=&#8220;bottom&#8220; media_padding=&#8220;2&#8243; media_title_dimension=&#8220;h1&#8243; media_title_custom=&#8220;PITCHES&#8220; media_link=&#8220;url:https%3A%2F%2Fadriatik-kamp.com%2Fcs%2Fcliff-mobilni-domky-s-vyhledem-na-more-21%2F|title:Cliff%20mobiln%C3%AD%20domky%20s%20v%C3%BDhledem%20na%20mo%C5%99e%20(2%2B1)&#8220; uncode_shortcode_id=&#8220;104580&#8243; media_overlay_color_type=&#8220;uncode-palette&#8220; title=&#8220;Cliff mobiln\u00ed domky s v\u00fdhledem na mo\u0159e (2+1)&#8220;][\/vc_column][vc_column column_width_percent=&#8220;100&#8243; gutter_size=&#8220;3&#8243; overlay_alpha=&#8220;50&#8243; shift_x=&#8220;0&#8243; shift_y=&#8220;0&#8243; shift_y_down=&#8220;0&#8243; z_index=&#8220;0&#8243; medium_visibility=&#8220;yes&#8220; medium_width=&#8220;0&#8243; mobile_visibility=&#8220;yes&#8220; mobile_width=&#8220;0&#8243; width=&#8220;1\/2&#8243; uncode_shortcode_id=&#8220;213212&#8243;][vc_single_image media=&#8220;7678&#8243; media_width_percent=&#8220;100&#8243; media_ratio=&#8220;four-three&#8220; shape=&#8220;img-round&#8220; radius=&#8220;std&#8220; advanced=&#8220;yes&#8220; media_items=&#8220;media|original&#8220; media_overlay_color=&#8220;color-jevc&#8220; media_overlay_coloration=&#8220;bottom_gradient&#8220; media_overlay_opacity=&#8220;60&#8243; media_overlay_visible=&#8220;yes&#8220; media_overlay_anim=&#8220;no&#8220; media_text_visible=&#8220;yes&#8220; media_text_anim=&#8220;no&#8220; media_v_position=&#8220;bottom&#8220; media_padding=&#8220;2&#8243; media_title_dimension=&#8220;h1&#8243; media_title_custom=&#8220;PITCHES&#8220; media_link=&#8220;url:https%3A%2F%2Fadriatik-kamp.com%2Fcs%2Fpremium-seafront-parcely%2F|title:Premium%20Seafront%20parcely&#8220; uncode_shortcode_id=&#8220;123553&#8243; media_overlay_color_type=&#8220;uncode-palette&#8220; title=&#8220;Premium Seafront parcely&#8220;][\/vc_column][\/vc_row][vc_row row_height_percent=&#8220;0&#8243; override_padding=&#8220;yes&#8220; h_padding=&#8220;2&#8243; top_padding=&#8220;2&#8243; bottom_padding=&#8220;4&#8243; overlay_alpha=&#8220;50&#8243; equal_height=&#8220;yes&#8220; gutter_size=&#8220;3&#8243; column_width_percent=&#8220;100&#8243; shift_y=&#8220;0&#8243; z_index=&#8220;0&#8243;][vc_column width=&#8220;1\/2&#8243;][vc_single_image media=&#8220;7905&#8243; media_width_percent=&#8220;100&#8243; media_ratio=&#8220;four-three&#8220; shape=&#8220;img-round&#8220; radius=&#8220;std&#8220; advanced=&#8220;yes&#8220; media_items=&#8220;media|original&#8220; media_overlay_color=&#8220;color-jevc&#8220; media_overlay_coloration=&#8220;bottom_gradient&#8220; media_overlay_opacity=&#8220;60&#8243; media_overlay_visible=&#8220;yes&#8220; media_overlay_anim=&#8220;no&#8220; media_text_visible=&#8220;yes&#8220; media_text_anim=&#8220;no&#8220; media_v_position=&#8220;bottom&#8220; media_padding=&#8220;2&#8243; media_title_dimension=&#8220;h1&#8243; media_title_custom=&#8220;PITCHES&#8220; media_link=&#8220;url:https%3A%2F%2Fadriatik-kamp.com%2Fcs%2Fdeluxe-parcely%2F|title:Deluxe%20parcely&#8220; uncode_shortcode_id=&#8220;146504&#8243; media_overlay_color_type=&#8220;uncode-palette&#8220; title=&#8220;Deluxe parcely&#8220;][\/vc_column][vc_column column_width_percent=&#8220;100&#8243; gutter_size=&#8220;3&#8243; overlay_alpha=&#8220;50&#8243; shift_x=&#8220;0&#8243; shift_y=&#8220;0&#8243; shift_y_down=&#8220;0&#8243; z_index=&#8220;0&#8243; medium_visibility=&#8220;yes&#8220; medium_width=&#8220;0&#8243; mobile_visibility=&#8220;yes&#8220; mobile_width=&#8220;0&#8243; width=&#8220;1\/2&#8243; uncode_shortcode_id=&#8220;213212&#8243;][vc_single_image media=&#8220;7817&#8243; media_width_percent=&#8220;100&#8243; media_ratio=&#8220;four-three&#8220; shape=&#8220;img-round&#8220; radius=&#8220;std&#8220; advanced=&#8220;yes&#8220; media_items=&#8220;media|original&#8220; media_overlay_color=&#8220;color-jevc&#8220; media_overlay_coloration=&#8220;bottom_gradient&#8220; media_overlay_opacity=&#8220;60&#8243; media_overlay_visible=&#8220;yes&#8220; media_overlay_anim=&#8220;no&#8220; media_text_visible=&#8220;yes&#8220; media_text_anim=&#8220;no&#8220; media_v_position=&#8220;bottom&#8220; media_padding=&#8220;2&#8243; media_title_dimension=&#8220;h1&#8243; media_title_custom=&#8220;PITCHES&#8220; media_link=&#8220;url:https%3A%2F%2Fadriatik-kamp.com%2Fcs%2Fstandardni-parcely-s-vyhledem-na-more%2F|title:Standardn%C3%AD%20parcely%20s%20v%C3%BDhledem%20na%20mo%C5%99e&#8220; uncode_shortcode_id=&#8220;170120&#8243; media_overlay_color_type=&#8220;uncode-palette&#8220; title=&#8220;Standardn\u00ed parcely s v\u00fdhledem na mo\u0159e&#8220;][\/vc_column][\/vc_row][vc_row row_height_percent=&#8220;0&#8243; override_padding=&#8220;yes&#8220; h_padding=&#8220;2&#8243; top_padding=&#8220;2&#8243; bottom_padding=&#8220;4&#8243; overlay_alpha=&#8220;50&#8243; equal_height=&#8220;yes&#8220; gutter_size=&#8220;3&#8243; column_width_percent=&#8220;100&#8243; shift_y=&#8220;0&#8243; z_index=&#8220;0&#8243;][vc_column width=&#8220;1\/2&#8243;][vc_single_image media=&#8220;6788&#8243; media_width_percent=&#8220;100&#8243; media_ratio=&#8220;four-three&#8220; shape=&#8220;img-round&#8220; radius=&#8220;std&#8220; advanced=&#8220;yes&#8220; media_items=&#8220;media|original&#8220; media_overlay_color=&#8220;color-jevc&#8220; media_overlay_coloration=&#8220;bottom_gradient&#8220; media_overlay_opacity=&#8220;60&#8243; media_overlay_visible=&#8220;yes&#8220; media_overlay_anim=&#8220;no&#8220; media_text_visible=&#8220;yes&#8220; media_text_anim=&#8220;no&#8220; media_v_position=&#8220;bottom&#8220; media_padding=&#8220;2&#8243; media_title_dimension=&#8220;h1&#8243; media_title_custom=&#8220;PITCHES&#8220; media_link=&#8220;url:https%3A%2F%2Fadriatik-kamp.com%2Fcs%2Fstandardni-parcely-s-vyhledem-na-more%2F|title:Standardn%C3%AD%20parcely%20s%20v%C3%BDhledem%20na%20kemp&#8220; uncode_shortcode_id=&#8220;140787&#8243; media_overlay_color_type=&#8220;uncode-palette&#8220; title=&#8220;Standardn\u00ed parcely s v\u00fdhledem na kemp&#8220;][\/vc_column][vc_column column_width_percent=&#8220;100&#8243; gutter_size=&#8220;3&#8243; overlay_alpha=&#8220;50&#8243; shift_x=&#8220;0&#8243; shift_y=&#8220;0&#8243; shift_y_down=&#8220;0&#8243; z_index=&#8220;0&#8243; medium_visibility=&#8220;yes&#8220; medium_width=&#8220;0&#8243; mobile_visibility=&#8220;yes&#8220; mobile_width=&#8220;0&#8243; width=&#8220;1\/2&#8243; uncode_shortcode_id=&#8220;213212&#8243;][vc_single_image media=&#8220;7961&#8243; media_width_percent=&#8220;100&#8243; media_ratio=&#8220;four-three&#8220; shape=&#8220;img-round&#8220; radius=&#8220;std&#8220; advanced=&#8220;yes&#8220; media_items=&#8220;media|original&#8220; media_overlay_color=&#8220;color-jevc&#8220; media_overlay_coloration=&#8220;bottom_gradient&#8220; media_overlay_opacity=&#8220;60&#8243; media_overlay_visible=&#8220;yes&#8220; media_overlay_anim=&#8220;no&#8220; media_text_visible=&#8220;yes&#8220; media_text_anim=&#8220;no&#8220; media_v_position=&#8220;bottom&#8220; media_padding=&#8220;2&#8243; media_title_dimension=&#8220;h1&#8243; media_title_custom=&#8220;PITCHES&#8220; media_link=&#8220;url:https%3A%2F%2Fadriatik-kamp.com%2Fcs%2Fstanove-zony-u-more%2F|title:Stanov%C3%A9%20z%C3%B3ny%20u%20mo%C5%99e&#8220; uncode_shortcode_id=&#8220;141023&#8243; media_overlay_color_type=&#8220;uncode-palette&#8220; title=&#8220;Stanov\u00e9 z\u00f3ny u mo\u0159e&#8220;][\/vc_column][\/vc_row]<\/p>\n<\/div>","protected":false},"excerpt":{"rendered":"<p>[vc_row row_height_percent=&#8220;0&#8243; override_padding=&#8220;yes&#8220; h_padding=&#8220;2&#8243; top_padding=&#8220;3&#8243; bottom_padding=&#8220;2&#8243; overlay_alpha=&#8220;50&#8243; gutter_size=&#8220;3&#8243; column_width_percent=&#8220;100&#8243; shift_y=&#8220;0&#8243; z_index=&#8220;0&#8243;][vc_column column_width_percent=&#8220;100&#8243; gutter_size=&#8220;2&#8243; back_color=&#8220;color-207971&#8243; overlay_alpha=&#8220;50&#8243; border_color=&#8220;color-platinum&#8220; border_style=&#8220;solid&#8220; shift_x=&#8220;0&#8243; shift_y=&#8220;0&#8243; shift_y_down=&#8220;0&#8243; [&hellip;]<\/p>\n","protected":false},"author":6,"featured_media":7480,"parent":0,"menu_order":0,"comment_status":"closed","ping_status":"closed","template":"","meta":{"footnotes":""},"class_list":["post-8095","page","type-page","status-publish","has-post-thumbnail","hentry","page_category-index-cs","page_category-index","page_category-offer"],"_links":{"self":[{"href":"https:\/\/adriatik-kamp.com\/cs\/wp-json\/wp\/v2\/pages\/8095","targetHints":{"allow":["GET"]}}],"collection":[{"href":"https:\/\/adriatik-kamp.com\/cs\/wp-json\/wp\/v2\/pages"}],"about":[{"href":"https:\/\/adriatik-kamp.com\/cs\/wp-json\/wp\/v2\/types\/page"}],"author":[{"embeddable":true,"href":"https:\/\/adriatik-kamp.com\/cs\/wp-json\/wp\/v2\/users\/6"}],"replies":[{"embeddable":true,"href":"https:\/\/adriatik-kamp.com\/cs\/wp-json\/wp\/v2\/comments?post=8095"}],"version-history":[{"count":11,"href":"https:\/\/adriatik-kamp.com\/cs\/wp-json\/wp\/v2\/pages\/8095\/revisions"}],"predecessor-version":[{"id":8108,"href":"https:\/\/adriatik-kamp.com\/cs\/wp-json\/wp\/v2\/pages\/8095\/revisions\/8108"}],"wp:featuredmedia":[{"embeddable":true,"href":"https:\/\/adriatik-kamp.com\/cs\/wp-json\/wp\/v2\/media\/7480"}],"wp:attachment":[{"href":"https:\/\/adriatik-kamp.com\/cs\/wp-json\/wp\/v2\/media?parent=8095"}],"curies":[{"name":"wp","href":"https:\/\/api.w.org\/{rel}","templated":true}]}}