{"id":7982,"date":"2026-01-28T09:38:55","date_gmt":"2026-01-28T07:38:55","guid":{"rendered":"https:\/\/adriatik-kamp.com\/sotorisca-ob-morju\/"},"modified":"2026-01-28T09:48:25","modified_gmt":"2026-01-28T07:48:25","slug":"stanove-zony-u-more","status":"publish","type":"page","link":"https:\/\/adriatik-kamp.com\/cs\/stanove-zony-u-more\/","title":{"rendered":"Stanov\u00e9 z\u00f3ny u mo\u0159e"},"content":{"rendered":"<div class=\"wpb-content-wrapper\"><p>[vc_row][vc_column width=&#8220;1\/2&#8243;][vc_custom_heading uncode_shortcode_id=&#8220;153395&#8243;]<\/p>\n<h1>Stanov\u00e9 z\u00f3ny u mo\u0159e<\/h1>\n<p>[\/vc_custom_heading][vc_column_text uncode_shortcode_id=&#8220;140695&#8243;]Na\u0161e <strong>stanov\u00e9 z\u00f3ny<\/strong> se nach\u00e1zej\u00ed v bezprost\u0159edn\u00ed bl\u00edzkosti mo\u0159e, v klidn\u00e9m a p\u0159\u00edrodn\u00edm prost\u0159ed\u00ed, kter\u00e9 kempingov\u00fdm host\u016fm poskytuje relaxa\u010dn\u00ed atmosf\u00e9ru.<br \/>\nV\u011bt\u0161inu oblasti pokr\u00fdv\u00e1 st\u00edn n\u00e1dhern\u00e9ho borov\u00e9ho lesa, kter\u00fd zaji\u0161\u0165uje p\u0159\u00edjemnou teplotu a \u010derstv\u00fd vzduch po cel\u00fd den.<\/p>\n<p>Z\u00f3ny jsou ur\u010deny v\u00fdhradn\u011b pro stany, parkovac\u00ed m\u00edsta pro automobily se nach\u00e1z\u00ed v bezprost\u0159edn\u00ed bl\u00edzkosti pro praktick\u00fd p\u0159\u00edstup.<br \/>\nV\u0161echny parcely maj\u00ed p\u0159ipojen\u00ed k elekt\u0159in\u011b a Wi-Fi sign\u00e1l, co\u017e zaji\u0161\u0165uje p\u0159\u00edjemn\u00fd a propojen\u00fd pobyt.<\/p>\n<p>Ide\u00e1ln\u00ed pro milovn\u00edky p\u0159\u00edrody a klidn\u00e9 dovolen\u00e9 u mo\u0159e.[\/vc_column_text][vc_single_image media=&#8220;7940&#8243; media_width_percent=&#8220;100&#8243; uncode_shortcode_id=&#8220;766956&#8243;][\/vc_column][vc_column width=&#8220;1\/2&#8243;][vc_gallery el_id=&#8220;gallery-731742&#8243; medias=&#8220;7947,7954,7961&#8243; gutter_size=&#8220;3&#8243; single_overlay_opacity=&#8220;50&#8243; single_padding=&#8220;2&#8243; uncode_shortcode_id=&#8220;598157&#8243; title=&#8220;Mobilne ku\u0107ice s pogledom na kamp&#8220;][\/vc_column][\/vc_row]<\/p>\n<\/div>","protected":false},"excerpt":{"rendered":"<p>[vc_row][vc_column width=&#8220;1\/2&#8243;][vc_custom_heading uncode_shortcode_id=&#8220;153395&#8243;] Stanov\u00e9 z\u00f3ny u mo\u0159e [\/vc_custom_heading][vc_column_text uncode_shortcode_id=&#8220;140695&#8243;]Na\u0161e stanov\u00e9 z\u00f3ny se nach\u00e1zej\u00ed v bezprost\u0159edn\u00ed bl\u00edzkosti mo\u0159e, v klidn\u00e9m a [&hellip;]<\/p>\n","protected":false},"author":6,"featured_media":0,"parent":0,"menu_order":0,"comment_status":"closed","ping_status":"closed","template":"","meta":{"footnotes":""},"class_list":["post-7982","page","type-page","status-publish","hentry"],"_links":{"self":[{"href":"https:\/\/adriatik-kamp.com\/cs\/wp-json\/wp\/v2\/pages\/7982","targetHints":{"allow":["GET"]}}],"collection":[{"href":"https:\/\/adriatik-kamp.com\/cs\/wp-json\/wp\/v2\/pages"}],"about":[{"href":"https:\/\/adriatik-kamp.com\/cs\/wp-json\/wp\/v2\/types\/page"}],"author":[{"embeddable":true,"href":"https:\/\/adriatik-kamp.com\/cs\/wp-json\/wp\/v2\/users\/6"}],"replies":[{"embeddable":true,"href":"https:\/\/adriatik-kamp.com\/cs\/wp-json\/wp\/v2\/comments?post=7982"}],"version-history":[{"count":2,"href":"https:\/\/adriatik-kamp.com\/cs\/wp-json\/wp\/v2\/pages\/7982\/revisions"}],"predecessor-version":[{"id":7984,"href":"https:\/\/adriatik-kamp.com\/cs\/wp-json\/wp\/v2\/pages\/7982\/revisions\/7984"}],"wp:attachment":[{"href":"https:\/\/adriatik-kamp.com\/cs\/wp-json\/wp\/v2\/media?parent=7982"}],"curies":[{"name":"wp","href":"https:\/\/api.w.org\/{rel}","templated":true}]}}