{"id":7875,"date":"2026-01-28T09:11:53","date_gmt":"2026-01-28T07:11:53","guid":{"rendered":"https:\/\/adriatik-kamp.com\/standardne-parcele-z-razgledom-na-morje\/"},"modified":"2026-01-28T09:25:21","modified_gmt":"2026-01-28T07:25:21","slug":"standardni-parcely-s-vyhledem-na-more","status":"publish","type":"page","link":"https:\/\/adriatik-kamp.com\/cs\/standardni-parcely-s-vyhledem-na-more\/","title":{"rendered":"Standardn\u00ed parcely s v\u00fdhledem na mo\u0159e"},"content":{"rendered":"<div class=\"wpb-content-wrapper\"><p>[vc_row][vc_column width=&#8220;1\/2&#8243;][vc_custom_heading uncode_shortcode_id=&#8220;149997&#8243;]<\/p>\n<h1>Standardn\u00ed parcely s v\u00fdhledem na mo\u0159e<\/h1>\n<p>[\/vc_custom_heading][vc_column_text uncode_shortcode_id=&#8220;924733&#8243;]Nach\u00e1zej\u00ed se v centr\u00e1ln\u00ed \u010d\u00e1sti kempu, na\u0161e <strong>Standard<\/strong> parcely jsou ide\u00e1ln\u00ed pro v\u0161echny, kte\u0159\u00ed hledaj\u00ed praktick\u00e9 a p\u0159\u00edjemn\u00e9 kempov\u00e1n\u00ed.<br \/>\nParcely o velikosti 40 a\u017e 100 m\u00b2 jsou zvl\u00e1\u0161t\u011b vhodn\u00e9 pro stany, men\u0161\u00ed karavany nebo obytn\u00e9 vozy\/p\u0159\u00edv\u011bsy.<\/p>\n<p>V\u0161echny parcely jsou vybaveny p\u0159ipojen\u00edm na elekt\u0159inu a Wi-Fi sign\u00e1lem, co\u017e poskytuje v\u0161e pot\u0159ebn\u00e9 pro bezstarostn\u00fd pobyt.<br \/>\nV bezprost\u0159edn\u00ed bl\u00edzkosti se nach\u00e1z\u00ed tak\u00e9 ps\u00ed pl\u00e1\u017e, d\u00edky \u010demu\u017e jsou tyto parcely skv\u011blou volbou i pro majitele dom\u00e1c\u00edch mazl\u00ed\u010dk\u016f.[\/vc_column_text][vc_single_image media=&#8220;7831&#8243; media_width_percent=&#8220;100&#8243; uncode_shortcode_id=&#8220;116888&#8243;][\/vc_column][vc_column width=&#8220;1\/2&#8243;][vc_gallery el_id=&#8220;gallery-731742&#8243; medias=&#8220;7817,7824,7838,7852,7845&#8243; gutter_size=&#8220;3&#8243; single_overlay_opacity=&#8220;50&#8243; single_padding=&#8220;2&#8243; uncode_shortcode_id=&#8220;184846&#8243; title=&#8220;Mobilne ku\u0107ice s pogledom na kamp&#8220;][\/vc_column][\/vc_row]<\/p>\n<\/div>","protected":false},"excerpt":{"rendered":"<p>[vc_row][vc_column width=&#8220;1\/2&#8243;][vc_custom_heading uncode_shortcode_id=&#8220;149997&#8243;] Standardn\u00ed parcely s v\u00fdhledem na mo\u0159e [\/vc_custom_heading][vc_column_text uncode_shortcode_id=&#8220;924733&#8243;]Nach\u00e1zej\u00ed se v centr\u00e1ln\u00ed \u010d\u00e1sti kempu, na\u0161e Standard parcely jsou [&hellip;]<\/p>\n","protected":false},"author":6,"featured_media":0,"parent":0,"menu_order":0,"comment_status":"closed","ping_status":"closed","template":"","meta":{"footnotes":""},"class_list":["post-7875","page","type-page","status-publish","hentry"],"_links":{"self":[{"href":"https:\/\/adriatik-kamp.com\/cs\/wp-json\/wp\/v2\/pages\/7875","targetHints":{"allow":["GET"]}}],"collection":[{"href":"https:\/\/adriatik-kamp.com\/cs\/wp-json\/wp\/v2\/pages"}],"about":[{"href":"https:\/\/adriatik-kamp.com\/cs\/wp-json\/wp\/v2\/types\/page"}],"author":[{"embeddable":true,"href":"https:\/\/adriatik-kamp.com\/cs\/wp-json\/wp\/v2\/users\/6"}],"replies":[{"embeddable":true,"href":"https:\/\/adriatik-kamp.com\/cs\/wp-json\/wp\/v2\/comments?post=7875"}],"version-history":[{"count":2,"href":"https:\/\/adriatik-kamp.com\/cs\/wp-json\/wp\/v2\/pages\/7875\/revisions"}],"predecessor-version":[{"id":7877,"href":"https:\/\/adriatik-kamp.com\/cs\/wp-json\/wp\/v2\/pages\/7875\/revisions\/7877"}],"wp:attachment":[{"href":"https:\/\/adriatik-kamp.com\/cs\/wp-json\/wp\/v2\/media?parent=7875"}],"curies":[{"name":"wp","href":"https:\/\/api.w.org\/{rel}","templated":true}]}}