{"id":7807,"date":"2026-01-28T09:11:02","date_gmt":"2026-01-28T07:11:02","guid":{"rendered":"https:\/\/adriatik-kamp.com\/?page_id=7807"},"modified":"2026-01-28T09:11:02","modified_gmt":"2026-01-28T07:11:02","slug":"deluxe-parcely","status":"publish","type":"page","link":"https:\/\/adriatik-kamp.com\/cs\/deluxe-parcely\/","title":{"rendered":"Deluxe parcely"},"content":{"rendered":"<div class=\"wpb-content-wrapper\"><p>[vc_row][vc_column width=&#8220;1\/2&#8243;][vc_custom_heading uncode_shortcode_id=&#8220;212982&#8243;]<\/p>\n<h1>Deluxe parcely<\/h1>\n<p>[\/vc_custom_heading][vc_column_text uncode_shortcode_id=&#8220;181715&#8243;]Nach\u00e1zej\u00ed se v centr\u00e1ln\u00ed \u010d\u00e1sti kempu, na\u0161e <strong>Deluxe<\/strong> parcely poskytuj\u00ed dokonalou kombinaci klidu, soukrom\u00ed a p\u0159\u00edrodn\u00edho prost\u0159ed\u00ed.<br \/>\nObklopen\u00e9 zelen\u00ed a \u010d\u00e1ste\u010dn\u00fdm st\u00ednem, tyto parcely o velikosti 50 a\u017e 120 m\u00b2 nab\u00edzej\u00ed p\u0159\u00edjemnou a relaxa\u010dn\u00ed atmosf\u00e9ru pro v\u0161echny, kte\u0159\u00ed cht\u011bj\u00ed pob\u00fdvat v bezprost\u0159edn\u00ed bl\u00edzkosti p\u0159\u00edrody.<\/p>\n<p>Ka\u017ed\u00e1 parcela je vybavena p\u0159ipojen\u00edm na elekt\u0159inu, vodou a Wi-Fi sign\u00e1lem, co\u017e umo\u017e\u0148uje p\u0159\u00edjemn\u00fd a bezstarostn\u00fd pobyt \u2013 ide\u00e1ln\u00ed pro rodiny, p\u00e1ry a v\u0161echny milovn\u00edky p\u0159\u00edrodn\u00edch dovolen\u00fdch.[\/vc_column_text][vc_single_image media=&#8220;7752&#8243; media_width_percent=&#8220;100&#8243; uncode_shortcode_id=&#8220;435496&#8243;][\/vc_column][vc_column width=&#8220;1\/2&#8243;][vc_gallery el_id=&#8220;gallery-731742&#8243; medias=&#8220;7745,7759,7766,7773,7780,7787&#8243; gutter_size=&#8220;3&#8243; single_overlay_opacity=&#8220;50&#8243; single_padding=&#8220;2&#8243; uncode_shortcode_id=&#8220;207956&#8243; title=&#8220;Mobilne ku\u0107ice s pogledom na kamp&#8220;][\/vc_column][\/vc_row]<\/p>\n<\/div>","protected":false},"excerpt":{"rendered":"<p>[vc_row][vc_column width=&#8220;1\/2&#8243;][vc_custom_heading uncode_shortcode_id=&#8220;212982&#8243;] Deluxe parcely [\/vc_custom_heading][vc_column_text uncode_shortcode_id=&#8220;181715&#8243;]Nach\u00e1zej\u00ed se v centr\u00e1ln\u00ed \u010d\u00e1sti kempu, na\u0161e Deluxe parcely poskytuj\u00ed dokonalou kombinaci klidu, soukrom\u00ed [&hellip;]<\/p>\n","protected":false},"author":6,"featured_media":0,"parent":0,"menu_order":0,"comment_status":"closed","ping_status":"closed","template":"","meta":{"footnotes":""},"class_list":["post-7807","page","type-page","status-publish","hentry"],"_links":{"self":[{"href":"https:\/\/adriatik-kamp.com\/cs\/wp-json\/wp\/v2\/pages\/7807","targetHints":{"allow":["GET"]}}],"collection":[{"href":"https:\/\/adriatik-kamp.com\/cs\/wp-json\/wp\/v2\/pages"}],"about":[{"href":"https:\/\/adriatik-kamp.com\/cs\/wp-json\/wp\/v2\/types\/page"}],"author":[{"embeddable":true,"href":"https:\/\/adriatik-kamp.com\/cs\/wp-json\/wp\/v2\/users\/6"}],"replies":[{"embeddable":true,"href":"https:\/\/adriatik-kamp.com\/cs\/wp-json\/wp\/v2\/comments?post=7807"}],"version-history":[{"count":3,"href":"https:\/\/adriatik-kamp.com\/cs\/wp-json\/wp\/v2\/pages\/7807\/revisions"}],"predecessor-version":[{"id":7810,"href":"https:\/\/adriatik-kamp.com\/cs\/wp-json\/wp\/v2\/pages\/7807\/revisions\/7810"}],"wp:attachment":[{"href":"https:\/\/adriatik-kamp.com\/cs\/wp-json\/wp\/v2\/media?parent=7807"}],"curies":[{"name":"wp","href":"https:\/\/api.w.org\/{rel}","templated":true}]}}