{"id":7735,"date":"2026-01-28T08:41:47","date_gmt":"2026-01-28T06:41:47","guid":{"rendered":"https:\/\/adriatik-kamp.com\/premium-seafront-parcele\/"},"modified":"2026-01-28T08:54:58","modified_gmt":"2026-01-28T06:54:58","slug":"premium-seafront-parcely","status":"publish","type":"page","link":"https:\/\/adriatik-kamp.com\/cs\/premium-seafront-parcely\/","title":{"rendered":"Premium Seafront parcely"},"content":{"rendered":"<div class=\"wpb-content-wrapper\"><p>[vc_row][vc_column width=&#8220;1\/2&#8243;][vc_custom_heading uncode_shortcode_id=&#8220;155187&#8243;]<\/p>\n<h1><strong>Premium Seafront parcely<\/strong><\/h1>\n<p>[\/vc_custom_heading][vc_column_text uncode_shortcode_id=&#8220;136607&#8243;]Nach\u00e1zej\u00ed se v prvn\u00edm, druh\u00e9m, t\u0159et\u00edm a \u010dtvrt\u00e9m \u0159ad\u011b od mo\u0159e, na\u0161e <strong>Premium Seafront<\/strong> parcely poskytuj\u00ed dokonalou kombinaci soukrom\u00ed, klidu a bl\u00edzkosti pl\u00e1\u017ee.<br \/>\nObklopen\u00e9 borov\u00fdm lesem nab\u00edzej\u00ed \u010d\u00e1ste\u010dn\u00fd st\u00edn a p\u0159irozenou ochranu p\u0159ed sluncem, ide\u00e1ln\u00ed pro relaxaci po cel\u00fd den.<\/p>\n<p>V terasovit\u00e9m uspo\u0159\u00e1d\u00e1n\u00ed, s plochou od 60 do 120 m\u00b2, jsou parcely \u010d\u00e1ste\u010dn\u011b slunn\u00e9 a vybaven\u00e9 v\u0161emi pot\u0159ebn\u00fdmi slu\u017ebami: elekt\u0159ina, voda a Wi-Fi sign\u00e1l, co\u017e umo\u017e\u0148uje p\u0159\u00edjemn\u00fd a bezstarostn\u00fd pobyt.<\/p>\n<p>Jsou ide\u00e1ln\u00ed pro milovn\u00edky p\u0159\u00edrody, rodiny a p\u00e1ry, kte\u0159\u00ed hledaj\u00ed klidnou a relaxa\u010dn\u00ed dovolenou u mo\u0159e v autentick\u00e9m st\u0159edomo\u0159sk\u00e9m prost\u0159ed\u00ed.[\/vc_column_text][vc_single_image media=&#8220;7692&#8243; media_width_percent=&#8220;100&#8243; uncode_shortcode_id=&#8220;828577&#8243;][\/vc_column][vc_column width=&#8220;1\/2&#8243;][vc_gallery el_id=&#8220;gallery-731742&#8243; medias=&#8220;7678,7685,7699,7706,7713&#8243; gutter_size=&#8220;3&#8243; single_overlay_opacity=&#8220;50&#8243; single_padding=&#8220;2&#8243; uncode_shortcode_id=&#8220;183552&#8243; title=&#8220;Mobilne ku\u0107ice s pogledom na kamp&#8220;][\/vc_column][\/vc_row]<\/p>\n<\/div>","protected":false},"excerpt":{"rendered":"<p>[vc_row][vc_column width=&#8220;1\/2&#8243;][vc_custom_heading uncode_shortcode_id=&#8220;155187&#8243;] Premium Seafront parcely [\/vc_custom_heading][vc_column_text uncode_shortcode_id=&#8220;136607&#8243;]Nach\u00e1zej\u00ed se v prvn\u00edm, druh\u00e9m, t\u0159et\u00edm a \u010dtvrt\u00e9m \u0159ad\u011b od mo\u0159e, na\u0161e Premium [&hellip;]<\/p>\n","protected":false},"author":6,"featured_media":0,"parent":0,"menu_order":0,"comment_status":"closed","ping_status":"closed","template":"","meta":{"footnotes":""},"class_list":["post-7735","page","type-page","status-publish","hentry"],"_links":{"self":[{"href":"https:\/\/adriatik-kamp.com\/cs\/wp-json\/wp\/v2\/pages\/7735","targetHints":{"allow":["GET"]}}],"collection":[{"href":"https:\/\/adriatik-kamp.com\/cs\/wp-json\/wp\/v2\/pages"}],"about":[{"href":"https:\/\/adriatik-kamp.com\/cs\/wp-json\/wp\/v2\/types\/page"}],"author":[{"embeddable":true,"href":"https:\/\/adriatik-kamp.com\/cs\/wp-json\/wp\/v2\/users\/6"}],"replies":[{"embeddable":true,"href":"https:\/\/adriatik-kamp.com\/cs\/wp-json\/wp\/v2\/comments?post=7735"}],"version-history":[{"count":2,"href":"https:\/\/adriatik-kamp.com\/cs\/wp-json\/wp\/v2\/pages\/7735\/revisions"}],"predecessor-version":[{"id":7737,"href":"https:\/\/adriatik-kamp.com\/cs\/wp-json\/wp\/v2\/pages\/7735\/revisions\/7737"}],"wp:attachment":[{"href":"https:\/\/adriatik-kamp.com\/cs\/wp-json\/wp\/v2\/media?parent=7735"}],"curies":[{"name":"wp","href":"https:\/\/api.w.org\/{rel}","templated":true}]}}