{"id":7666,"date":"2026-01-28T07:45:53","date_gmt":"2026-01-28T05:45:53","guid":{"rendered":"https:\/\/adriatik-kamp.com\/cliff-mobilne-hiske-z-razgledom-na-morje-21\/"},"modified":"2026-03-18T13:04:12","modified_gmt":"2026-03-18T11:04:12","slug":"cliff-mobilni-domky-s-vyhledem-na-more-21","status":"publish","type":"page","link":"https:\/\/adriatik-kamp.com\/cs\/cliff-mobilni-domky-s-vyhledem-na-more-21\/","title":{"rendered":"Cliff mobiln\u00ed domky s v\u00fdhledem na mo\u0159e (2+1)"},"content":{"rendered":"<div class=\"wpb-content-wrapper\"><p>[vc_row][vc_column width=&#8220;1\/2&#8243;][vc_custom_heading uncode_shortcode_id=&#8220;183648&#8243;]<\/p>\n<h1><strong>Cliff mobiln\u00ed domky s v\u00fdhledem na mo\u0159e (2+1)<\/strong><\/h1>\n<p>[\/vc_custom_heading][vc_column_text uncode_shortcode_id=&#8220;251715&#8243;]S 19 m\u00b2 pohodln\u00e9ho prostoru jsou tyto mobiln\u00ed domky ide\u00e1ln\u00ed pro p\u00e1ry nebo men\u0161\u00ed rodiny, kter\u00e9 hledaj\u00ed relaxa\u010dn\u00ed a intimn\u00ed pobyt.<br \/>\nU\u017eijte si dokonalou rovnov\u00e1hu mezi soukrom\u00edm a p\u0159\u00edrodou, p\u0159i uklid\u0148uj\u00edc\u00edm zvuku vln a sv\u011b\u017e\u00edm v\u016fni borov\u00e9ho lesa.<\/p>\n<p>Nach\u00e1zej\u00ed se na lev\u00e9 stran\u011b kempu, ka\u017ed\u00e1 jednotka je klimatizovan\u00e1 a pln\u011b vybaven\u00e1 pro bezstarostn\u00fd pobyt a\u017e pro 3 osoby (2+1).[\/vc_column_text][vc_column_text uncode_shortcode_id=&#8220;157823&#8243;]<strong>Mobiln\u00ed domek obsahuje:<\/strong>[\/vc_column_text][uncode_list icon=&#8220;fa fa-check&#8220; uncode_shortcode_id=&#8220;449441&#8243;]<\/p>\n<ul>\n<li>Dvoul\u016f\u017ekov\u00e1 lo\u017enice (160 x 200 cm)<\/li>\n<li>Koupelna se sprchou a vanou a WC<\/li>\n<li>Rohov\u00e1 pohovka, kterou lze p\u0159em\u011bnit na p\u0159ist\u00fdlku (80 x 198 cm)<\/li>\n<li>J\u00eddeln\u00ed st\u016fl se \u017eidlemi<\/li>\n<li>Pln\u011b vybaven\u00e1 kuchy\u0148: elektrick\u00fd spor\u00e1k, my\u010dka, lednice s mraz\u00e1kem, k\u00e1vovar s filtrem, varn\u00e1 konvice, n\u00e1dob\u00ed a p\u0159\u00edbory<\/li>\n<li>Klimatizace, SAT TV, Wi-Fi<\/li>\n<li>Lo\u017en\u00ed pr\u00e1dlo (v\u00fdm\u011bna jednou t\u00fddn\u011b) a ru\u010dn\u00edky (v\u00fdm\u011bna ka\u017ed\u00e9 t\u0159i dny)<\/li>\n<li>Terasa (16 m\u00b2) s mark\u00fdzou, posezen\u00edm a dv\u011bma leh\u00e1tky na pl\u00e1\u017e<\/li>\n<li>Stojan na su\u0161en\u00ed pr\u00e1dla<\/li>\n<li>F\u00e9n, toaletn\u00ed pot\u0159eby, 220V z\u00e1suvky<\/li>\n<li>Soukrom\u00e9 parkov\u00e1n\u00ed u mobiln\u00edho domku<\/li>\n<\/ul>\n<p>[\/uncode_list][\/vc_column][vc_column width=&#8220;1\/2&#8243;][vc_gallery el_id=&#8220;gallery-731742&#8243; medias=&#8220;7424,7438,7445,7452,7466,7473,7480,7487,7431&#8243; gutter_size=&#8220;3&#8243; single_overlay_opacity=&#8220;50&#8243; single_padding=&#8220;2&#8243; uncode_shortcode_id=&#8220;181666&#8243; title=&#8220;Mobilne ku\u0107ice s pogledom na kamp&#8220;][\/vc_column][\/vc_row]<\/p>\n<\/div>","protected":false},"excerpt":{"rendered":"<p>[vc_row][vc_column width=&#8220;1\/2&#8243;][vc_custom_heading uncode_shortcode_id=&#8220;183648&#8243;] Cliff mobiln\u00ed domky s v\u00fdhledem na mo\u0159e (2+1) [\/vc_custom_heading][vc_column_text uncode_shortcode_id=&#8220;251715&#8243;]S 19 m\u00b2 pohodln\u00e9ho prostoru jsou tyto mobiln\u00ed [&hellip;]<\/p>\n","protected":false},"author":6,"featured_media":0,"parent":0,"menu_order":0,"comment_status":"closed","ping_status":"closed","template":"","meta":{"footnotes":""},"class_list":["post-7666","page","type-page","status-publish","hentry"],"_links":{"self":[{"href":"https:\/\/adriatik-kamp.com\/cs\/wp-json\/wp\/v2\/pages\/7666","targetHints":{"allow":["GET"]}}],"collection":[{"href":"https:\/\/adriatik-kamp.com\/cs\/wp-json\/wp\/v2\/pages"}],"about":[{"href":"https:\/\/adriatik-kamp.com\/cs\/wp-json\/wp\/v2\/types\/page"}],"author":[{"embeddable":true,"href":"https:\/\/adriatik-kamp.com\/cs\/wp-json\/wp\/v2\/users\/6"}],"replies":[{"embeddable":true,"href":"https:\/\/adriatik-kamp.com\/cs\/wp-json\/wp\/v2\/comments?post=7666"}],"version-history":[{"count":7,"href":"https:\/\/adriatik-kamp.com\/cs\/wp-json\/wp\/v2\/pages\/7666\/revisions"}],"predecessor-version":[{"id":9702,"href":"https:\/\/adriatik-kamp.com\/cs\/wp-json\/wp\/v2\/pages\/7666\/revisions\/9702"}],"wp:attachment":[{"href":"https:\/\/adriatik-kamp.com\/cs\/wp-json\/wp\/v2\/media?parent=7666"}],"curies":[{"name":"wp","href":"https:\/\/api.w.org\/{rel}","templated":true}]}}