{"id":7596,"date":"2026-01-27T22:15:28","date_gmt":"2026-01-27T20:15:28","guid":{"rendered":"https:\/\/adriatik-kamp.com\/cliff-mobilne-hiske-ob-morju\/"},"modified":"2026-03-18T13:03:02","modified_gmt":"2026-03-18T11:03:02","slug":"cliff-mobilni-domky-u-more","status":"publish","type":"page","link":"https:\/\/adriatik-kamp.com\/cs\/cliff-mobilni-domky-u-more\/","title":{"rendered":"Cliff mobiln\u00ed domky u mo\u0159e"},"content":{"rendered":"<div class=\"wpb-content-wrapper\"><p>[vc_row][vc_column width=&#8220;1\/2&#8243;][vc_custom_heading uncode_shortcode_id=&#8220;401265&#8243;]<\/p>\n<h1><strong>Cliff mobiln\u00ed domky u mo\u0159e<\/strong><\/h1>\n<p>[\/vc_custom_heading][vc_column_text uncode_shortcode_id=&#8220;177715&#8243;]Tyto kouzeln\u00e9 <strong>Cliff mobiln\u00ed domky<\/strong> jsou ide\u00e1ln\u00edm \u00fato\u010di\u0161t\u011bm pro v\u0161echny, kdo hledaj\u00ed klid, soukrom\u00ed a spojen\u00ed s p\u0159\u00edrodou.<br \/>\nNach\u00e1zej\u00ed se na skalnat\u00fdch \u010d\u00e1stech, obklopeny borov\u00fdm lesem, a nab\u00edzej\u00ed n\u00e1dhern\u00fd panoramatick\u00fd v\u00fdhled na kemp a okoln\u00ed krajinu spolu s relaxa\u010dn\u00ed st\u0159edomo\u0159skou atmosf\u00e9rou.<\/p>\n<p>Ka\u017ed\u00fd mobiln\u00ed domek (38 m\u00b2) je klimatizovan\u00fd a pln\u011b vybaven\u00fd pro bezstarostnou dovolenou a\u017e pro 6 osob (4+2).<br \/>\nNach\u00e1zej\u00ed se na lev\u00e9 stran\u011b kempu.[\/vc_column_text][vc_column_text uncode_shortcode_id=&#8220;984498&#8243;]<strong>Mobiln\u00ed domek obsahuje:<\/strong>[\/vc_column_text][uncode_list icon=&#8220;fa fa-check&#8220; uncode_shortcode_id=&#8220;670093&#8243;]<\/p>\n<ul>\n<li>Dv\u011b lo\u017enice \u2013 hlavn\u00ed lo\u017enice s man\u017eelskou postel\u00ed (160 x 200 cm) a lo\u017enice se dv\u011bma odd\u011blen\u00fdmi l\u016f\u017eky (84 x 200 cm)<\/li>\n<li>Dv\u011b koupelny se sprchou a vanou a WC<\/li>\n<li>Ob\u00fdvac\u00ed pokoj s rohovou pohovkou, kterou lze p\u0159em\u011bnit na p\u0159ist\u00fdlku (140 x 190 cm)<\/li>\n<li>J\u00eddeln\u00ed st\u016fl se 4 \u017eidlemi<\/li>\n<li>Pln\u011b vybaven\u00e1 kuchy\u0148: elektrick\u00fd spor\u00e1k, my\u010dka, lednice s mraz\u00e1kem, k\u00e1vovar s filtrem, varn\u00e1 konvice, n\u00e1dob\u00ed a p\u0159\u00edbory<\/li>\n<li>Klimatizace, SAT TV, Wi-Fi<\/li>\n<li>Lo\u017en\u00ed pr\u00e1dlo (v\u00fdm\u011bna jednou t\u00fddn\u011b) a ru\u010dn\u00edky (v\u00fdm\u011bna ka\u017ed\u00e9 t\u0159i dny)<\/li>\n<li>Terasa (26 m\u00b2) s mark\u00fdzou, posezen\u00edm a dv\u011bma leh\u00e1tky<\/li>\n<li>Stojan na su\u0161en\u00ed pr\u00e1dla<\/li>\n<li>F\u00e9n, toaletn\u00ed pot\u0159eby, 220V z\u00e1suvky<\/li>\n<li>Soukrom\u00e9 parkov\u00e1n\u00ed u mobiln\u00edho domku<\/li>\n<\/ul>\n<p>[\/uncode_list][vc_single_image media=&#8220;7565&#8243; media_width_percent=&#8220;100&#8243; uncode_shortcode_id=&#8220;216738&#8243;][\/vc_column][vc_column width=&#8220;1\/2&#8243;][vc_gallery el_id=&#8220;gallery-731742&#8243; medias=&#8220;7523,7530,7544,7551,7558,7572,7537&#8243; gutter_size=&#8220;3&#8243; single_overlay_opacity=&#8220;50&#8243; single_padding=&#8220;2&#8243; uncode_shortcode_id=&#8220;168260&#8243; title=&#8220;Mobilne ku\u0107ice s pogledom na kamp&#8220;][\/vc_column][\/vc_row]<\/p>\n<\/div>","protected":false},"excerpt":{"rendered":"<p>[vc_row][vc_column width=&#8220;1\/2&#8243;][vc_custom_heading uncode_shortcode_id=&#8220;401265&#8243;] Cliff mobiln\u00ed domky u mo\u0159e [\/vc_custom_heading][vc_column_text uncode_shortcode_id=&#8220;177715&#8243;]Tyto kouzeln\u00e9 Cliff mobiln\u00ed domky jsou ide\u00e1ln\u00edm \u00fato\u010di\u0161t\u011bm pro v\u0161echny, kdo [&hellip;]<\/p>\n","protected":false},"author":6,"featured_media":0,"parent":0,"menu_order":0,"comment_status":"closed","ping_status":"closed","template":"","meta":{"footnotes":""},"class_list":["post-7596","page","type-page","status-publish","hentry"],"_links":{"self":[{"href":"https:\/\/adriatik-kamp.com\/cs\/wp-json\/wp\/v2\/pages\/7596","targetHints":{"allow":["GET"]}}],"collection":[{"href":"https:\/\/adriatik-kamp.com\/cs\/wp-json\/wp\/v2\/pages"}],"about":[{"href":"https:\/\/adriatik-kamp.com\/cs\/wp-json\/wp\/v2\/types\/page"}],"author":[{"embeddable":true,"href":"https:\/\/adriatik-kamp.com\/cs\/wp-json\/wp\/v2\/users\/6"}],"replies":[{"embeddable":true,"href":"https:\/\/adriatik-kamp.com\/cs\/wp-json\/wp\/v2\/comments?post=7596"}],"version-history":[{"count":5,"href":"https:\/\/adriatik-kamp.com\/cs\/wp-json\/wp\/v2\/pages\/7596\/revisions"}],"predecessor-version":[{"id":9698,"href":"https:\/\/adriatik-kamp.com\/cs\/wp-json\/wp\/v2\/pages\/7596\/revisions\/9698"}],"wp:attachment":[{"href":"https:\/\/adriatik-kamp.com\/cs\/wp-json\/wp\/v2\/media?parent=7596"}],"curies":[{"name":"wp","href":"https:\/\/api.w.org\/{rel}","templated":true}]}}