{"id":7412,"date":"2026-01-27T18:42:14","date_gmt":"2026-01-27T16:42:14","guid":{"rendered":"https:\/\/adriatik-kamp.com\/mobilne-hiske-z-razgledom-na-morje\/"},"modified":"2026-03-18T12:59:29","modified_gmt":"2026-03-18T10:59:29","slug":"mobilni-domky-s-vyhledem-na-more","status":"publish","type":"page","link":"https:\/\/adriatik-kamp.com\/cs\/mobilni-domky-s-vyhledem-na-more\/","title":{"rendered":"Mobiln\u00ed domky s v\u00fdhledem na mo\u0159e"},"content":{"rendered":"<div class=\"wpb-content-wrapper\"><p>[vc_row][vc_column width=&#8220;1\/2&#8243;][vc_custom_heading uncode_shortcode_id=&#8220;102517&#8243;]<\/p>\n<h1>Mobiln\u00ed domky s v\u00fdhledem na mo\u0159e<\/h1>\n<p>[\/vc_custom_heading][vc_column_text uncode_shortcode_id=&#8220;146686&#8243;]Nach\u00e1zej\u00ed se v bezprost\u0159edn\u00ed bl\u00edzkosti mo\u0159e, na\u0161e modern\u00ed mobiln\u00ed domky kombinuj\u00ed svobodu kempov\u00e1n\u00ed s pohodl\u00edm pr\u00e9miov\u00e9ho ubytov\u00e1n\u00ed v st\u0159edomo\u0159sk\u00e9m prost\u0159ed\u00ed.<br \/>\nKa\u017ed\u00fd mobiln\u00ed domek (32 m\u00b2) je klimatizovan\u00fd a pln\u011b vybaven\u00fd pro bezstarostnou dovolenou a\u017e pro 6 osob (4+2).<\/p>\n<p>Domky jsou ide\u00e1ln\u00ed pro rodinnou dovolenou nebo pobyt ve dvojici a nab\u00edzej\u00ed kr\u00e1sn\u00fd v\u00fdhled na mo\u0159e a relaxa\u010dn\u00ed st\u0159edomo\u0159skou atmosf\u00e9ru.[\/vc_column_text][vc_column_text uncode_shortcode_id=&#8220;166242&#8243;]<strong>Mobiln\u00ed domek obsahuje:<\/strong>[\/vc_column_text][uncode_list icon=&#8220;fa fa-check&#8220; uncode_shortcode_id=&#8220;209910&#8243;]<\/p>\n<ul>\n<li>Dv\u011b lo\u017enice \u2013 hlavn\u00ed lo\u017enice s man\u017eelskou postel\u00ed (160 x 200 cm) a lo\u017enice se dv\u011bma odd\u011blen\u00fdmi l\u016f\u017eky (80 x 200 cm)<\/li>\n<li>Dv\u011b modern\u00ed koupelny se sprchou a WC<\/li>\n<li>Ob\u00fdvac\u00ed pokoj s rohovou pohovkou, kterou lze p\u0159em\u011bnit na p\u0159ist\u00fdlku (140 x 190 cm)<\/li>\n<li>Pln\u011b vybaven\u00e1 kuchy\u0148: elektrick\u00fd spor\u00e1k, my\u010dka, lednice s mraz\u00e1kem, k\u00e1vovar s filtrem, varn\u00e1 konvice, n\u00e1dob\u00ed a p\u0159\u00edbory<\/li>\n<li>J\u00eddeln\u00ed st\u016fl se 4 \u017eidlemi<\/li>\n<li>SAT TV, Wi-Fi, klimatizace<\/li>\n<li>Lo\u017en\u00ed pr\u00e1dlo (v\u00fdm\u011bna jednou t\u00fddn\u011b) a ru\u010dn\u00edky (v\u00fdm\u011bna t\u0159ikr\u00e1t t\u00fddn\u011b)<\/li>\n<li>Terasa (20 m\u00b2) s mark\u00fdzou, posezen\u00edm a dv\u011bma leh\u00e1tky na pl\u00e1\u017e<\/li>\n<li>Stojan na su\u0161en\u00ed pr\u00e1dla<\/li>\n<li>S\u00edt\u011b proti hmyzu na v\u0161ech oknech<\/li>\n<li>Soukrom\u00e9 parkov\u00e1n\u00ed u mobiln\u00edho domku<\/li>\n<\/ul>\n<p>[\/uncode_list][vc_single_image media=&#8220;7304&#8243; media_width_percent=&#8220;100&#8243; uncode_shortcode_id=&#8220;466576&#8243;][\/vc_column][vc_column width=&#8220;1\/2&#8243;][vc_gallery el_id=&#8220;gallery-731742&#8243; medias=&#8220;7297,7311,7318,7325,7332,7339,7353,7360,7367,7346&#8243; gutter_size=&#8220;3&#8243; single_overlay_opacity=&#8220;50&#8243; single_padding=&#8220;2&#8243; uncode_shortcode_id=&#8220;376258&#8243; title=&#8220;Mobilne ku\u0107ice s pogledom na kamp&#8220;][\/vc_column][\/vc_row]<\/p>\n<\/div>","protected":false},"excerpt":{"rendered":"<p>[vc_row][vc_column width=&#8220;1\/2&#8243;][vc_custom_heading uncode_shortcode_id=&#8220;102517&#8243;] Mobiln\u00ed domky s v\u00fdhledem na mo\u0159e [\/vc_custom_heading][vc_column_text uncode_shortcode_id=&#8220;146686&#8243;]Nach\u00e1zej\u00ed se v bezprost\u0159edn\u00ed bl\u00edzkosti mo\u0159e, na\u0161e modern\u00ed mobiln\u00ed domky [&hellip;]<\/p>\n","protected":false},"author":6,"featured_media":0,"parent":0,"menu_order":0,"comment_status":"closed","ping_status":"closed","template":"","meta":{"footnotes":""},"class_list":["post-7412","page","type-page","status-publish","hentry"],"_links":{"self":[{"href":"https:\/\/adriatik-kamp.com\/cs\/wp-json\/wp\/v2\/pages\/7412","targetHints":{"allow":["GET"]}}],"collection":[{"href":"https:\/\/adriatik-kamp.com\/cs\/wp-json\/wp\/v2\/pages"}],"about":[{"href":"https:\/\/adriatik-kamp.com\/cs\/wp-json\/wp\/v2\/types\/page"}],"author":[{"embeddable":true,"href":"https:\/\/adriatik-kamp.com\/cs\/wp-json\/wp\/v2\/users\/6"}],"replies":[{"embeddable":true,"href":"https:\/\/adriatik-kamp.com\/cs\/wp-json\/wp\/v2\/comments?post=7412"}],"version-history":[{"count":6,"href":"https:\/\/adriatik-kamp.com\/cs\/wp-json\/wp\/v2\/pages\/7412\/revisions"}],"predecessor-version":[{"id":9694,"href":"https:\/\/adriatik-kamp.com\/cs\/wp-json\/wp\/v2\/pages\/7412\/revisions\/9694"}],"wp:attachment":[{"href":"https:\/\/adriatik-kamp.com\/cs\/wp-json\/wp\/v2\/media?parent=7412"}],"curies":[{"name":"wp","href":"https:\/\/api.w.org\/{rel}","templated":true}]}}