{"id":7285,"date":"2026-01-27T18:23:42","date_gmt":"2026-01-27T16:23:42","guid":{"rendered":"https:\/\/adriatik-kamp.com\/mobilne-hiske-z-razgledom-na-kamp\/"},"modified":"2026-03-18T12:58:11","modified_gmt":"2026-03-18T10:58:11","slug":"mobilni-domky-s-vyhledem-na-kemp","status":"publish","type":"page","link":"https:\/\/adriatik-kamp.com\/cs\/mobilni-domky-s-vyhledem-na-kemp\/","title":{"rendered":"Mobiln\u00ed domky s v\u00fdhledem na kemp"},"content":{"rendered":"<div class=\"wpb-content-wrapper\"><p>[vc_row][vc_column width=&#8220;1\/2&#8243;][vc_custom_heading uncode_shortcode_id=&#8220;105310&#8243;]<\/p>\n<h1>Mobiln\u00ed domky s v\u00fdhledem na kemp<\/h1>\n<p>[\/vc_custom_heading][vc_column_text uncode_shortcode_id=&#8220;109921&#8243;]Nach\u00e1zej\u00ed se v bezprost\u0159edn\u00ed bl\u00edzkosti mo\u0159e, na\u0161e modern\u00ed mobiln\u00ed domky kombinuj\u00ed svobodu kempov\u00e1n\u00ed s pohodl\u00edm pr\u00e9miov\u00e9ho ubytov\u00e1n\u00ed v st\u0159edomo\u0159sk\u00e9m prost\u0159ed\u00ed.<br \/>\nKa\u017ed\u00fd mobiln\u00ed domek (32 m\u00b2) je klimatizovan\u00fd a pln\u011b vybaven\u00fd pro bezstarostnou dovolenou pro a\u017e 6 osob (4+2).<\/p>\n<p>Mobiln\u00ed domky jsou <strong>pet-friendly<\/strong> a ide\u00e1ln\u00ed pro rodinnou dovolenou v p\u0159\u00edrod\u011b, s kr\u00e1sn\u00fdm v\u00fdhledem na kemp a jeho okol\u00ed[\/vc_column_text][vc_column_text uncode_shortcode_id=&#8220;979172&#8243;]<strong>Mobiln\u00ed domek zahrnuje:<\/strong>[\/vc_column_text][uncode_list icon=&#8220;fa fa-check&#8220; uncode_shortcode_id=&#8220;550928&#8243;]<\/p>\n<ul>\n<li>Dv\u011b lo\u017enice \u2013 hlavn\u00ed lo\u017enice s man\u017eelskou postel\u00ed (160 x 200 cm) a lo\u017enice se dv\u011bma jednol\u016f\u017eky (84 x 200 cm)<\/li>\n<li>Dv\u011b modern\u00ed koupelny se sprchou a vanou a WC<\/li>\n<li>Ob\u00fdvac\u00ed pokoj s rohovou pohovkou, kterou lze p\u0159em\u011bnit na p\u0159ist\u00fdlku (140 x 190 cm)<\/li>\n<li>Pln\u011b vybaven\u00e1 kuchy\u0148: elektrick\u00fd spor\u00e1k, my\u010dka, lednice s mraz\u00e1kem, k\u00e1vovar s filtrem, varn\u00e1 konvice, n\u00e1dob\u00ed a p\u0159\u00edbory<\/li>\n<li>J\u00eddeln\u00ed st\u016fl se 4 \u017eidlemi<\/li>\n<li>SAT TV, Wi-Fi, klimatizace<\/li>\n<li>Lo\u017en\u00ed pr\u00e1dlo (v\u00fdm\u011bna jednou t\u00fddn\u011b) a ru\u010dn\u00edky (v\u00fdm\u011bna ka\u017ed\u00e9 t\u0159i dny)<\/li>\n<li>Terasa (20 m\u00b2) s mark\u00fdzou, posezen\u00edm a dv\u011bma leh\u00e1tky<\/li>\n<li>S\u00edt\u011b proti hmyzu na v\u0161ech oknech<\/li>\n<li>Soukrom\u00e9 parkov\u00e1n\u00ed u mobiln\u00edho domku<\/li>\n<\/ul>\n<p>[\/uncode_list][vc_single_image media=&#8220;7246&#8243; media_width_percent=&#8220;100&#8243; uncode_shortcode_id=&#8220;128831&#8243;][\/vc_column][vc_column width=&#8220;1\/2&#8243;][vc_gallery el_id=&#8220;gallery-731742&#8243; medias=&#8220;7176,7183,7197,7218,7225,7232,9511&#8243; gutter_size=&#8220;3&#8243; single_overlay_opacity=&#8220;50&#8243; single_padding=&#8220;2&#8243; uncode_shortcode_id=&#8220;181337&#8243; title=&#8220;Mobilne ku\u0107ice s pogledom na kamp&#8220;][\/vc_column][\/vc_row]<\/p>\n<\/div>","protected":false},"excerpt":{"rendered":"<p>[vc_row][vc_column width=&#8220;1\/2&#8243;][vc_custom_heading uncode_shortcode_id=&#8220;105310&#8243;] Mobiln\u00ed domky s v\u00fdhledem na kemp [\/vc_custom_heading][vc_column_text uncode_shortcode_id=&#8220;109921&#8243;]Nach\u00e1zej\u00ed se v bezprost\u0159edn\u00ed bl\u00edzkosti mo\u0159e, na\u0161e modern\u00ed mobiln\u00ed domky [&hellip;]<\/p>\n","protected":false},"author":6,"featured_media":0,"parent":0,"menu_order":0,"comment_status":"closed","ping_status":"closed","template":"","meta":{"footnotes":""},"class_list":["post-7285","page","type-page","status-publish","hentry"],"_links":{"self":[{"href":"https:\/\/adriatik-kamp.com\/cs\/wp-json\/wp\/v2\/pages\/7285","targetHints":{"allow":["GET"]}}],"collection":[{"href":"https:\/\/adriatik-kamp.com\/cs\/wp-json\/wp\/v2\/pages"}],"about":[{"href":"https:\/\/adriatik-kamp.com\/cs\/wp-json\/wp\/v2\/types\/page"}],"author":[{"embeddable":true,"href":"https:\/\/adriatik-kamp.com\/cs\/wp-json\/wp\/v2\/users\/6"}],"replies":[{"embeddable":true,"href":"https:\/\/adriatik-kamp.com\/cs\/wp-json\/wp\/v2\/comments?post=7285"}],"version-history":[{"count":6,"href":"https:\/\/adriatik-kamp.com\/cs\/wp-json\/wp\/v2\/pages\/7285\/revisions"}],"predecessor-version":[{"id":9690,"href":"https:\/\/adriatik-kamp.com\/cs\/wp-json\/wp\/v2\/pages\/7285\/revisions\/9690"}],"wp:attachment":[{"href":"https:\/\/adriatik-kamp.com\/cs\/wp-json\/wp\/v2\/media?parent=7285"}],"curies":[{"name":"wp","href":"https:\/\/api.w.org\/{rel}","templated":true}]}}