{"id":7134,"date":"2021-04-13T09:26:55","date_gmt":"2021-04-13T07:26:55","guid":{"rendered":"https:\/\/adriatik-kamp.com\/aktivnosti-i-zabava-u-camp-adriatic\/"},"modified":"2026-04-21T19:25:29","modified_gmt":"2026-04-21T17:25:29","slug":"aktivity-a-zabava","status":"publish","type":"page","link":"https:\/\/adriatik-kamp.com\/cs\/aktivity-a-zabava\/","title":{"rendered":"Aktivity a z\u00e1bava"},"content":{"rendered":"<div class=\"wpb-content-wrapper\"><p>[vc_row row_height_percent=&#8220;0&#8243; override_padding=&#8220;yes&#8220; h_padding=&#8220;2&#8243; top_padding=&#8220;3&#8243; bottom_padding=&#8220;2&#8243; overlay_alpha=&#8220;50&#8243; gutter_size=&#8220;3&#8243; column_width_percent=&#8220;100&#8243; shift_y=&#8220;0&#8243; z_index=&#8220;0&#8243;][vc_column column_width_percent=&#8220;100&#8243; gutter_size=&#8220;2&#8243; back_color=&#8220;color-207971&#8243; overlay_alpha=&#8220;50&#8243; border_color=&#8220;color-platinum&#8220; border_style=&#8220;solid&#8220; shift_x=&#8220;0&#8243; shift_y=&#8220;0&#8243; shift_y_down=&#8220;0&#8243; z_index=&#8220;0&#8243; medium_width=&#8220;0&#8243; mobile_width=&#8220;0&#8243; width=&#8220;1\/1&#8243; css=&#8220;.vc_custom_1618225949471{border-left-width: 2px !important;}&#8220;][uncode_breadcrumbs text_lead=&#8220;small&#8220;][vc_custom_heading auto_text=&#8220;yes&#8220; heading_semantic=&#8220;h1&#8243; text_size=&#8220;h1&#8243; text_weight=&#8220;700&#8243;]This is a custom heading element.[\/vc_custom_heading][vc_column_text uncode_shortcode_id=&#8220;102819&#8243;]V<strong> Kemp Adriatic<\/strong>\u00a0jsou z\u00e1bava a aktivity v\u017edy sou\u010d\u00e1st\u00ed z\u00e1\u017eitku.<br \/>\nV bezprost\u0159edn\u00ed bl\u00edzkosti pl\u00e1\u017ee se nach\u00e1z\u00ed h\u0159i\u0161t\u011b na pl\u00e1\u017eov\u00fd volejbal a rekrea\u010dn\u00ed park pro d\u011bti i dosp\u011bl\u00e9. Okol\u00ed kempu nab\u00edz\u00ed skv\u011bl\u00e9 podm\u00ednky pro turistiku, p\u011b\u0161\u00ed vych\u00e1zky, cyklistiku a pot\u00e1p\u011bn\u00ed. Pro milovn\u00edky pot\u00e1p\u011bn\u00ed nab\u00edz\u00ed <strong>Pot\u00e1p\u011b\u010dsk\u00e9 centrum Pongo<\/strong> v Primo\u0161tenu atraktivn\u00ed programy k objevov\u00e1n\u00ed podvodn\u00edho sv\u011bta.<\/p>\n<p>Sportovn\u00ed nad\u0161enci mohou vyu\u017e\u00edt h\u0159i\u0161t\u011b na fotbal, volejbal, tenis, stoln\u00ed tenis, boule a basketbal. Kemp je propojen s Primo\u0161tenem 2,5 km dlouhou cyklistickou a p\u011b\u0161\u00ed stezkou pod\u00e9l mo\u0159e, co\u017e umo\u017e\u0148uje bezpe\u010dn\u00fd a pohodln\u00fd p\u0159\u00edstup do m\u011bsta.<\/p>\n<p>V samotn\u00e9m Primo\u0161tenu mohou n\u00e1v\u0161t\u011bvn\u00edci objevovat dva malebn\u00e9 poloostrovy a u\u017e\u00edvat si rozmanit\u00e1 kav\u00e1rny, cukr\u00e1rny, konoby a restaurace s bohatou m\u00edstn\u00ed nab\u00eddkou. B\u011bhem cel\u00e9ho roku m\u016f\u017eete sledovat tak\u00e9 koncerty m\u00edstn\u00edch kapel, dechov\u00fdch orchestr\u016f a tradi\u010dn\u00ed folklorn\u00ed vystoupen\u00ed.<\/p>\n<p>B\u011bhem sez\u00f3ny se ka\u017ed\u00e9 ve\u010der organizuje d\u011btsk\u00fd program, kter\u00fd zahrnuje tanec, zp\u011bv, r\u016fzn\u00e9 hry a projekce film\u016f, aby se mal\u00ed host\u00e9 bavili a socializovali. Denn\u00ed a ve\u010dern\u00ed program vedou zku\u0161en\u00ed anim\u00e1to\u0159i pro d\u011bti i dosp\u011bl\u00e9.<\/p>\n<p><strong>Vybaven\u00ed v kempu:<\/strong><\/p>\n<ul>\n<li>Kids Club (pouze sez\u00f3nn\u011b)<\/li>\n<li>Celodenn\u00ed anima\u010dn\u00ed program (pouze sez\u00f3nn\u011b)<\/li>\n<li>Sportovn\u00ed aktivity: pl\u00e1\u017eov\u00fd volejbal, tenis, stoln\u00ed tenis, fotbal, basketbal<\/li>\n<li>Kajaky, SUP prkna, aqua park, \u0161lapadla<\/li>\n<\/ul>\n<p><strong>Kemp Adriatic<\/strong> dokonale spojuje p\u0159\u00edrodu, sport a z\u00e1bavu a poskytuje nezapomenuteln\u00fd z\u00e1\u017eitek z dovolen\u00e9 pro rodiny, p\u00e1ry a milovn\u00edky dobrodru\u017estv\u00ed.[\/vc_column_text][\/vc_column][\/vc_row][vc_row][vc_column width=&#8220;1\/1&#8243;][vc_gallery el_id=&#8220;gallery-728947&#8243; medias=&#8220;8706,8713,8720,8727,8734,8741,8748,8755,8762,8769,8776,8783,8790,8797&#8243; gutter_size=&#8220;3&#8243; media_items=&#8220;media|nolink|original,icon&#8220; screen_lg=&#8220;1000&#8243; screen_md=&#8220;600&#8243; screen_sm=&#8220;480&#8243; single_shape=&#8220;round&#8220; radius=&#8220;lg&#8220; single_overlay_opacity=&#8220;1&#8243; single_image_anim=&#8220;no&#8220; single_padding=&#8220;2&#8243; single_shadow=&#8220;yes&#8220; shadow_weight=&#8220;std&#8220; single_border=&#8220;yes&#8220; single_css_animation=&#8220;bottom-t-top&#8220; uncode_shortcode_id=&#8220;412211&#8243;][\/vc_column][\/vc_row]<\/p>\n<\/div>","protected":false},"excerpt":{"rendered":"<p>[vc_row row_height_percent=&#8220;0&#8243; override_padding=&#8220;yes&#8220; h_padding=&#8220;2&#8243; top_padding=&#8220;3&#8243; bottom_padding=&#8220;2&#8243; overlay_alpha=&#8220;50&#8243; gutter_size=&#8220;3&#8243; column_width_percent=&#8220;100&#8243; shift_y=&#8220;0&#8243; z_index=&#8220;0&#8243;][vc_column column_width_percent=&#8220;100&#8243; gutter_size=&#8220;2&#8243; back_color=&#8220;color-207971&#8243; overlay_alpha=&#8220;50&#8243; border_color=&#8220;color-platinum&#8220; border_style=&#8220;solid&#8220; shift_x=&#8220;0&#8243; shift_y=&#8220;0&#8243; shift_y_down=&#8220;0&#8243; [&hellip;]<\/p>\n","protected":false},"author":6,"featured_media":8706,"parent":0,"menu_order":0,"comment_status":"closed","ping_status":"closed","template":"","meta":{"footnotes":""},"class_list":["post-7134","page","type-page","status-publish","has-post-thumbnail","hentry","page_category-index-cs","page_category-index","page_category-offer"],"_links":{"self":[{"href":"https:\/\/adriatik-kamp.com\/cs\/wp-json\/wp\/v2\/pages\/7134","targetHints":{"allow":["GET"]}}],"collection":[{"href":"https:\/\/adriatik-kamp.com\/cs\/wp-json\/wp\/v2\/pages"}],"about":[{"href":"https:\/\/adriatik-kamp.com\/cs\/wp-json\/wp\/v2\/types\/page"}],"author":[{"embeddable":true,"href":"https:\/\/adriatik-kamp.com\/cs\/wp-json\/wp\/v2\/users\/6"}],"replies":[{"embeddable":true,"href":"https:\/\/adriatik-kamp.com\/cs\/wp-json\/wp\/v2\/comments?post=7134"}],"version-history":[{"count":7,"href":"https:\/\/adriatik-kamp.com\/cs\/wp-json\/wp\/v2\/pages\/7134\/revisions"}],"predecessor-version":[{"id":9900,"href":"https:\/\/adriatik-kamp.com\/cs\/wp-json\/wp\/v2\/pages\/7134\/revisions\/9900"}],"wp:featuredmedia":[{"embeddable":true,"href":"https:\/\/adriatik-kamp.com\/cs\/wp-json\/wp\/v2\/media\/8706"}],"wp:attachment":[{"href":"https:\/\/adriatik-kamp.com\/cs\/wp-json\/wp\/v2\/media?parent=7134"}],"curies":[{"name":"wp","href":"https:\/\/api.w.org\/{rel}","templated":true}]}}