{"id":7019,"date":"2021-04-12T10:23:49","date_gmt":"2021-04-12T08:23:49","guid":{"rendered":"https:\/\/adriatik-kamp.com\/about-us\/"},"modified":"2026-03-31T16:29:11","modified_gmt":"2026-03-31T14:29:11","slug":"o-nas","status":"publish","type":"page","link":"https:\/\/adriatik-kamp.com\/cs\/o-nas\/","title":{"rendered":"O n\u00e1s"},"content":{"rendered":"<div class=\"wpb-content-wrapper\"><p>[vc_row row_height_percent=&#8220;0&#8243; override_padding=&#8220;yes&#8220; h_padding=&#8220;2&#8243; top_padding=&#8220;3&#8243; bottom_padding=&#8220;2&#8243; overlay_alpha=&#8220;50&#8243; gutter_size=&#8220;3&#8243; column_width_percent=&#8220;100&#8243; shift_y=&#8220;0&#8243; z_index=&#8220;0&#8243;][vc_column column_width_percent=&#8220;100&#8243; gutter_size=&#8220;2&#8243; back_color=&#8220;color-207971&#8243; overlay_alpha=&#8220;50&#8243; border_color=&#8220;color-platinum&#8220; border_style=&#8220;solid&#8220; shift_x=&#8220;0&#8243; shift_y=&#8220;0&#8243; shift_y_down=&#8220;0&#8243; z_index=&#8220;0&#8243; medium_width=&#8220;0&#8243; mobile_width=&#8220;0&#8243; width=&#8220;1\/1&#8243; css=&#8220;.vc_custom_1618225949471{border-left-width: 2px !important;}&#8220;][uncode_breadcrumbs text_lead=&#8220;small&#8220;][vc_custom_heading auto_text=&#8220;yes&#8220; heading_semantic=&#8220;h1&#8243; text_size=&#8220;h1&#8243; text_weight=&#8220;700&#8243;]This is a custom heading element.[\/vc_custom_heading][vc_column_text uncode_shortcode_id=&#8220;531960&#8243;]Nach\u00e1z\u00ed se u k\u0159i\u0161\u0165\u00e1lov\u011b \u010dist\u00e9ho mo\u0159e a v v\u016fni borov\u00e9ho lesa \u2013 Kemp Adriatic spojuje p\u0159\u00edrodu, pohodl\u00ed a autentickou dalmatskou atmosf\u00e9ru.<br \/>\nVyberte si mezi prostorn\u00fdmi parcelami, stanov\u00fdmi z\u00f3nami nebo modern\u00edmi mobiln\u00edmi domky \u2013 v\u0161e v klidn\u00e9m prost\u0159ed\u00ed St\u0159edomo\u0159\u00ed.[\/vc_column_text][vc_column_text uncode_shortcode_id=&#8220;322517&#8243;]U\u017eijte si kilometr dlouhou pl\u00e1\u017e, obl\u00e1zkov\u00e9 z\u00e1toky, skalnat\u00e9 \u010d\u00e1sti pro opalov\u00e1n\u00ed a dv\u011b upraven\u00e9 pl\u00e1\u017ee pro psy.<br \/>\nDovolen\u00e1 je tu pro celou rodinu \u2013 zat\u00edmco si d\u011bti hraj\u00ed v bezpe\u010dn\u00e9m prost\u0159ed\u00ed h\u0159i\u0161t\u011b, rodi\u010de relaxuj\u00ed u mo\u0159e nebo spole\u010dn\u011b objevuj\u00ed kouzeln\u00fd Primo\u0161ten.[\/vc_column_text][vc_column_text uncode_shortcode_id=&#8220;122101&#8243;]O gastronomick\u00e9 z\u00e1\u017eitky se postar\u00e1 <strong>Restaurace&nbsp;<\/strong><strong>Adriatic<\/strong>&nbsp;s dalmatsk\u00fdmi a st\u0159edomo\u0159sk\u00fdmi specialitami, <strong>pl\u00e1\u017eov\u00fd bar<\/strong> u mo\u0159e a bohat\u00e1 nab\u00eddka m\u00edstn\u00edch n\u00e1poj\u016f.<br \/>\nKemp je <strong>pet-friendly<\/strong>, tak\u017ee va\u0161i mazl\u00ed\u010dci jsou v\u00edt\u00e1ni![\/vc_column_text][\/vc_column][\/vc_row][vc_row row_height_percent=&#8220;0&#8243; override_padding=&#8220;yes&#8220; h_padding=&#8220;2&#8243; top_padding=&#8220;2&#8243; bottom_padding=&#8220;2&#8243; overlay_alpha=&#8220;50&#8243; gutter_size=&#8220;3&#8243; column_width_percent=&#8220;100&#8243; shift_y=&#8220;0&#8243; z_index=&#8220;0&#8243;][vc_column width=&#8220;1\/1&#8243;][vc_gallery el_id=&#8220;gallery-542808&#8243; medias=&#8220;6968,6972,6996,6992,6988,6984,6980,9322,9317&#8243; gutter_size=&#8220;3&#8243; media_items=&#8220;media|nolink|original&#8220; screen_lg=&#8220;1000&#8243; screen_md=&#8220;600&#8243; screen_sm=&#8220;480&#8243; single_shape=&#8220;round&#8220; radius=&#8220;std&#8220; single_overlay_opacity=&#8220;60&#8243; single_overlay_anim=&#8220;no&#8220; single_image_anim=&#8220;no&#8220; single_padding=&#8220;2&#8243; single_shadow=&#8220;yes&#8220; shadow_weight=&#8220;std&#8220; single_border=&#8220;yes&#8220; single_css_animation=&#8220;top-t-bottom&#8220; uncode_shortcode_id=&#8220;177043&#8243;][\/vc_column][\/vc_row][vc_row row_height_percent=&#8220;0&#8243; override_padding=&#8220;yes&#8220; h_padding=&#8220;2&#8243; top_padding=&#8220;2&#8243; bottom_padding=&#8220;4&#8243; overlay_alpha=&#8220;50&#8243; gutter_size=&#8220;3&#8243; column_width_percent=&#8220;100&#8243; shift_y=&#8220;0&#8243; z_index=&#8220;0&#8243;][vc_column column_width_percent=&#8220;100&#8243; gutter_size=&#8220;3&#8243; back_color=&#8220;color-207971&#8243; overlay_alpha=&#8220;50&#8243; border_color=&#8220;color-platinum&#8220; border_style=&#8220;solid&#8220; shift_x=&#8220;0&#8243; shift_y=&#8220;0&#8243; shift_y_down=&#8220;0&#8243; z_index=&#8220;0&#8243; medium_width=&#8220;0&#8243; mobile_width=&#8220;0&#8243; width=&#8220;1\/1&#8243; css=&#8220;.vc_custom_1618217526773{border-left-width: 2px !important;}&#8220;][vc_custom_heading uncode_shortcode_id=&#8220;131582&#8243;]<strong>Sanit\u00e1rn\u00ed za\u0159\u00edzen\u00ed a pohodl\u00ed<\/strong>[\/vc_custom_heading][uncode_list icon=&#8220;fa fa-check&#8220; icon_color=&#8220;color-oxford&#8220; uncode_shortcode_id=&#8220;629936&#8243; icon_color_type=&#8220;uncode-palette&#8220;]<\/p>\n<ul>\n<li>\u010cty\u0159i modern\u011b vybaven\u00e9 sanit\u00e1rn\u00ed bloky<\/li>\n<li>WC pro osoby se zdravotn\u00edm posti\u017een\u00edm<\/li>\n<li>Soukrom\u00e9 koupelny<\/li>\n<li>Chemick\u00e9 WC<\/li>\n<li>Prostor pro p\u0159\u00edm\u00e9 vypou\u0161t\u011bn\u00ed z karavan\u016f<\/li>\n<li>M\u00edsto pro hygienu dom\u00e1c\u00edch mazl\u00ed\u010dk\u016f<\/li>\n<li>Ledni\u010dky pro hosty<\/li>\n<li>My\u010dky n\u00e1dob\u00ed<\/li>\n<li>Pra\u010dky na pr\u00e1dlo<\/li>\n<\/ul>\n<p>[\/uncode_list][vc_custom_heading uncode_shortcode_id=&#8220;297482&#8243;]<strong>Slu\u017eby a vybaven\u00ed<\/strong>[\/vc_custom_heading][uncode_list icon=&#8220;fa fa-check&#8220; icon_color=&#8220;color-oxford&#8220; uncode_shortcode_id=&#8220;203559&#8243; icon_color_type=&#8220;uncode-palette&#8220;]<\/p>\n<ul>\n<li>Recepce 0\u201324 h<\/li>\n<li>Obchod<\/li>\n<li>Suven\u00fdrov\u00fd obchod<\/li>\n<li>St\u00e1nek s \u010derstv\u00fdmi m\u00edstn\u00edmi produkty<\/li>\n<li>D\u011btsk\u00fd klub<\/li>\n<li>Bezdr\u00e1tov\u00fd internet v cel\u00e9m kempu<\/li>\n<\/ul>\n<p>[\/uncode_list][vc_custom_heading uncode_shortcode_id=&#8220;528719&#8243;]<strong>Sport a aktivity<\/strong>[\/vc_custom_heading][uncode_list icon=&#8220;fa fa-check&#8220; icon_color=&#8220;color-oxford&#8220; uncode_shortcode_id=&#8220;389910&#8243; icon_color_type=&#8220;uncode-palette&#8220;]<\/p>\n<ul>\n<li>P\u016fj\u010dovna kol<\/li>\n<li>P\u016fj\u010dovna aut \/ sk\u00fatr\u016f<\/li>\n<li>P\u016fj\u010dovna kajak\u016f \/ SUP\u016f \/ \u0161lapadel<\/li>\n<li>Pot\u00e1p\u011b\u010dsk\u00e9 centrum<\/li>\n<li>Aqua park<\/li>\n<li>Degustace v\u00edn<\/li>\n<\/ul>\n<p>[\/uncode_list][\/vc_column][\/vc_row]<\/p>\n<\/div>","protected":false},"excerpt":{"rendered":"<p>[vc_row row_height_percent=&#8220;0&#8243; override_padding=&#8220;yes&#8220; h_padding=&#8220;2&#8243; top_padding=&#8220;3&#8243; bottom_padding=&#8220;2&#8243; overlay_alpha=&#8220;50&#8243; gutter_size=&#8220;3&#8243; column_width_percent=&#8220;100&#8243; shift_y=&#8220;0&#8243; z_index=&#8220;0&#8243;][vc_column column_width_percent=&#8220;100&#8243; gutter_size=&#8220;2&#8243; back_color=&#8220;color-207971&#8243; overlay_alpha=&#8220;50&#8243; border_color=&#8220;color-platinum&#8220; border_style=&#8220;solid&#8220; shift_x=&#8220;0&#8243; shift_y=&#8220;0&#8243; shift_y_down=&#8220;0&#8243; [&hellip;]<\/p>\n","protected":false},"author":6,"featured_media":0,"parent":0,"menu_order":0,"comment_status":"closed","ping_status":"closed","template":"","meta":{"footnotes":""},"class_list":["post-7019","page","type-page","status-publish","hentry"],"_links":{"self":[{"href":"https:\/\/adriatik-kamp.com\/cs\/wp-json\/wp\/v2\/pages\/7019","targetHints":{"allow":["GET"]}}],"collection":[{"href":"https:\/\/adriatik-kamp.com\/cs\/wp-json\/wp\/v2\/pages"}],"about":[{"href":"https:\/\/adriatik-kamp.com\/cs\/wp-json\/wp\/v2\/types\/page"}],"author":[{"embeddable":true,"href":"https:\/\/adriatik-kamp.com\/cs\/wp-json\/wp\/v2\/users\/6"}],"replies":[{"embeddable":true,"href":"https:\/\/adriatik-kamp.com\/cs\/wp-json\/wp\/v2\/comments?post=7019"}],"version-history":[{"count":8,"href":"https:\/\/adriatik-kamp.com\/cs\/wp-json\/wp\/v2\/pages\/7019\/revisions"}],"predecessor-version":[{"id":9837,"href":"https:\/\/adriatik-kamp.com\/cs\/wp-json\/wp\/v2\/pages\/7019\/revisions\/9837"}],"wp:attachment":[{"href":"https:\/\/adriatik-kamp.com\/cs\/wp-json\/wp\/v2\/media?parent=7019"}],"curies":[{"name":"wp","href":"https:\/\/api.w.org\/{rel}","templated":true}]}}